{"id":496,"date":"2022-03-14T13:10:48","date_gmt":"2022-03-14T12:10:48","guid":{"rendered":"https:\/\/www.ms-pracsol.de\/?post_type=product&#038;p=496"},"modified":"2025-01-15T13:19:58","modified_gmt":"2025-01-15T12:19:58","slug":"heckler-koch-hk243-s-sar-223-remington","status":"publish","type":"product","link":"https:\/\/www.ms-pracsol.de\/?product=heckler-koch-hk243-s-sar-223-remington","title":{"rendered":"Heckler &#038; Koch HK243 S SAR .223 Remington"},"content":{"rendered":"<p>Das <strong>HK243 S SAR<\/strong>\u00a0ist eine halbautomatische Selbstladeb\u00fcchse im <strong>Kaliber .223 Remington<\/strong>. Das Sportgewehr basiert auf dem Design des G36.<\/p>\n<p>Es wurde speziell f\u00fcr dynamische Disziplinen konzipiert und orientiert sich am hohen Qualit\u00e4tsanspruch des milit\u00e4risch genutzten G36.<\/p>\n<p>Es handelt sich um die &#8222;Sportster Basisvariante&#8220;. Farbe: schwarz; Farbe sand zum gleichen Preis auf Anfrage ebenfalls erh\u00e4ltlich.<\/p>\n<p><strong><u>Technische Daten:<\/u><\/strong><\/p>\n<ul>\n<li><strong>Kaliber .223 Rem.<\/strong><\/li>\n<li><strong>Kaltgeh\u00e4mmertes und hartverchromtes Pr\u00e4zisionsrohr (CIP)<\/strong><\/li>\n<li><strong>Beidseitig bedienbarer Verschlussfang-, Magazinausl\u00f6se-, Sicherungs-\/Feuerwahl und Durchladehebel<\/strong><\/li>\n<\/ul>\n<p>&nbsp;<\/p>\n<p>Der Artikel ist\u00a0<strong>Neu,\u00a0Originalverpackt und ungeschossen\u00a0<\/strong>und\u00a0kann nach Zahlungseingang direkt von uns verschickt werden.<\/p>\n<p>Voraussetzung f\u00fcr das Versenden der Ware ist die Vorlage und Pr\u00fcfung der Erwerbsberechtigung.<\/p>\n<p><strong>Bitte beachten Sie, dass die Ware nur pers\u00f6nlich an Sie \u00fcbergeben werden kann.<\/strong><\/p>\n<p>Waffe ist ab Lager Lieferbar!<\/p>\n<p>&nbsp;<\/p>\n<p><strong><u>Lieferumfang:<\/u><\/strong><\/p>\n<ul>\n<li><b>HK243 S SAR .223 Rem schwarz<\/b><\/li>\n<li><b>Koffer<\/b><\/li>\n<li><b>Bedienungsanleitung<\/b><\/li>\n<\/ul>\n<p>&nbsp;<\/p>\n<p>Abgabe NUR an Inhaber einer passenden Erwerbsberechtigung!<\/p>\n<p>&nbsp;<\/p>\n<p>&nbsp;<\/p>\n","protected":false},"excerpt":{"rendered":"<p>Das HK243 S SAR\u00a0ist eine halbautomatische Selbstladeb\u00fcchse im Kaliber .223 Remington. Das Sportgewehr basiert auf dem Design des G36. Es wurde speziell f\u00fcr dynamische Disziplinen konzipiert und orientiert sich am hohen Qualit\u00e4tsanspruch des milit\u00e4risch genutzten G36. Es handelt sich um die &#8222;Sportster Basisvariante&#8220;. Farbe: schwarz; Farbe sand zum gleichen Preis auf Anfrage ebenfalls erh\u00e4ltlich. Technische&#8230;<\/p>\n<p class=\"more-link\"><a href=\"https:\/\/www.ms-pracsol.de\/?product=heckler-koch-hk243-s-sar-223-remington\" class=\"themebutton3\">Read More<\/a><\/p>\n","protected":false},"featured_media":497,"comment_status":"open","ping_status":"closed","template":"","meta":{"spay_email":"","jetpack_publicize_message":"","jetpack_is_tweetstorm":false,"jetpack_publicize_feature_enabled":true},"product_cat":[35],"product_tag":[113,115,114,100,126],"yoast_head":"<!-- This site is optimized with the Yoast SEO plugin v18.7 - https:\/\/yoast.com\/wordpress\/plugins\/seo\/ -->\n<title>Heckler &amp; Koch HK243 S SAR .223 Remington - MSPS - Schie\u00dfkurse und Waffenhandel<\/title>\n<meta name=\"robots\" content=\"index, follow, max-snippet:-1, max-image-preview:large, max-video-preview:-1\" \/>\n<link rel=\"canonical\" href=\"https:\/\/www.ms-pracsol.de\/?product=heckler-koch-hk243-s-sar-223-remington\" \/>\n<meta property=\"og:locale\" content=\"de_DE\" \/>\n<meta property=\"og:type\" content=\"article\" \/>\n<meta property=\"og:title\" content=\"Heckler &amp; Koch HK243 S SAR .223 Remington - MSPS - Schie\u00dfkurse und Waffenhandel\" \/>\n<meta property=\"og:description\" content=\"Das HK243 S SAR\u00a0ist eine halbautomatische Selbstladeb\u00fcchse im Kaliber .223 Remington. Das Sportgewehr basiert auf dem Design des G36. Es wurde speziell f\u00fcr dynamische Disziplinen konzipiert und orientiert sich am hohen Qualit\u00e4tsanspruch des milit\u00e4risch genutzten G36. Es handelt sich um die &#8222;Sportster Basisvariante&#8220;. Farbe: schwarz; Farbe sand zum gleichen Preis auf Anfrage ebenfalls erh\u00e4ltlich. Technische...Read More\" \/>\n<meta property=\"og:url\" content=\"https:\/\/www.ms-pracsol.de\/?product=heckler-koch-hk243-s-sar-223-remington\" \/>\n<meta property=\"og:site_name\" content=\"MSPS - Schie\u00dfkurse und Waffenhandel\" \/>\n<meta property=\"article:modified_time\" content=\"2025-01-15T12:19:58+00:00\" \/>\n<meta property=\"og:image\" content=\"https:\/\/www.ms-pracsol.de\/wp-content\/uploads\/2022\/03\/HK243.jpg\" \/>\n\t<meta property=\"og:image:width\" content=\"1920\" \/>\n\t<meta property=\"og:image:height\" content=\"887\" \/>\n\t<meta property=\"og:image:type\" content=\"image\/jpeg\" \/>\n<meta name=\"twitter:card\" content=\"summary_large_image\" \/>\n<meta name=\"twitter:label1\" content=\"Gesch\u00e4tzte Lesezeit\" \/>\n\t<meta name=\"twitter:data1\" content=\"1 Minute\" \/>\n<script type=\"application\/ld+json\" class=\"yoast-schema-graph\">{\"@context\":\"https:\/\/schema.org\",\"@graph\":[{\"@type\":\"WebSite\",\"@id\":\"https:\/\/www.ms-pracsol.de\/#website\",\"url\":\"https:\/\/www.ms-pracsol.de\/\",\"name\":\"MSPS - Schie\u00dfkurse und Waffenhandel\",\"description\":\"Eure Kompetenz im Ruhrgebiet\",\"potentialAction\":[{\"@type\":\"SearchAction\",\"target\":{\"@type\":\"EntryPoint\",\"urlTemplate\":\"https:\/\/www.ms-pracsol.de\/?s={search_term_string}\"},\"query-input\":\"required name=search_term_string\"}],\"inLanguage\":\"de-DE\"},{\"@type\":\"ImageObject\",\"inLanguage\":\"de-DE\",\"@id\":\"https:\/\/www.ms-pracsol.de\/?product=heckler-koch-hk243-s-sar-223-remington#primaryimage\",\"url\":\"https:\/\/i0.wp.com\/www.ms-pracsol.de\/wp-content\/uploads\/2022\/03\/HK243.jpg?fit=1920%2C887&ssl=1\",\"contentUrl\":\"https:\/\/i0.wp.com\/www.ms-pracsol.de\/wp-content\/uploads\/2022\/03\/HK243.jpg?fit=1920%2C887&ssl=1\",\"width\":1920,\"height\":887},{\"@type\":\"WebPage\",\"@id\":\"https:\/\/www.ms-pracsol.de\/?product=heckler-koch-hk243-s-sar-223-remington#webpage\",\"url\":\"https:\/\/www.ms-pracsol.de\/?product=heckler-koch-hk243-s-sar-223-remington\",\"name\":\"Heckler & Koch HK243 S SAR .223 Remington - MSPS - Schie\u00dfkurse und Waffenhandel\",\"isPartOf\":{\"@id\":\"https:\/\/www.ms-pracsol.de\/#website\"},\"primaryImageOfPage\":{\"@id\":\"https:\/\/www.ms-pracsol.de\/?product=heckler-koch-hk243-s-sar-223-remington#primaryimage\"},\"datePublished\":\"2022-03-14T12:10:48+00:00\",\"dateModified\":\"2025-01-15T12:19:58+00:00\",\"breadcrumb\":{\"@id\":\"https:\/\/www.ms-pracsol.de\/?product=heckler-koch-hk243-s-sar-223-remington#breadcrumb\"},\"inLanguage\":\"de-DE\",\"potentialAction\":[{\"@type\":\"ReadAction\",\"target\":[\"https:\/\/www.ms-pracsol.de\/?product=heckler-koch-hk243-s-sar-223-remington\"]}]},{\"@type\":\"BreadcrumbList\",\"@id\":\"https:\/\/www.ms-pracsol.de\/?product=heckler-koch-hk243-s-sar-223-remington#breadcrumb\",\"itemListElement\":[{\"@type\":\"ListItem\",\"position\":1,\"name\":\"Startseite\",\"item\":\"https:\/\/www.ms-pracsol.de\/\"},{\"@type\":\"ListItem\",\"position\":2,\"name\":\"Shop\",\"item\":\"https:\/\/www.ms-pracsol.de\/?page_id=55\"},{\"@type\":\"ListItem\",\"position\":3,\"name\":\"Heckler &#038; Koch HK243 S SAR .223 Remington\"}]}]}<\/script>\n<!-- \/ Yoast SEO plugin. -->","yoast_head_json":{"title":"Heckler & Koch HK243 S SAR .223 Remington - MSPS - Schie\u00dfkurse und Waffenhandel","robots":{"index":"index","follow":"follow","max-snippet":"max-snippet:-1","max-image-preview":"max-image-preview:large","max-video-preview":"max-video-preview:-1"},"canonical":"https:\/\/www.ms-pracsol.de\/?product=heckler-koch-hk243-s-sar-223-remington","og_locale":"de_DE","og_type":"article","og_title":"Heckler & Koch HK243 S SAR .223 Remington - MSPS - Schie\u00dfkurse und Waffenhandel","og_description":"Das HK243 S SAR\u00a0ist eine halbautomatische Selbstladeb\u00fcchse im Kaliber .223 Remington. Das Sportgewehr basiert auf dem Design des G36. Es wurde speziell f\u00fcr dynamische Disziplinen konzipiert und orientiert sich am hohen Qualit\u00e4tsanspruch des milit\u00e4risch genutzten G36. Es handelt sich um die &#8222;Sportster Basisvariante&#8220;. Farbe: schwarz; Farbe sand zum gleichen Preis auf Anfrage ebenfalls erh\u00e4ltlich. Technische...Read More","og_url":"https:\/\/www.ms-pracsol.de\/?product=heckler-koch-hk243-s-sar-223-remington","og_site_name":"MSPS - Schie\u00dfkurse und Waffenhandel","article_modified_time":"2025-01-15T12:19:58+00:00","og_image":[{"width":1920,"height":887,"url":"https:\/\/www.ms-pracsol.de\/wp-content\/uploads\/2022\/03\/HK243.jpg","type":"image\/jpeg"}],"twitter_card":"summary_large_image","twitter_misc":{"Gesch\u00e4tzte Lesezeit":"1 Minute"},"schema":{"@context":"https:\/\/schema.org","@graph":[{"@type":"WebSite","@id":"https:\/\/www.ms-pracsol.de\/#website","url":"https:\/\/www.ms-pracsol.de\/","name":"MSPS - Schie\u00dfkurse und Waffenhandel","description":"Eure Kompetenz im Ruhrgebiet","potentialAction":[{"@type":"SearchAction","target":{"@type":"EntryPoint","urlTemplate":"https:\/\/www.ms-pracsol.de\/?s={search_term_string}"},"query-input":"required name=search_term_string"}],"inLanguage":"de-DE"},{"@type":"ImageObject","inLanguage":"de-DE","@id":"https:\/\/www.ms-pracsol.de\/?product=heckler-koch-hk243-s-sar-223-remington#primaryimage","url":"https:\/\/i0.wp.com\/www.ms-pracsol.de\/wp-content\/uploads\/2022\/03\/HK243.jpg?fit=1920%2C887&ssl=1","contentUrl":"https:\/\/i0.wp.com\/www.ms-pracsol.de\/wp-content\/uploads\/2022\/03\/HK243.jpg?fit=1920%2C887&ssl=1","width":1920,"height":887},{"@type":"WebPage","@id":"https:\/\/www.ms-pracsol.de\/?product=heckler-koch-hk243-s-sar-223-remington#webpage","url":"https:\/\/www.ms-pracsol.de\/?product=heckler-koch-hk243-s-sar-223-remington","name":"Heckler & Koch HK243 S SAR .223 Remington - MSPS - Schie\u00dfkurse und Waffenhandel","isPartOf":{"@id":"https:\/\/www.ms-pracsol.de\/#website"},"primaryImageOfPage":{"@id":"https:\/\/www.ms-pracsol.de\/?product=heckler-koch-hk243-s-sar-223-remington#primaryimage"},"datePublished":"2022-03-14T12:10:48+00:00","dateModified":"2025-01-15T12:19:58+00:00","breadcrumb":{"@id":"https:\/\/www.ms-pracsol.de\/?product=heckler-koch-hk243-s-sar-223-remington#breadcrumb"},"inLanguage":"de-DE","potentialAction":[{"@type":"ReadAction","target":["https:\/\/www.ms-pracsol.de\/?product=heckler-koch-hk243-s-sar-223-remington"]}]},{"@type":"BreadcrumbList","@id":"https:\/\/www.ms-pracsol.de\/?product=heckler-koch-hk243-s-sar-223-remington#breadcrumb","itemListElement":[{"@type":"ListItem","position":1,"name":"Startseite","item":"https:\/\/www.ms-pracsol.de\/"},{"@type":"ListItem","position":2,"name":"Shop","item":"https:\/\/www.ms-pracsol.de\/?page_id=55"},{"@type":"ListItem","position":3,"name":"Heckler &#038; Koch HK243 S SAR .223 Remington"}]}]}},"_links":{"self":[{"href":"https:\/\/www.ms-pracsol.de\/index.php?rest_route=\/wp\/v2\/product\/496"}],"collection":[{"href":"https:\/\/www.ms-pracsol.de\/index.php?rest_route=\/wp\/v2\/product"}],"about":[{"href":"https:\/\/www.ms-pracsol.de\/index.php?rest_route=\/wp\/v2\/types\/product"}],"replies":[{"embeddable":true,"href":"https:\/\/www.ms-pracsol.de\/index.php?rest_route=%2Fwp%2Fv2%2Fcomments&post=496"}],"wp:featuredmedia":[{"embeddable":true,"href":"https:\/\/www.ms-pracsol.de\/index.php?rest_route=\/wp\/v2\/media\/497"}],"wp:attachment":[{"href":"https:\/\/www.ms-pracsol.de\/index.php?rest_route=%2Fwp%2Fv2%2Fmedia&parent=496"}],"wp:term":[{"taxonomy":"product_cat","embeddable":true,"href":"https:\/\/www.ms-pracsol.de\/index.php?rest_route=%2Fwp%2Fv2%2Fproduct_cat&post=496"},{"taxonomy":"product_tag","embeddable":true,"href":"https:\/\/www.ms-pracsol.de\/index.php?rest_route=%2Fwp%2Fv2%2Fproduct_tag&post=496"}],"curies":[{"name":"wp","href":"https:\/\/api.w.org\/{rel}","templated":true}]}}