{"id":486,"date":"2022-02-21T13:07:54","date_gmt":"2022-02-21T12:07:54","guid":{"rendered":"https:\/\/www.ms-pracsol.de\/?post_type=product&#038;p=486"},"modified":"2025-01-15T13:20:15","modified_gmt":"2025-01-15T12:20:15","slug":"heckler-koch-mr223-a3-165-223-schwarz","status":"publish","type":"product","link":"https:\/\/www.ms-pracsol.de\/?product=heckler-koch-mr223-a3-165-223-schwarz","title":{"rendered":"Heckler &#038; Koch MR223 A3 16,5&#8243; .223 schwarz"},"content":{"rendered":"<p>Das MR223 A3 zeichnet sich durch herausragende Funktionssicherheit aus \u2013 sein Gassystem wurde f\u00fcr milit\u00e4rische Einsatzzwecke entwickelt und hat sich in der Milit\u00e4rtechnik \u00fcber Jahre hinweg bew\u00e4hrt.<\/p>\n<p>Das Antriebssystem reduziert die \u00fcblichen Schmutzablagerungen auf ein Minimum.<\/p>\n<p>&nbsp;<\/p>\n<p><strong><u>Technische Daten:<\/u><\/strong><\/p>\n<ul>\n<li><strong>Kaliber .223 Rem.<\/strong><\/li>\n<li><strong>freischwingender Lauf \u2013 hohe Pr\u00e4zision<\/strong><\/li>\n<li><strong>Hartverchromter\u00a0Lauf<\/strong><\/li>\n<li><strong>Slim Line Handschutz mit HKey-Schnittstellen<\/strong><\/li>\n<li><strong>sechsstufig l\u00e4ngenverstellbare Schulterst\u00fctze<\/strong><\/li>\n<li><strong>indirekter Gasdrucklader (Kurzhub-Gaskolben)<\/strong><\/li>\n<li><strong>Gewicht: 3,89 kg<\/strong><\/li>\n<li><strong>Laufl\u00e4nge: 420 mm<\/strong><\/li>\n<li><strong>L\u00e4nge min.\/max.: ca. 852\/ 948 mm<\/strong><\/li>\n<li><strong>Magazinkapazit\u00e4t: 10 Schuss<\/strong><\/li>\n<li><strong>Beidseitiger Magazinausl\u00f6sehebel<\/strong><\/li>\n<li><strong>Beidseitiger Verschlussfanghebel<\/strong><\/li>\n<li><strong>verbreiterter Durchladehebel<\/strong><\/li>\n<li><strong>beidseitige Aufnahme f\u00fcr Gewehriemen an der CastleNut<\/strong><\/li>\n<\/ul>\n<p>&nbsp;<\/p>\n<p><strong><u>Lieferumfang:<\/u><\/strong><\/p>\n<ul>\n<li><strong>MR223 A3 &#8211; 16,5&#8243; sandfarben<\/strong><\/li>\n<li><strong>original HK Magazin (10 Schuss) aus Metall<\/strong><\/li>\n<li><strong>Gebrauchsanweisung (englisch)<\/strong><\/li>\n<li><strong>Schraubendreher<\/strong><\/li>\n<li><strong>HK Waffenkoffer mit Logo<\/strong><\/li>\n<li><strong>Heckler &amp; Koch klappbare Stahlvisierung<\/strong><\/li>\n<\/ul>\n<p>&nbsp;<\/p>\n<p>Abgabe NUR an Inhaber einer passenden Erwerbsberechtigung!<\/p>\n<p>&nbsp;<\/p>\n<p>Erwerb auf Gr\u00fcne WBK, Jahresjagdschein, WHL, Rote WBK m\u00f6glich (mit entsprechenden Vermerken in der jeweiligen EWB).<\/p>\n","protected":false},"excerpt":{"rendered":"<p>Das MR223 A3 zeichnet sich durch herausragende Funktionssicherheit aus \u2013 sein Gassystem wurde f\u00fcr milit\u00e4rische Einsatzzwecke entwickelt und hat sich in der Milit\u00e4rtechnik \u00fcber Jahre hinweg bew\u00e4hrt. Das Antriebssystem reduziert die \u00fcblichen Schmutzablagerungen auf ein Minimum. &nbsp; Technische Daten: Kaliber .223 Rem. freischwingender Lauf \u2013 hohe Pr\u00e4zision Hartverchromter\u00a0Lauf Slim Line Handschutz mit HKey-Schnittstellen sechsstufig l\u00e4ngenverstellbare&#8230;<\/p>\n<p class=\"more-link\"><a href=\"https:\/\/www.ms-pracsol.de\/?product=heckler-koch-mr223-a3-165-223-schwarz\" class=\"themebutton3\">Read More<\/a><\/p>\n","protected":false},"featured_media":481,"comment_status":"open","ping_status":"closed","template":"","meta":{"spay_email":"","jetpack_publicize_message":"","jetpack_is_tweetstorm":false,"jetpack_publicize_feature_enabled":true},"product_cat":[35],"product_tag":[113,115,114,125,100,122,121,123,124],"yoast_head":"<!-- This site is optimized with the Yoast SEO plugin v18.7 - https:\/\/yoast.com\/wordpress\/plugins\/seo\/ -->\n<title>Heckler &amp; Koch MR223 A3 16,5&quot; .223 schwarz - MSPS - Schie\u00dfkurse und Waffenhandel<\/title>\n<meta name=\"robots\" content=\"index, follow, max-snippet:-1, max-image-preview:large, max-video-preview:-1\" \/>\n<link rel=\"canonical\" href=\"https:\/\/www.ms-pracsol.de\/?product=heckler-koch-mr223-a3-165-223-schwarz\" \/>\n<meta property=\"og:locale\" content=\"de_DE\" \/>\n<meta property=\"og:type\" content=\"article\" \/>\n<meta property=\"og:title\" content=\"Heckler &amp; Koch MR223 A3 16,5&quot; .223 schwarz - MSPS - Schie\u00dfkurse und Waffenhandel\" \/>\n<meta property=\"og:description\" content=\"Das MR223 A3 zeichnet sich durch herausragende Funktionssicherheit aus \u2013 sein Gassystem wurde f\u00fcr milit\u00e4rische Einsatzzwecke entwickelt und hat sich in der Milit\u00e4rtechnik \u00fcber Jahre hinweg bew\u00e4hrt. Das Antriebssystem reduziert die \u00fcblichen Schmutzablagerungen auf ein Minimum. &nbsp; Technische Daten: Kaliber .223 Rem. freischwingender Lauf \u2013 hohe Pr\u00e4zision Hartverchromter\u00a0Lauf Slim Line Handschutz mit HKey-Schnittstellen sechsstufig l\u00e4ngenverstellbare...Read More\" \/>\n<meta property=\"og:url\" content=\"https:\/\/www.ms-pracsol.de\/?product=heckler-koch-mr223-a3-165-223-schwarz\" \/>\n<meta property=\"og:site_name\" content=\"MSPS - Schie\u00dfkurse und Waffenhandel\" \/>\n<meta property=\"article:modified_time\" content=\"2025-01-15T12:20:15+00:00\" \/>\n<meta property=\"og:image\" content=\"https:\/\/www.ms-pracsol.de\/wp-content\/uploads\/2022\/02\/HK_MR223_165_schwarz.png\" \/>\n\t<meta property=\"og:image:width\" content=\"740\" \/>\n\t<meta property=\"og:image:height\" content=\"211\" \/>\n\t<meta property=\"og:image:type\" content=\"image\/png\" \/>\n<meta name=\"twitter:card\" content=\"summary_large_image\" \/>\n<meta name=\"twitter:label1\" content=\"Gesch\u00e4tzte Lesezeit\" \/>\n\t<meta name=\"twitter:data1\" content=\"1 Minute\" \/>\n<script type=\"application\/ld+json\" class=\"yoast-schema-graph\">{\"@context\":\"https:\/\/schema.org\",\"@graph\":[{\"@type\":\"WebSite\",\"@id\":\"https:\/\/www.ms-pracsol.de\/#website\",\"url\":\"https:\/\/www.ms-pracsol.de\/\",\"name\":\"MSPS - Schie\u00dfkurse und Waffenhandel\",\"description\":\"Eure Kompetenz im Ruhrgebiet\",\"potentialAction\":[{\"@type\":\"SearchAction\",\"target\":{\"@type\":\"EntryPoint\",\"urlTemplate\":\"https:\/\/www.ms-pracsol.de\/?s={search_term_string}\"},\"query-input\":\"required name=search_term_string\"}],\"inLanguage\":\"de-DE\"},{\"@type\":\"ImageObject\",\"inLanguage\":\"de-DE\",\"@id\":\"https:\/\/www.ms-pracsol.de\/?product=heckler-koch-mr223-a3-165-223-schwarz#primaryimage\",\"url\":\"https:\/\/i0.wp.com\/www.ms-pracsol.de\/wp-content\/uploads\/2022\/02\/HK_MR223_165_schwarz.png?fit=740%2C211&ssl=1\",\"contentUrl\":\"https:\/\/i0.wp.com\/www.ms-pracsol.de\/wp-content\/uploads\/2022\/02\/HK_MR223_165_schwarz.png?fit=740%2C211&ssl=1\",\"width\":740,\"height\":211},{\"@type\":\"WebPage\",\"@id\":\"https:\/\/www.ms-pracsol.de\/?product=heckler-koch-mr223-a3-165-223-schwarz#webpage\",\"url\":\"https:\/\/www.ms-pracsol.de\/?product=heckler-koch-mr223-a3-165-223-schwarz\",\"name\":\"Heckler & Koch MR223 A3 16,5\\\" .223 schwarz - MSPS - Schie\u00dfkurse und Waffenhandel\",\"isPartOf\":{\"@id\":\"https:\/\/www.ms-pracsol.de\/#website\"},\"primaryImageOfPage\":{\"@id\":\"https:\/\/www.ms-pracsol.de\/?product=heckler-koch-mr223-a3-165-223-schwarz#primaryimage\"},\"datePublished\":\"2022-02-21T12:07:54+00:00\",\"dateModified\":\"2025-01-15T12:20:15+00:00\",\"breadcrumb\":{\"@id\":\"https:\/\/www.ms-pracsol.de\/?product=heckler-koch-mr223-a3-165-223-schwarz#breadcrumb\"},\"inLanguage\":\"de-DE\",\"potentialAction\":[{\"@type\":\"ReadAction\",\"target\":[\"https:\/\/www.ms-pracsol.de\/?product=heckler-koch-mr223-a3-165-223-schwarz\"]}]},{\"@type\":\"BreadcrumbList\",\"@id\":\"https:\/\/www.ms-pracsol.de\/?product=heckler-koch-mr223-a3-165-223-schwarz#breadcrumb\",\"itemListElement\":[{\"@type\":\"ListItem\",\"position\":1,\"name\":\"Startseite\",\"item\":\"https:\/\/www.ms-pracsol.de\/\"},{\"@type\":\"ListItem\",\"position\":2,\"name\":\"Shop\",\"item\":\"https:\/\/www.ms-pracsol.de\/?page_id=55\"},{\"@type\":\"ListItem\",\"position\":3,\"name\":\"Heckler &#038; Koch MR223 A3 16,5&#8243; .223 schwarz\"}]}]}<\/script>\n<!-- \/ Yoast SEO plugin. -->","yoast_head_json":{"title":"Heckler & Koch MR223 A3 16,5\" .223 schwarz - MSPS - Schie\u00dfkurse und Waffenhandel","robots":{"index":"index","follow":"follow","max-snippet":"max-snippet:-1","max-image-preview":"max-image-preview:large","max-video-preview":"max-video-preview:-1"},"canonical":"https:\/\/www.ms-pracsol.de\/?product=heckler-koch-mr223-a3-165-223-schwarz","og_locale":"de_DE","og_type":"article","og_title":"Heckler & Koch MR223 A3 16,5\" .223 schwarz - MSPS - Schie\u00dfkurse und Waffenhandel","og_description":"Das MR223 A3 zeichnet sich durch herausragende Funktionssicherheit aus \u2013 sein Gassystem wurde f\u00fcr milit\u00e4rische Einsatzzwecke entwickelt und hat sich in der Milit\u00e4rtechnik \u00fcber Jahre hinweg bew\u00e4hrt. Das Antriebssystem reduziert die \u00fcblichen Schmutzablagerungen auf ein Minimum. &nbsp; Technische Daten: Kaliber .223 Rem. freischwingender Lauf \u2013 hohe Pr\u00e4zision Hartverchromter\u00a0Lauf Slim Line Handschutz mit HKey-Schnittstellen sechsstufig l\u00e4ngenverstellbare...Read More","og_url":"https:\/\/www.ms-pracsol.de\/?product=heckler-koch-mr223-a3-165-223-schwarz","og_site_name":"MSPS - Schie\u00dfkurse und Waffenhandel","article_modified_time":"2025-01-15T12:20:15+00:00","og_image":[{"width":740,"height":211,"url":"https:\/\/www.ms-pracsol.de\/wp-content\/uploads\/2022\/02\/HK_MR223_165_schwarz.png","type":"image\/png"}],"twitter_card":"summary_large_image","twitter_misc":{"Gesch\u00e4tzte Lesezeit":"1 Minute"},"schema":{"@context":"https:\/\/schema.org","@graph":[{"@type":"WebSite","@id":"https:\/\/www.ms-pracsol.de\/#website","url":"https:\/\/www.ms-pracsol.de\/","name":"MSPS - Schie\u00dfkurse und Waffenhandel","description":"Eure Kompetenz im Ruhrgebiet","potentialAction":[{"@type":"SearchAction","target":{"@type":"EntryPoint","urlTemplate":"https:\/\/www.ms-pracsol.de\/?s={search_term_string}"},"query-input":"required name=search_term_string"}],"inLanguage":"de-DE"},{"@type":"ImageObject","inLanguage":"de-DE","@id":"https:\/\/www.ms-pracsol.de\/?product=heckler-koch-mr223-a3-165-223-schwarz#primaryimage","url":"https:\/\/i0.wp.com\/www.ms-pracsol.de\/wp-content\/uploads\/2022\/02\/HK_MR223_165_schwarz.png?fit=740%2C211&ssl=1","contentUrl":"https:\/\/i0.wp.com\/www.ms-pracsol.de\/wp-content\/uploads\/2022\/02\/HK_MR223_165_schwarz.png?fit=740%2C211&ssl=1","width":740,"height":211},{"@type":"WebPage","@id":"https:\/\/www.ms-pracsol.de\/?product=heckler-koch-mr223-a3-165-223-schwarz#webpage","url":"https:\/\/www.ms-pracsol.de\/?product=heckler-koch-mr223-a3-165-223-schwarz","name":"Heckler & Koch MR223 A3 16,5\" .223 schwarz - MSPS - Schie\u00dfkurse und Waffenhandel","isPartOf":{"@id":"https:\/\/www.ms-pracsol.de\/#website"},"primaryImageOfPage":{"@id":"https:\/\/www.ms-pracsol.de\/?product=heckler-koch-mr223-a3-165-223-schwarz#primaryimage"},"datePublished":"2022-02-21T12:07:54+00:00","dateModified":"2025-01-15T12:20:15+00:00","breadcrumb":{"@id":"https:\/\/www.ms-pracsol.de\/?product=heckler-koch-mr223-a3-165-223-schwarz#breadcrumb"},"inLanguage":"de-DE","potentialAction":[{"@type":"ReadAction","target":["https:\/\/www.ms-pracsol.de\/?product=heckler-koch-mr223-a3-165-223-schwarz"]}]},{"@type":"BreadcrumbList","@id":"https:\/\/www.ms-pracsol.de\/?product=heckler-koch-mr223-a3-165-223-schwarz#breadcrumb","itemListElement":[{"@type":"ListItem","position":1,"name":"Startseite","item":"https:\/\/www.ms-pracsol.de\/"},{"@type":"ListItem","position":2,"name":"Shop","item":"https:\/\/www.ms-pracsol.de\/?page_id=55"},{"@type":"ListItem","position":3,"name":"Heckler &#038; Koch MR223 A3 16,5&#8243; .223 schwarz"}]}]}},"_links":{"self":[{"href":"https:\/\/www.ms-pracsol.de\/index.php?rest_route=\/wp\/v2\/product\/486"}],"collection":[{"href":"https:\/\/www.ms-pracsol.de\/index.php?rest_route=\/wp\/v2\/product"}],"about":[{"href":"https:\/\/www.ms-pracsol.de\/index.php?rest_route=\/wp\/v2\/types\/product"}],"replies":[{"embeddable":true,"href":"https:\/\/www.ms-pracsol.de\/index.php?rest_route=%2Fwp%2Fv2%2Fcomments&post=486"}],"wp:featuredmedia":[{"embeddable":true,"href":"https:\/\/www.ms-pracsol.de\/index.php?rest_route=\/wp\/v2\/media\/481"}],"wp:attachment":[{"href":"https:\/\/www.ms-pracsol.de\/index.php?rest_route=%2Fwp%2Fv2%2Fmedia&parent=486"}],"wp:term":[{"taxonomy":"product_cat","embeddable":true,"href":"https:\/\/www.ms-pracsol.de\/index.php?rest_route=%2Fwp%2Fv2%2Fproduct_cat&post=486"},{"taxonomy":"product_tag","embeddable":true,"href":"https:\/\/www.ms-pracsol.de\/index.php?rest_route=%2Fwp%2Fv2%2Fproduct_tag&post=486"}],"curies":[{"name":"wp","href":"https:\/\/api.w.org\/{rel}","templated":true}]}}