{"id":483,"date":"2022-02-21T12:39:51","date_gmt":"2022-02-21T11:39:51","guid":{"rendered":"https:\/\/www.ms-pracsol.de\/?post_type=product&#038;p=483"},"modified":"2022-07-13T07:28:31","modified_gmt":"2022-07-13T05:28:31","slug":"cz-scorpion-evo-3-s1-carbine","status":"publish","type":"product","link":"https:\/\/www.ms-pracsol.de\/?product=cz-scorpion-evo-3-s1-carbine","title":{"rendered":"CZ Scorpion Evo 3 S1 Carbine"},"content":{"rendered":"<p><em>Abgabe nur an Inhaber einer passenden Erwerbserlaubnis.<\/em><\/p>\n<p><strong>Mit der CZ Selbstladeb\u00fcchse Scorpion Evo 3 werden neue Ma\u00dfst\u00e4be unter den Pistolenkarabinern f\u00fcr moderne Sportdisziplinen gesetzt.<\/strong><\/p>\n<p><strong>Ein BKA Freistellungsbescheid f\u00fcr die sportliche Verwendung ist vorhanden.<\/strong><\/p>\n<p>Die Selbstladekarabiner wurden von Grund auf eigenst\u00e4ndig von CZ konstruiert und auf sportliches Schie\u00dfen optimiert. Ihr deutlich niedrigeres Gewicht, die \u00fcberzeugende Ergonomie, Pr\u00e4zision, extreme Funktionssicherheit unter allen Temperatur- und Umweltbedingungen, intuitive Bedienbarkeit, einfache Demontage und au\u00dferordentlich schnelles Nachladen sind hier besonders hervorzuheben.<\/p>\n<p>Im Polizei- und Milit\u00e4rbereich konnte die Scorpion Evo 3 bereits weltweit die \u00e4u\u00dferst anspruchsvollen Anwender \u00fcberzeugen. Die darauf aufbauende Version f\u00fcr Sportsch\u00fctzen ist die ideale Waffe im idealen Kaliber 9 mm Luger f\u00fcr moderne Schie\u00dfsportdisziplinen oder das Hobbyschie\u00dfen.<\/p>\n<p><strong>Rahmen aus hochbest\u00e4ndigem Polymer<\/strong><br \/>\nDurch das hochbest\u00e4ndige und glasfaserverst\u00e4rkte Polymer wird eine hervorragende mechanische Best\u00e4ndigkeit und hohe Lebensdauer bei gleichzeitig geringem Gewicht erreicht.<\/p>\n<p><strong>Einfach erreichbarer Verschlussfanghebel<\/strong><br \/>\nDer ergonomisch angeordnete Verschlussfanghebel erm\u00f6glicht ein schnelles Durchladen. Er kann intuitiv mit dem Daumen &#8211; nachdem ein neues volles Magazin eingelegt wurde &#8211; oder bequem mit dem Zeigefinger beim Linkssch\u00fctzen bet\u00e4tigt werden.<\/p>\n<p><strong>Axial verstellbarer Pistolengriff<\/strong><br \/>\nDer axial verstellbare Pistolengriff gew\u00e4hrleistet eine bequeme und komfortable Erreichbarkeit des Abzugs.<\/p>\n<p><strong>Klappbare Schulterst\u00fctze<\/strong><br \/>\nDie aus hochbest\u00e4ndigem Polymer hergestellte Schulterst\u00fctze ist l\u00e4ngenverstellbar und erm\u00f6glicht es, den optimalen Anschlag je nach k\u00f6rperlicher Konstitution oder taktischem Zubeh\u00f6r zu w\u00e4hlen. Der Abzug ist auch beim zusammengeklappten Schaft bequem erreichbar.<\/p>\n<p><strong>Magazintrichter<\/strong><br \/>\nEr f\u00fchrt das Magazin sicher in die Waffe ein, so wird die Geschwindigkeit gerade bei dynamischen Schie\u00dfsportdisziplinen drastisch erh\u00f6ht.<\/p>\n<p><strong>Einfache Konstruktion<\/strong><br \/>\nDie einfache Konstruktion des dynamischen, im ausbaubaren Abzugsgeh\u00e4use gef\u00fchrten, Verschlusses gew\u00e4hrleistet die sichere Funktion und vereinfacht die Wartung der Waffe.<\/p>\n<p><strong>M\u00f6gliche Erwerbsberechtigung:<\/strong>\u00a0gr\u00fcne WBK mit Voreintrag, g\u00fcltiger Jahresjagdschein, passende rote WBK, oder WHL.<br \/>\nDiese Waffe ist zum sportlichen Schie\u00dfen\u00a0zugelassen.<\/p>\n<p>&nbsp;<\/p>\n<p><strong class=\"fr-detail-description__headline\">Technische Daten<\/strong><\/p>\n<ul>\n<li>Laufl\u00e4nge: 16&#8243; \/ 406 mm<\/li>\n<li>Kaliber: 9 mm Luger<\/li>\n<li>Magazinkapazit\u00e4t: 10 Patronen<\/li>\n<li>kaltgeh\u00e4mmerter Lauf<\/li>\n<li>Gewicht ohne Magazin: 2,87 kg<\/li>\n<li>H\u00f6he: 215 mm<\/li>\n<li>L\u00e4nge: 875 mm eingeklappt \/ 915 mm ausgeklappt<\/li>\n<li>Breite: 60 mm<\/li>\n<li>unverriegelter Masse-Verschluss<\/li>\n<li>Abzugsgewicht: 40-45 N<\/li>\n<\/ul>\n<p>&nbsp;<\/p>\n<p><strong>Weitere Features<\/strong><\/p>\n<ul>\n<li>MIL-STD-1913 Schienen f\u00fcr das Anbringen von praktischem Zubeh\u00f6r<\/li>\n<li>beidh\u00e4ndig zu bedienender Verschlusshebel<\/li>\n<li>Magazintrichter f\u00fcr schnelles Nachladen<\/li>\n<li>Klappschaft (Lauf und Geh\u00e4use sind l\u00e4nger als 600 mm, was der EU-Richtliniendefinition f\u00fcr Langwaffen entspricht)<\/li>\n<li>inklusive 10-Schuss-Magazin<\/li>\n<\/ul>\n<p>&nbsp;<\/p>\n<p><strong>Lieferumfang:<\/strong><\/p>\n<p>CZ Scorpion Evo 3 S1 Carbine<br \/>\nOriginalverpackung<br \/>\n2x Magazin 10 Schuss<br \/>\nhochwertiges Reinigungsset<br \/>\nfeststehende Diopter Visierung, 4 verschiedene<br \/>\ndigitale Anschussscheibe<br \/>\nBedienungsanleitung (deutsch) mit Schmierstellenplan<\/p>\n<p>&nbsp;<\/p>\n<p>&nbsp;<\/p>\n<p>&nbsp;<\/p>\n<p>&nbsp;<\/p>\n","protected":false},"excerpt":{"rendered":"<p>Abgabe nur an Inhaber einer passenden Erwerbserlaubnis. Mit der CZ Selbstladeb\u00fcchse Scorpion Evo 3 werden neue Ma\u00dfst\u00e4be unter den Pistolenkarabinern f\u00fcr moderne Sportdisziplinen gesetzt. Ein BKA Freistellungsbescheid f\u00fcr die sportliche Verwendung ist vorhanden. Die Selbstladekarabiner wurden von Grund auf eigenst\u00e4ndig von CZ konstruiert und auf sportliches Schie\u00dfen optimiert. Ihr deutlich niedrigeres Gewicht, die \u00fcberzeugende Ergonomie,&#8230;<\/p>\n<p class=\"more-link\"><a href=\"https:\/\/www.ms-pracsol.de\/?product=cz-scorpion-evo-3-s1-carbine\" class=\"themebutton3\">Read More<\/a><\/p>\n","protected":false},"featured_media":484,"comment_status":"open","ping_status":"closed","template":"","meta":{"spay_email":"","jetpack_publicize_message":"","jetpack_is_tweetstorm":false,"jetpack_publicize_feature_enabled":true},"product_cat":[117,119,35],"product_tag":[],"yoast_head":"<!-- This site is optimized with the Yoast SEO plugin v18.7 - https:\/\/yoast.com\/wordpress\/plugins\/seo\/ -->\n<title>CZ Scorpion Evo 3 S1 Carbine - MSPS - Schie\u00dfkurse und Waffenhandel<\/title>\n<meta name=\"robots\" content=\"index, follow, max-snippet:-1, max-image-preview:large, max-video-preview:-1\" \/>\n<link rel=\"canonical\" href=\"https:\/\/www.ms-pracsol.de\/?product=cz-scorpion-evo-3-s1-carbine\" \/>\n<meta property=\"og:locale\" content=\"de_DE\" \/>\n<meta property=\"og:type\" content=\"article\" \/>\n<meta property=\"og:title\" content=\"CZ Scorpion Evo 3 S1 Carbine - MSPS - Schie\u00dfkurse und Waffenhandel\" \/>\n<meta property=\"og:description\" content=\"Abgabe nur an Inhaber einer passenden Erwerbserlaubnis. Mit der CZ Selbstladeb\u00fcchse Scorpion Evo 3 werden neue Ma\u00dfst\u00e4be unter den Pistolenkarabinern f\u00fcr moderne Sportdisziplinen gesetzt. Ein BKA Freistellungsbescheid f\u00fcr die sportliche Verwendung ist vorhanden. Die Selbstladekarabiner wurden von Grund auf eigenst\u00e4ndig von CZ konstruiert und auf sportliches Schie\u00dfen optimiert. Ihr deutlich niedrigeres Gewicht, die \u00fcberzeugende Ergonomie,...Read More\" \/>\n<meta property=\"og:url\" content=\"https:\/\/www.ms-pracsol.de\/?product=cz-scorpion-evo-3-s1-carbine\" \/>\n<meta property=\"og:site_name\" content=\"MSPS - Schie\u00dfkurse und Waffenhandel\" \/>\n<meta property=\"article:modified_time\" content=\"2022-07-13T05:28:31+00:00\" \/>\n<meta property=\"og:image\" content=\"https:\/\/i0.wp.com\/www.ms-pracsol.de\/wp-content\/uploads\/2022\/02\/CZ_EVO_Carbine.png?fit=1000%2C300&#038;ssl=1\" \/>\n\t<meta property=\"og:image:width\" content=\"1000\" \/>\n\t<meta property=\"og:image:height\" content=\"300\" \/>\n\t<meta property=\"og:image:type\" content=\"image\/png\" \/>\n<meta name=\"twitter:card\" content=\"summary_large_image\" \/>\n<meta name=\"twitter:label1\" content=\"Gesch\u00e4tzte Lesezeit\" \/>\n\t<meta name=\"twitter:data1\" content=\"2 Minuten\" \/>\n<script type=\"application\/ld+json\" class=\"yoast-schema-graph\">{\"@context\":\"https:\/\/schema.org\",\"@graph\":[{\"@type\":\"WebSite\",\"@id\":\"https:\/\/www.ms-pracsol.de\/#website\",\"url\":\"https:\/\/www.ms-pracsol.de\/\",\"name\":\"MSPS - Schie\u00dfkurse und Waffenhandel\",\"description\":\"Eure Kompetenz im Ruhrgebiet\",\"potentialAction\":[{\"@type\":\"SearchAction\",\"target\":{\"@type\":\"EntryPoint\",\"urlTemplate\":\"https:\/\/www.ms-pracsol.de\/?s={search_term_string}\"},\"query-input\":\"required name=search_term_string\"}],\"inLanguage\":\"de-DE\"},{\"@type\":\"ImageObject\",\"inLanguage\":\"de-DE\",\"@id\":\"https:\/\/www.ms-pracsol.de\/?product=cz-scorpion-evo-3-s1-carbine#primaryimage\",\"url\":\"https:\/\/i0.wp.com\/www.ms-pracsol.de\/wp-content\/uploads\/2022\/02\/CZ_EVO_Carbine.png?fit=1000%2C300&ssl=1\",\"contentUrl\":\"https:\/\/i0.wp.com\/www.ms-pracsol.de\/wp-content\/uploads\/2022\/02\/CZ_EVO_Carbine.png?fit=1000%2C300&ssl=1\",\"width\":1000,\"height\":300},{\"@type\":\"WebPage\",\"@id\":\"https:\/\/www.ms-pracsol.de\/?product=cz-scorpion-evo-3-s1-carbine#webpage\",\"url\":\"https:\/\/www.ms-pracsol.de\/?product=cz-scorpion-evo-3-s1-carbine\",\"name\":\"CZ Scorpion Evo 3 S1 Carbine - MSPS - Schie\u00dfkurse und Waffenhandel\",\"isPartOf\":{\"@id\":\"https:\/\/www.ms-pracsol.de\/#website\"},\"primaryImageOfPage\":{\"@id\":\"https:\/\/www.ms-pracsol.de\/?product=cz-scorpion-evo-3-s1-carbine#primaryimage\"},\"datePublished\":\"2022-02-21T11:39:51+00:00\",\"dateModified\":\"2022-07-13T05:28:31+00:00\",\"breadcrumb\":{\"@id\":\"https:\/\/www.ms-pracsol.de\/?product=cz-scorpion-evo-3-s1-carbine#breadcrumb\"},\"inLanguage\":\"de-DE\",\"potentialAction\":[{\"@type\":\"ReadAction\",\"target\":[\"https:\/\/www.ms-pracsol.de\/?product=cz-scorpion-evo-3-s1-carbine\"]}]},{\"@type\":\"BreadcrumbList\",\"@id\":\"https:\/\/www.ms-pracsol.de\/?product=cz-scorpion-evo-3-s1-carbine#breadcrumb\",\"itemListElement\":[{\"@type\":\"ListItem\",\"position\":1,\"name\":\"Startseite\",\"item\":\"https:\/\/www.ms-pracsol.de\/\"},{\"@type\":\"ListItem\",\"position\":2,\"name\":\"Shop\",\"item\":\"https:\/\/www.ms-pracsol.de\/?page_id=55\"},{\"@type\":\"ListItem\",\"position\":3,\"name\":\"CZ Scorpion Evo 3 S1 Carbine\"}]}]}<\/script>\n<!-- \/ Yoast SEO plugin. -->","yoast_head_json":{"title":"CZ Scorpion Evo 3 S1 Carbine - MSPS - Schie\u00dfkurse und Waffenhandel","robots":{"index":"index","follow":"follow","max-snippet":"max-snippet:-1","max-image-preview":"max-image-preview:large","max-video-preview":"max-video-preview:-1"},"canonical":"https:\/\/www.ms-pracsol.de\/?product=cz-scorpion-evo-3-s1-carbine","og_locale":"de_DE","og_type":"article","og_title":"CZ Scorpion Evo 3 S1 Carbine - MSPS - Schie\u00dfkurse und Waffenhandel","og_description":"Abgabe nur an Inhaber einer passenden Erwerbserlaubnis. Mit der CZ Selbstladeb\u00fcchse Scorpion Evo 3 werden neue Ma\u00dfst\u00e4be unter den Pistolenkarabinern f\u00fcr moderne Sportdisziplinen gesetzt. Ein BKA Freistellungsbescheid f\u00fcr die sportliche Verwendung ist vorhanden. Die Selbstladekarabiner wurden von Grund auf eigenst\u00e4ndig von CZ konstruiert und auf sportliches Schie\u00dfen optimiert. Ihr deutlich niedrigeres Gewicht, die \u00fcberzeugende Ergonomie,...Read More","og_url":"https:\/\/www.ms-pracsol.de\/?product=cz-scorpion-evo-3-s1-carbine","og_site_name":"MSPS - Schie\u00dfkurse und Waffenhandel","article_modified_time":"2022-07-13T05:28:31+00:00","og_image":[{"width":1000,"height":300,"url":"https:\/\/i0.wp.com\/www.ms-pracsol.de\/wp-content\/uploads\/2022\/02\/CZ_EVO_Carbine.png?fit=1000%2C300&ssl=1","type":"image\/png"}],"twitter_card":"summary_large_image","twitter_misc":{"Gesch\u00e4tzte Lesezeit":"2 Minuten"},"schema":{"@context":"https:\/\/schema.org","@graph":[{"@type":"WebSite","@id":"https:\/\/www.ms-pracsol.de\/#website","url":"https:\/\/www.ms-pracsol.de\/","name":"MSPS - Schie\u00dfkurse und Waffenhandel","description":"Eure Kompetenz im Ruhrgebiet","potentialAction":[{"@type":"SearchAction","target":{"@type":"EntryPoint","urlTemplate":"https:\/\/www.ms-pracsol.de\/?s={search_term_string}"},"query-input":"required name=search_term_string"}],"inLanguage":"de-DE"},{"@type":"ImageObject","inLanguage":"de-DE","@id":"https:\/\/www.ms-pracsol.de\/?product=cz-scorpion-evo-3-s1-carbine#primaryimage","url":"https:\/\/i0.wp.com\/www.ms-pracsol.de\/wp-content\/uploads\/2022\/02\/CZ_EVO_Carbine.png?fit=1000%2C300&ssl=1","contentUrl":"https:\/\/i0.wp.com\/www.ms-pracsol.de\/wp-content\/uploads\/2022\/02\/CZ_EVO_Carbine.png?fit=1000%2C300&ssl=1","width":1000,"height":300},{"@type":"WebPage","@id":"https:\/\/www.ms-pracsol.de\/?product=cz-scorpion-evo-3-s1-carbine#webpage","url":"https:\/\/www.ms-pracsol.de\/?product=cz-scorpion-evo-3-s1-carbine","name":"CZ Scorpion Evo 3 S1 Carbine - MSPS - Schie\u00dfkurse und Waffenhandel","isPartOf":{"@id":"https:\/\/www.ms-pracsol.de\/#website"},"primaryImageOfPage":{"@id":"https:\/\/www.ms-pracsol.de\/?product=cz-scorpion-evo-3-s1-carbine#primaryimage"},"datePublished":"2022-02-21T11:39:51+00:00","dateModified":"2022-07-13T05:28:31+00:00","breadcrumb":{"@id":"https:\/\/www.ms-pracsol.de\/?product=cz-scorpion-evo-3-s1-carbine#breadcrumb"},"inLanguage":"de-DE","potentialAction":[{"@type":"ReadAction","target":["https:\/\/www.ms-pracsol.de\/?product=cz-scorpion-evo-3-s1-carbine"]}]},{"@type":"BreadcrumbList","@id":"https:\/\/www.ms-pracsol.de\/?product=cz-scorpion-evo-3-s1-carbine#breadcrumb","itemListElement":[{"@type":"ListItem","position":1,"name":"Startseite","item":"https:\/\/www.ms-pracsol.de\/"},{"@type":"ListItem","position":2,"name":"Shop","item":"https:\/\/www.ms-pracsol.de\/?page_id=55"},{"@type":"ListItem","position":3,"name":"CZ Scorpion Evo 3 S1 Carbine"}]}]}},"_links":{"self":[{"href":"https:\/\/www.ms-pracsol.de\/index.php?rest_route=\/wp\/v2\/product\/483"}],"collection":[{"href":"https:\/\/www.ms-pracsol.de\/index.php?rest_route=\/wp\/v2\/product"}],"about":[{"href":"https:\/\/www.ms-pracsol.de\/index.php?rest_route=\/wp\/v2\/types\/product"}],"replies":[{"embeddable":true,"href":"https:\/\/www.ms-pracsol.de\/index.php?rest_route=%2Fwp%2Fv2%2Fcomments&post=483"}],"wp:featuredmedia":[{"embeddable":true,"href":"https:\/\/www.ms-pracsol.de\/index.php?rest_route=\/wp\/v2\/media\/484"}],"wp:attachment":[{"href":"https:\/\/www.ms-pracsol.de\/index.php?rest_route=%2Fwp%2Fv2%2Fmedia&parent=483"}],"wp:term":[{"taxonomy":"product_cat","embeddable":true,"href":"https:\/\/www.ms-pracsol.de\/index.php?rest_route=%2Fwp%2Fv2%2Fproduct_cat&post=483"},{"taxonomy":"product_tag","embeddable":true,"href":"https:\/\/www.ms-pracsol.de\/index.php?rest_route=%2Fwp%2Fv2%2Fproduct_tag&post=483"}],"curies":[{"name":"wp","href":"https:\/\/api.w.org\/{rel}","templated":true}]}}