{"id":461,"date":"2022-02-10T12:18:18","date_gmt":"2022-02-10T11:18:18","guid":{"rendered":"https:\/\/www.ms-pracsol.de\/?post_type=product&#038;p=461"},"modified":"2022-02-10T14:48:52","modified_gmt":"2022-02-10T13:48:52","slug":"walther-ppq-classic-b-9mm-luger","status":"publish","type":"product","link":"https:\/\/www.ms-pracsol.de\/?product=walther-ppq-classic-b-9mm-luger","title":{"rendered":"Walther PPQ Classic-B 9mm Luger"},"content":{"rendered":"<p><strong>Abgabe nur an Inhaber einer passenden Erwerbserlaubnis.<\/strong><\/p>\n<p>&nbsp;<\/p>\n<p><strong>Merkmale:<\/strong><\/p>\n<ul class=\"fr-selling-points\">\n<li class=\"fr-selling-point\">Kaliber: 9mm Luger (9&#215;19)<\/li>\n<li>Abzug: Quick Defense, vorgespannt<\/li>\n<li>Visierung: Stahlvisier mit Phosphor 3-Dot<\/li>\n<li>Picatinny-Schiene<\/li>\n<li>beidseitiger, langer Schlittenfanghebel<\/li>\n<li>Hi-Grip-Oberfl\u00e4che im Handbereich<\/li>\n<li>drei auswechselbare Griffgr\u00f6\u00dfen<\/li>\n<\/ul>\n<p>&nbsp;<\/p>\n<div class=\"fr-detail-description__content\">\n<p>Perfekte Ergonomie und das neu entwickelte Quick Defense-Abzugsystem &#8211; die PPQ erf\u00fcllt alle Anspr\u00fcche an eine moderne Pistole.<\/p>\n<p>Neu entwickelt wurde der QUICK DEFENSE-Abzug, der zusammen mit dem vorgespannten Schlagbolzenschloss jederzeit eine schnelle und sichere Schussabgabe bei gleichbleibendem Abzugweg sowie Abzuggewicht vom ersten bis zum letzten Schuss erlaubt. Der sehr kurze Re-Set Weg des Abzuges entspricht den Forderungen der IPSC-Sportsch\u00fctzen. Das Mittelz\u00fcngel im Abzug dient als zus\u00e4tzliche, passive Fallsicherung. Zusammen mit den anderen, automatischen Sicherungen bietet die Pistole so ein H\u00f6chstma\u00df an Sicherheit.<\/p>\n<\/div>\n<div class=\"fr-detail-description__bullet-points\">\n<div class=\"fr-space--20\"><\/div>\n<p><strong class=\"fr-detail-description__headline\">Technische Daten<\/strong><\/p>\n<ul>\n<li>Kaliber: 9 mm Luger<\/li>\n<li>Magazinkapazit\u00e4t: 15 Patronen<\/li>\n<li>Lauf: Polygon<\/li>\n<li>Gewicht: 695 g<\/li>\n<\/ul>\n<\/div>\n<p>&nbsp;<\/p>\n<p>&nbsp;<\/p>\n<p>&nbsp;<\/p>\n<p><strong>Lieferumfang:<\/strong><\/p>\n<ul>\n<li>Walther PPQ Classic-B im Kaliber 9mm Luger<\/li>\n<li>Kunststoffkoffer<\/li>\n<li>1x Magazin 9mm Luger, 15 Schuss<\/li>\n<li>Griffr\u00fccken in Small (S) und Large (L)<\/li>\n<\/ul>\n<p>&nbsp;<\/p>\n<p>&nbsp;<\/p>\n<p>&nbsp;<\/p>\n","protected":false},"excerpt":{"rendered":"<p>Abgabe nur an Inhaber einer passenden Erwerbserlaubnis. &nbsp; Merkmale: Kaliber: 9mm Luger (9&#215;19) Abzug: Quick Defense, vorgespannt Visierung: Stahlvisier mit Phosphor 3-Dot Picatinny-Schiene beidseitiger, langer Schlittenfanghebel Hi-Grip-Oberfl\u00e4che im Handbereich drei auswechselbare Griffgr\u00f6\u00dfen &nbsp; Perfekte Ergonomie und das neu entwickelte Quick Defense-Abzugsystem &#8211; die PPQ erf\u00fcllt alle Anspr\u00fcche an eine moderne Pistole. Neu entwickelt wurde der&#8230;<\/p>\n<p class=\"more-link\"><a href=\"https:\/\/www.ms-pracsol.de\/?product=walther-ppq-classic-b-9mm-luger\" class=\"themebutton3\">Read More<\/a><\/p>\n","protected":false},"featured_media":464,"comment_status":"open","ping_status":"closed","template":"","meta":{"spay_email":"","jetpack_publicize_message":"","jetpack_is_tweetstorm":false,"jetpack_publicize_feature_enabled":true},"product_cat":[117,118,34],"product_tag":[103,102,105,116,70],"yoast_head":"<!-- This site is optimized with the Yoast SEO plugin v18.7 - https:\/\/yoast.com\/wordpress\/plugins\/seo\/ -->\n<title>Walther PPQ Classic-B 9mm Luger - MSPS - Schie\u00dfkurse und Waffenhandel<\/title>\n<meta name=\"robots\" content=\"index, follow, max-snippet:-1, max-image-preview:large, max-video-preview:-1\" \/>\n<link rel=\"canonical\" href=\"https:\/\/www.ms-pracsol.de\/?product=walther-ppq-classic-b-9mm-luger\" \/>\n<meta property=\"og:locale\" content=\"de_DE\" \/>\n<meta property=\"og:type\" content=\"article\" \/>\n<meta property=\"og:title\" content=\"Walther PPQ Classic-B 9mm Luger - MSPS - Schie\u00dfkurse und Waffenhandel\" \/>\n<meta property=\"og:description\" content=\"Abgabe nur an Inhaber einer passenden Erwerbserlaubnis. &nbsp; Merkmale: Kaliber: 9mm Luger (9&#215;19) Abzug: Quick Defense, vorgespannt Visierung: Stahlvisier mit Phosphor 3-Dot Picatinny-Schiene beidseitiger, langer Schlittenfanghebel Hi-Grip-Oberfl\u00e4che im Handbereich drei auswechselbare Griffgr\u00f6\u00dfen &nbsp; Perfekte Ergonomie und das neu entwickelte Quick Defense-Abzugsystem &#8211; die PPQ erf\u00fcllt alle Anspr\u00fcche an eine moderne Pistole. Neu entwickelt wurde der...Read More\" \/>\n<meta property=\"og:url\" content=\"https:\/\/www.ms-pracsol.de\/?product=walther-ppq-classic-b-9mm-luger\" \/>\n<meta property=\"og:site_name\" content=\"MSPS - Schie\u00dfkurse und Waffenhandel\" \/>\n<meta property=\"article:modified_time\" content=\"2022-02-10T13:48:52+00:00\" \/>\n<meta property=\"og:image\" content=\"https:\/\/www.ms-pracsol.de\/wp-content\/uploads\/2022\/02\/PPQ_3.png\" \/>\n\t<meta property=\"og:image:width\" content=\"1000\" \/>\n\t<meta property=\"og:image:height\" content=\"1000\" \/>\n\t<meta property=\"og:image:type\" content=\"image\/png\" \/>\n<meta name=\"twitter:card\" content=\"summary_large_image\" \/>\n<meta name=\"twitter:label1\" content=\"Gesch\u00e4tzte Lesezeit\" \/>\n\t<meta name=\"twitter:data1\" content=\"1 Minute\" \/>\n<script type=\"application\/ld+json\" class=\"yoast-schema-graph\">{\"@context\":\"https:\/\/schema.org\",\"@graph\":[{\"@type\":\"WebSite\",\"@id\":\"https:\/\/www.ms-pracsol.de\/#website\",\"url\":\"https:\/\/www.ms-pracsol.de\/\",\"name\":\"MSPS - Schie\u00dfkurse und Waffenhandel\",\"description\":\"Eure Kompetenz im Ruhrgebiet\",\"potentialAction\":[{\"@type\":\"SearchAction\",\"target\":{\"@type\":\"EntryPoint\",\"urlTemplate\":\"https:\/\/www.ms-pracsol.de\/?s={search_term_string}\"},\"query-input\":\"required name=search_term_string\"}],\"inLanguage\":\"de-DE\"},{\"@type\":\"ImageObject\",\"inLanguage\":\"de-DE\",\"@id\":\"https:\/\/www.ms-pracsol.de\/?product=walther-ppq-classic-b-9mm-luger#primaryimage\",\"url\":\"https:\/\/i0.wp.com\/www.ms-pracsol.de\/wp-content\/uploads\/2022\/02\/PPQ_3.png?fit=1000%2C1000&ssl=1\",\"contentUrl\":\"https:\/\/i0.wp.com\/www.ms-pracsol.de\/wp-content\/uploads\/2022\/02\/PPQ_3.png?fit=1000%2C1000&ssl=1\",\"width\":1000,\"height\":1000},{\"@type\":\"WebPage\",\"@id\":\"https:\/\/www.ms-pracsol.de\/?product=walther-ppq-classic-b-9mm-luger#webpage\",\"url\":\"https:\/\/www.ms-pracsol.de\/?product=walther-ppq-classic-b-9mm-luger\",\"name\":\"Walther PPQ Classic-B 9mm Luger - MSPS - Schie\u00dfkurse und Waffenhandel\",\"isPartOf\":{\"@id\":\"https:\/\/www.ms-pracsol.de\/#website\"},\"primaryImageOfPage\":{\"@id\":\"https:\/\/www.ms-pracsol.de\/?product=walther-ppq-classic-b-9mm-luger#primaryimage\"},\"datePublished\":\"2022-02-10T11:18:18+00:00\",\"dateModified\":\"2022-02-10T13:48:52+00:00\",\"breadcrumb\":{\"@id\":\"https:\/\/www.ms-pracsol.de\/?product=walther-ppq-classic-b-9mm-luger#breadcrumb\"},\"inLanguage\":\"de-DE\",\"potentialAction\":[{\"@type\":\"ReadAction\",\"target\":[\"https:\/\/www.ms-pracsol.de\/?product=walther-ppq-classic-b-9mm-luger\"]}]},{\"@type\":\"BreadcrumbList\",\"@id\":\"https:\/\/www.ms-pracsol.de\/?product=walther-ppq-classic-b-9mm-luger#breadcrumb\",\"itemListElement\":[{\"@type\":\"ListItem\",\"position\":1,\"name\":\"Startseite\",\"item\":\"https:\/\/www.ms-pracsol.de\/\"},{\"@type\":\"ListItem\",\"position\":2,\"name\":\"Shop\",\"item\":\"https:\/\/www.ms-pracsol.de\/?page_id=55\"},{\"@type\":\"ListItem\",\"position\":3,\"name\":\"Walther PPQ Classic-B 9mm Luger\"}]}]}<\/script>\n<!-- \/ Yoast SEO plugin. -->","yoast_head_json":{"title":"Walther PPQ Classic-B 9mm Luger - MSPS - Schie\u00dfkurse und Waffenhandel","robots":{"index":"index","follow":"follow","max-snippet":"max-snippet:-1","max-image-preview":"max-image-preview:large","max-video-preview":"max-video-preview:-1"},"canonical":"https:\/\/www.ms-pracsol.de\/?product=walther-ppq-classic-b-9mm-luger","og_locale":"de_DE","og_type":"article","og_title":"Walther PPQ Classic-B 9mm Luger - MSPS - Schie\u00dfkurse und Waffenhandel","og_description":"Abgabe nur an Inhaber einer passenden Erwerbserlaubnis. &nbsp; Merkmale: Kaliber: 9mm Luger (9&#215;19) Abzug: Quick Defense, vorgespannt Visierung: Stahlvisier mit Phosphor 3-Dot Picatinny-Schiene beidseitiger, langer Schlittenfanghebel Hi-Grip-Oberfl\u00e4che im Handbereich drei auswechselbare Griffgr\u00f6\u00dfen &nbsp; Perfekte Ergonomie und das neu entwickelte Quick Defense-Abzugsystem &#8211; die PPQ erf\u00fcllt alle Anspr\u00fcche an eine moderne Pistole. Neu entwickelt wurde der...Read More","og_url":"https:\/\/www.ms-pracsol.de\/?product=walther-ppq-classic-b-9mm-luger","og_site_name":"MSPS - Schie\u00dfkurse und Waffenhandel","article_modified_time":"2022-02-10T13:48:52+00:00","og_image":[{"width":1000,"height":1000,"url":"https:\/\/www.ms-pracsol.de\/wp-content\/uploads\/2022\/02\/PPQ_3.png","type":"image\/png"}],"twitter_card":"summary_large_image","twitter_misc":{"Gesch\u00e4tzte Lesezeit":"1 Minute"},"schema":{"@context":"https:\/\/schema.org","@graph":[{"@type":"WebSite","@id":"https:\/\/www.ms-pracsol.de\/#website","url":"https:\/\/www.ms-pracsol.de\/","name":"MSPS - Schie\u00dfkurse und Waffenhandel","description":"Eure Kompetenz im Ruhrgebiet","potentialAction":[{"@type":"SearchAction","target":{"@type":"EntryPoint","urlTemplate":"https:\/\/www.ms-pracsol.de\/?s={search_term_string}"},"query-input":"required name=search_term_string"}],"inLanguage":"de-DE"},{"@type":"ImageObject","inLanguage":"de-DE","@id":"https:\/\/www.ms-pracsol.de\/?product=walther-ppq-classic-b-9mm-luger#primaryimage","url":"https:\/\/i0.wp.com\/www.ms-pracsol.de\/wp-content\/uploads\/2022\/02\/PPQ_3.png?fit=1000%2C1000&ssl=1","contentUrl":"https:\/\/i0.wp.com\/www.ms-pracsol.de\/wp-content\/uploads\/2022\/02\/PPQ_3.png?fit=1000%2C1000&ssl=1","width":1000,"height":1000},{"@type":"WebPage","@id":"https:\/\/www.ms-pracsol.de\/?product=walther-ppq-classic-b-9mm-luger#webpage","url":"https:\/\/www.ms-pracsol.de\/?product=walther-ppq-classic-b-9mm-luger","name":"Walther PPQ Classic-B 9mm Luger - MSPS - Schie\u00dfkurse und Waffenhandel","isPartOf":{"@id":"https:\/\/www.ms-pracsol.de\/#website"},"primaryImageOfPage":{"@id":"https:\/\/www.ms-pracsol.de\/?product=walther-ppq-classic-b-9mm-luger#primaryimage"},"datePublished":"2022-02-10T11:18:18+00:00","dateModified":"2022-02-10T13:48:52+00:00","breadcrumb":{"@id":"https:\/\/www.ms-pracsol.de\/?product=walther-ppq-classic-b-9mm-luger#breadcrumb"},"inLanguage":"de-DE","potentialAction":[{"@type":"ReadAction","target":["https:\/\/www.ms-pracsol.de\/?product=walther-ppq-classic-b-9mm-luger"]}]},{"@type":"BreadcrumbList","@id":"https:\/\/www.ms-pracsol.de\/?product=walther-ppq-classic-b-9mm-luger#breadcrumb","itemListElement":[{"@type":"ListItem","position":1,"name":"Startseite","item":"https:\/\/www.ms-pracsol.de\/"},{"@type":"ListItem","position":2,"name":"Shop","item":"https:\/\/www.ms-pracsol.de\/?page_id=55"},{"@type":"ListItem","position":3,"name":"Walther PPQ Classic-B 9mm Luger"}]}]}},"_links":{"self":[{"href":"https:\/\/www.ms-pracsol.de\/index.php?rest_route=\/wp\/v2\/product\/461"}],"collection":[{"href":"https:\/\/www.ms-pracsol.de\/index.php?rest_route=\/wp\/v2\/product"}],"about":[{"href":"https:\/\/www.ms-pracsol.de\/index.php?rest_route=\/wp\/v2\/types\/product"}],"replies":[{"embeddable":true,"href":"https:\/\/www.ms-pracsol.de\/index.php?rest_route=%2Fwp%2Fv2%2Fcomments&post=461"}],"wp:featuredmedia":[{"embeddable":true,"href":"https:\/\/www.ms-pracsol.de\/index.php?rest_route=\/wp\/v2\/media\/464"}],"wp:attachment":[{"href":"https:\/\/www.ms-pracsol.de\/index.php?rest_route=%2Fwp%2Fv2%2Fmedia&parent=461"}],"wp:term":[{"taxonomy":"product_cat","embeddable":true,"href":"https:\/\/www.ms-pracsol.de\/index.php?rest_route=%2Fwp%2Fv2%2Fproduct_cat&post=461"},{"taxonomy":"product_tag","embeddable":true,"href":"https:\/\/www.ms-pracsol.de\/index.php?rest_route=%2Fwp%2Fv2%2Fproduct_tag&post=461"}],"curies":[{"name":"wp","href":"https:\/\/api.w.org\/{rel}","templated":true}]}}