{"id":457,"date":"2022-02-10T11:57:29","date_gmt":"2022-02-10T10:57:29","guid":{"rendered":"https:\/\/www.ms-pracsol.de\/?post_type=product&#038;p=457"},"modified":"2022-02-10T14:30:49","modified_gmt":"2022-02-10T13:30:49","slug":"heckler-koch-sfp9-9mm-luger","status":"publish","type":"product","link":"https:\/\/www.ms-pracsol.de\/?product=heckler-koch-sfp9-9mm-luger","title":{"rendered":"Heckler &#038; Koch SFP9 9mm Luger"},"content":{"rendered":"<p><strong>Abgabe nur an Inhaber einer passenden Erwerbserlaubnis.<\/strong><\/p>\n<p>&nbsp;<\/p>\n<p><strong>Merkmale:<\/strong><\/p>\n<ul class=\"fr-selling-points\">\n<li class=\"fr-selling-point\">Kaliber: 9mm Luger (9&#215;19)<\/li>\n<li>Anz\u00fcndsicherheit auf gleichem Niveau wie Hahnpistolen<\/li>\n<li>Abzugs-, Schlagbolzen- und Demontagesicherung<\/li>\n<li>Vollst\u00e4ndig vorgespanntes System<\/li>\n<li>Special Forces SF-Abzug (20-25 N)<\/li>\n<li>Optimale Griffst\u00fcckergonomie<\/li>\n<li>Funktionsgarantie f\u00fcr alle Munitionstypen nach NATO und TR<\/li>\n<li>Funktionsgarantie f\u00fcr die Zuladung von Zubeh\u00f6r bis 160 g an der Picatinny-Schiene<\/li>\n<li>Beidseitig bedienbar<\/li>\n<li>Austauschbare Griffst\u00fccke<\/li>\n<li>Nachleuchtende Visierung<\/li>\n<\/ul>\n<p>&nbsp;<\/p>\n<div class=\"fr-detail-description__content\">\n<p>Die moderne SFP9 Schlagbolzenschlosspistole ist ein voll vorgespanntes System mit Single Action Abzug im Kaliber 9 mm x 19. Die Pistole verf\u00fcgt serienm\u00e4\u00dfig \u00fcber einzigartige Charakteristika und innovative Details. Patentierte Durchladehilfen im hinteren Verschlussbereich vereinfachen und unterst\u00fctzen ein verletzungsfreies Durchladen. Die Demontage der Pistole erfolgt werkzeuglos und bietet h\u00f6chste Sicherheit zur Vermeidung von Unf\u00e4llen durch einen erzwungenen Handlungsablauf. Ohne Entnahme des Magazins ist eine Zerlegung der Waffe unm\u00f6glich. Entgegen vergleichbaren Pistolenmodelle entspannt die Waffe automatisch beim Zerlegen. Zudem muss der Abzug vor dem Demontagevorgang nicht bet\u00e4tigt werden. Magazin und Ergonomiekonzept der P30 wurden auf die neue Pistolenserie \u00fcbertragen. Die SFP9 verwendet nicht nur P30 Magazine, sondern mittels tauschbarer Griffr\u00fccken und Griffschalen stehen auch diesem Modell insgesamt 27 Kombinationsm\u00f6glichkeiten zur individuellen Griffgestaltung zur Verf\u00fcgung. Die exzellente Abzugscharakteristik f\u00f6rdert h\u00f6chste Pr\u00e4zision bei schnellen Schussfolgen. Sie basiert auf einem ausgewogenen Verh\u00e4ltnis aus Handlage, geringem Abzugswiderstand sowie kurzem Abzugs- und R\u00fcckstellweg.<\/p>\n<\/div>\n<div class=\"fr-detail-description__bullet-points\">\n<div class=\"fr-space--20\"><\/div>\n<p><strong class=\"fr-detail-description__headline\">Technische Daten<\/strong><\/p>\n<ul>\n<li>Kaliber: 9 mm Luger<\/li>\n<li>Special Forces SF-Abzug (20-25 N)<\/li>\n<li>Abzugssystem: SA (Single Action)<\/li>\n<li>Gewicht mit Magazin: ca. 710g<\/li>\n<li>L\u00e4nge: ca. 186 mm<\/li>\n<li>Breite: ca. 33 mm<\/li>\n<li>H\u00f6he: ca. 137 mm<\/li>\n<li>Visierabstand: ca. 162 mm<\/li>\n<li>2x Magazine (15-Schuss)<\/li>\n<\/ul>\n<\/div>\n<p>&nbsp;<\/p>\n<p>&nbsp;<\/p>\n<p>UVP des Herstellers: 849,00\u20ac<\/p>\n","protected":false},"excerpt":{"rendered":"<p>Abgabe nur an Inhaber einer passenden Erwerbserlaubnis. &nbsp; Merkmale: Kaliber: 9mm Luger (9&#215;19) Anz\u00fcndsicherheit auf gleichem Niveau wie Hahnpistolen Abzugs-, Schlagbolzen- und Demontagesicherung Vollst\u00e4ndig vorgespanntes System Special Forces SF-Abzug (20-25 N) Optimale Griffst\u00fcckergonomie Funktionsgarantie f\u00fcr alle Munitionstypen nach NATO und TR Funktionsgarantie f\u00fcr die Zuladung von Zubeh\u00f6r bis 160 g an der Picatinny-Schiene Beidseitig bedienbar&#8230;<\/p>\n<p class=\"more-link\"><a href=\"https:\/\/www.ms-pracsol.de\/?product=heckler-koch-sfp9-9mm-luger\" class=\"themebutton3\">Read More<\/a><\/p>\n","protected":false},"featured_media":458,"comment_status":"open","ping_status":"closed","template":"","meta":{"spay_email":"","jetpack_publicize_message":"","jetpack_is_tweetstorm":false,"jetpack_publicize_feature_enabled":true},"product_cat":[117,118,34],"product_tag":[103,102,98,100,104,97,99,105,101],"yoast_head":"<!-- This site is optimized with the Yoast SEO plugin v18.7 - https:\/\/yoast.com\/wordpress\/plugins\/seo\/ -->\n<title>Heckler &amp; Koch SFP9 9mm Luger - MSPS - Schie\u00dfkurse und Waffenhandel<\/title>\n<meta name=\"robots\" content=\"index, follow, max-snippet:-1, max-image-preview:large, max-video-preview:-1\" \/>\n<link rel=\"canonical\" href=\"https:\/\/www.ms-pracsol.de\/?product=heckler-koch-sfp9-9mm-luger\" \/>\n<meta property=\"og:locale\" content=\"de_DE\" \/>\n<meta property=\"og:type\" content=\"article\" \/>\n<meta property=\"og:title\" content=\"Heckler &amp; Koch SFP9 9mm Luger - MSPS - Schie\u00dfkurse und Waffenhandel\" \/>\n<meta property=\"og:description\" content=\"Abgabe nur an Inhaber einer passenden Erwerbserlaubnis. &nbsp; Merkmale: Kaliber: 9mm Luger (9&#215;19) Anz\u00fcndsicherheit auf gleichem Niveau wie Hahnpistolen Abzugs-, Schlagbolzen- und Demontagesicherung Vollst\u00e4ndig vorgespanntes System Special Forces SF-Abzug (20-25 N) Optimale Griffst\u00fcckergonomie Funktionsgarantie f\u00fcr alle Munitionstypen nach NATO und TR Funktionsgarantie f\u00fcr die Zuladung von Zubeh\u00f6r bis 160 g an der Picatinny-Schiene Beidseitig bedienbar...Read More\" \/>\n<meta property=\"og:url\" content=\"https:\/\/www.ms-pracsol.de\/?product=heckler-koch-sfp9-9mm-luger\" \/>\n<meta property=\"og:site_name\" content=\"MSPS - Schie\u00dfkurse und Waffenhandel\" \/>\n<meta property=\"article:modified_time\" content=\"2022-02-10T13:30:49+00:00\" \/>\n<meta property=\"og:image\" content=\"https:\/\/www.ms-pracsol.de\/wp-content\/uploads\/2022\/02\/csm_SFP9_re__04_e10d17e874.png\" \/>\n\t<meta property=\"og:image:width\" content=\"461\" \/>\n\t<meta property=\"og:image:height\" content=\"348\" \/>\n\t<meta property=\"og:image:type\" content=\"image\/png\" \/>\n<meta name=\"twitter:card\" content=\"summary_large_image\" \/>\n<meta name=\"twitter:label1\" content=\"Gesch\u00e4tzte Lesezeit\" \/>\n\t<meta name=\"twitter:data1\" content=\"1 Minute\" \/>\n<script type=\"application\/ld+json\" class=\"yoast-schema-graph\">{\"@context\":\"https:\/\/schema.org\",\"@graph\":[{\"@type\":\"WebSite\",\"@id\":\"https:\/\/www.ms-pracsol.de\/#website\",\"url\":\"https:\/\/www.ms-pracsol.de\/\",\"name\":\"MSPS - Schie\u00dfkurse und Waffenhandel\",\"description\":\"Eure Kompetenz im Ruhrgebiet\",\"potentialAction\":[{\"@type\":\"SearchAction\",\"target\":{\"@type\":\"EntryPoint\",\"urlTemplate\":\"https:\/\/www.ms-pracsol.de\/?s={search_term_string}\"},\"query-input\":\"required name=search_term_string\"}],\"inLanguage\":\"de-DE\"},{\"@type\":\"ImageObject\",\"inLanguage\":\"de-DE\",\"@id\":\"https:\/\/www.ms-pracsol.de\/?product=heckler-koch-sfp9-9mm-luger#primaryimage\",\"url\":\"https:\/\/i0.wp.com\/www.ms-pracsol.de\/wp-content\/uploads\/2022\/02\/csm_SFP9_re__04_e10d17e874.png?fit=461%2C348&ssl=1\",\"contentUrl\":\"https:\/\/i0.wp.com\/www.ms-pracsol.de\/wp-content\/uploads\/2022\/02\/csm_SFP9_re__04_e10d17e874.png?fit=461%2C348&ssl=1\",\"width\":461,\"height\":348},{\"@type\":\"WebPage\",\"@id\":\"https:\/\/www.ms-pracsol.de\/?product=heckler-koch-sfp9-9mm-luger#webpage\",\"url\":\"https:\/\/www.ms-pracsol.de\/?product=heckler-koch-sfp9-9mm-luger\",\"name\":\"Heckler & Koch SFP9 9mm Luger - MSPS - Schie\u00dfkurse und Waffenhandel\",\"isPartOf\":{\"@id\":\"https:\/\/www.ms-pracsol.de\/#website\"},\"primaryImageOfPage\":{\"@id\":\"https:\/\/www.ms-pracsol.de\/?product=heckler-koch-sfp9-9mm-luger#primaryimage\"},\"datePublished\":\"2022-02-10T10:57:29+00:00\",\"dateModified\":\"2022-02-10T13:30:49+00:00\",\"breadcrumb\":{\"@id\":\"https:\/\/www.ms-pracsol.de\/?product=heckler-koch-sfp9-9mm-luger#breadcrumb\"},\"inLanguage\":\"de-DE\",\"potentialAction\":[{\"@type\":\"ReadAction\",\"target\":[\"https:\/\/www.ms-pracsol.de\/?product=heckler-koch-sfp9-9mm-luger\"]}]},{\"@type\":\"BreadcrumbList\",\"@id\":\"https:\/\/www.ms-pracsol.de\/?product=heckler-koch-sfp9-9mm-luger#breadcrumb\",\"itemListElement\":[{\"@type\":\"ListItem\",\"position\":1,\"name\":\"Startseite\",\"item\":\"https:\/\/www.ms-pracsol.de\/\"},{\"@type\":\"ListItem\",\"position\":2,\"name\":\"Shop\",\"item\":\"https:\/\/www.ms-pracsol.de\/?page_id=55\"},{\"@type\":\"ListItem\",\"position\":3,\"name\":\"Heckler &#038; Koch SFP9 9mm Luger\"}]}]}<\/script>\n<!-- \/ Yoast SEO plugin. -->","yoast_head_json":{"title":"Heckler & Koch SFP9 9mm Luger - MSPS - Schie\u00dfkurse und Waffenhandel","robots":{"index":"index","follow":"follow","max-snippet":"max-snippet:-1","max-image-preview":"max-image-preview:large","max-video-preview":"max-video-preview:-1"},"canonical":"https:\/\/www.ms-pracsol.de\/?product=heckler-koch-sfp9-9mm-luger","og_locale":"de_DE","og_type":"article","og_title":"Heckler & Koch SFP9 9mm Luger - MSPS - Schie\u00dfkurse und Waffenhandel","og_description":"Abgabe nur an Inhaber einer passenden Erwerbserlaubnis. &nbsp; Merkmale: Kaliber: 9mm Luger (9&#215;19) Anz\u00fcndsicherheit auf gleichem Niveau wie Hahnpistolen Abzugs-, Schlagbolzen- und Demontagesicherung Vollst\u00e4ndig vorgespanntes System Special Forces SF-Abzug (20-25 N) Optimale Griffst\u00fcckergonomie Funktionsgarantie f\u00fcr alle Munitionstypen nach NATO und TR Funktionsgarantie f\u00fcr die Zuladung von Zubeh\u00f6r bis 160 g an der Picatinny-Schiene Beidseitig bedienbar...Read More","og_url":"https:\/\/www.ms-pracsol.de\/?product=heckler-koch-sfp9-9mm-luger","og_site_name":"MSPS - Schie\u00dfkurse und Waffenhandel","article_modified_time":"2022-02-10T13:30:49+00:00","og_image":[{"width":461,"height":348,"url":"https:\/\/www.ms-pracsol.de\/wp-content\/uploads\/2022\/02\/csm_SFP9_re__04_e10d17e874.png","type":"image\/png"}],"twitter_card":"summary_large_image","twitter_misc":{"Gesch\u00e4tzte Lesezeit":"1 Minute"},"schema":{"@context":"https:\/\/schema.org","@graph":[{"@type":"WebSite","@id":"https:\/\/www.ms-pracsol.de\/#website","url":"https:\/\/www.ms-pracsol.de\/","name":"MSPS - Schie\u00dfkurse und Waffenhandel","description":"Eure Kompetenz im Ruhrgebiet","potentialAction":[{"@type":"SearchAction","target":{"@type":"EntryPoint","urlTemplate":"https:\/\/www.ms-pracsol.de\/?s={search_term_string}"},"query-input":"required name=search_term_string"}],"inLanguage":"de-DE"},{"@type":"ImageObject","inLanguage":"de-DE","@id":"https:\/\/www.ms-pracsol.de\/?product=heckler-koch-sfp9-9mm-luger#primaryimage","url":"https:\/\/i0.wp.com\/www.ms-pracsol.de\/wp-content\/uploads\/2022\/02\/csm_SFP9_re__04_e10d17e874.png?fit=461%2C348&ssl=1","contentUrl":"https:\/\/i0.wp.com\/www.ms-pracsol.de\/wp-content\/uploads\/2022\/02\/csm_SFP9_re__04_e10d17e874.png?fit=461%2C348&ssl=1","width":461,"height":348},{"@type":"WebPage","@id":"https:\/\/www.ms-pracsol.de\/?product=heckler-koch-sfp9-9mm-luger#webpage","url":"https:\/\/www.ms-pracsol.de\/?product=heckler-koch-sfp9-9mm-luger","name":"Heckler & Koch SFP9 9mm Luger - MSPS - Schie\u00dfkurse und Waffenhandel","isPartOf":{"@id":"https:\/\/www.ms-pracsol.de\/#website"},"primaryImageOfPage":{"@id":"https:\/\/www.ms-pracsol.de\/?product=heckler-koch-sfp9-9mm-luger#primaryimage"},"datePublished":"2022-02-10T10:57:29+00:00","dateModified":"2022-02-10T13:30:49+00:00","breadcrumb":{"@id":"https:\/\/www.ms-pracsol.de\/?product=heckler-koch-sfp9-9mm-luger#breadcrumb"},"inLanguage":"de-DE","potentialAction":[{"@type":"ReadAction","target":["https:\/\/www.ms-pracsol.de\/?product=heckler-koch-sfp9-9mm-luger"]}]},{"@type":"BreadcrumbList","@id":"https:\/\/www.ms-pracsol.de\/?product=heckler-koch-sfp9-9mm-luger#breadcrumb","itemListElement":[{"@type":"ListItem","position":1,"name":"Startseite","item":"https:\/\/www.ms-pracsol.de\/"},{"@type":"ListItem","position":2,"name":"Shop","item":"https:\/\/www.ms-pracsol.de\/?page_id=55"},{"@type":"ListItem","position":3,"name":"Heckler &#038; Koch SFP9 9mm Luger"}]}]}},"_links":{"self":[{"href":"https:\/\/www.ms-pracsol.de\/index.php?rest_route=\/wp\/v2\/product\/457"}],"collection":[{"href":"https:\/\/www.ms-pracsol.de\/index.php?rest_route=\/wp\/v2\/product"}],"about":[{"href":"https:\/\/www.ms-pracsol.de\/index.php?rest_route=\/wp\/v2\/types\/product"}],"replies":[{"embeddable":true,"href":"https:\/\/www.ms-pracsol.de\/index.php?rest_route=%2Fwp%2Fv2%2Fcomments&post=457"}],"wp:featuredmedia":[{"embeddable":true,"href":"https:\/\/www.ms-pracsol.de\/index.php?rest_route=\/wp\/v2\/media\/458"}],"wp:attachment":[{"href":"https:\/\/www.ms-pracsol.de\/index.php?rest_route=%2Fwp%2Fv2%2Fmedia&parent=457"}],"wp:term":[{"taxonomy":"product_cat","embeddable":true,"href":"https:\/\/www.ms-pracsol.de\/index.php?rest_route=%2Fwp%2Fv2%2Fproduct_cat&post=457"},{"taxonomy":"product_tag","embeddable":true,"href":"https:\/\/www.ms-pracsol.de\/index.php?rest_route=%2Fwp%2Fv2%2Fproduct_tag&post=457"}],"curies":[{"name":"wp","href":"https:\/\/api.w.org\/{rel}","templated":true}]}}