{"id":452,"date":"2022-02-10T11:32:45","date_gmt":"2022-02-10T10:32:45","guid":{"rendered":"https:\/\/www.ms-pracsol.de\/?post_type=product&#038;p=452"},"modified":"2022-02-10T14:44:47","modified_gmt":"2022-02-10T13:44:47","slug":"oberland-arms-oa-15-pr-m11-12-heavy-barrel-oa-msr-handguard-95","status":"publish","type":"product","link":"https:\/\/www.ms-pracsol.de\/?product=oberland-arms-oa-15-pr-m11-12-heavy-barrel-oa-msr-handguard-95","title":{"rendered":"Oberland Arms OA-15 PR M11, 12&#8243; Heavy Barrel, OA-MSR Handguard 9,5&#8243;"},"content":{"rendered":"<p><em>Abgabe nur an Inhaber einer passenden Erwerbserlaubnis.<\/em><\/p>\n<p>&nbsp;<\/p>\n<p>Zustand: Neuware. Originalverpackt.<\/p>\n<p>Beschuss: Deutsch, g\u00fcltig.<\/p>\n<p>Sportlich zugelassen: Ja.<\/p>\n<table style=\"height: 188px;\" width=\"421\">\n<tbody>\n<tr>\n<td width=\"302\">Kaliber<\/td>\n<td width=\"302\">.223 Rem.<\/td>\n<\/tr>\n<tr>\n<td width=\"302\">Gewicht<\/td>\n<td width=\"302\">3.000 Gramm<\/td>\n<\/tr>\n<tr>\n<td width=\"302\">L\u00e4nge<\/td>\n<td width=\"302\">76 cm<\/td>\n<\/tr>\n<tr>\n<td width=\"302\">Laufl\u00e4nge<\/td>\n<td width=\"302\">12&#8243; \/ 30 cm, Heavy Barrel<\/td>\n<\/tr>\n<tr>\n<td width=\"302\">Handgriff<\/td>\n<td width=\"302\">9,5\u201c<\/td>\n<\/tr>\n<\/tbody>\n<\/table>\n<ul>\n<li>geschmiedetes Geh\u00e4use<\/li>\n<li>OA-15 PR Serie- Premium<\/li>\n<li>Lothar Walther LW50 stainless steel Matchlauf schwarz Cerakote beschichte<\/li>\n<\/ul>\n<p><strong>Merkmale:<\/strong><\/p>\n<ul>\n<li>Beidseitige Sicherung<\/li>\n<li>OA-MSR Handguard 9,5&#8243;<\/li>\n<li>M\u00fcndungsgewinde M14x1<\/li>\n<\/ul>\n<p>&nbsp;<\/p>\n<p><strong>Lieferumfang:<\/strong><\/p>\n<ul>\n<li>OA-MSR Handguard 9,5&#8243;<\/li>\n<li>OA M4-Schaft<\/li>\n<li>M\u00fcndungsgewinde M14x1<\/li>\n<li>OA-KDA 1-Kammer-Kompensator<\/li>\n<li>1x 10-Schuss Magazin \/ 1x 10-Round Magazine<\/li>\n<li>1x OA Transportkoffer mit Schloss \/ 1x OA Suitcase with combination lock<\/li>\n<li>1x Bedienungsanleitung \/ 1x User Manual<\/li>\n<\/ul>\n<p>&nbsp;<\/p>\n<p>UVP des Herstellers 2.200 \u20ac<\/p>\n<p>&nbsp;<\/p>\n<p>&nbsp;<\/p>\n<p>&nbsp;<\/p>\n<p>Toll f\u00fcr Sportsch\u00fctzen (z.B. ZG4 im BDMP) oder auch f\u00fcr J\u00e4ger (z.B. Rehwild).<\/p>\n<p>&nbsp;<\/p>\n<p>Erwerb auf Gr\u00fcne WBK, Jahresjagdschein, WHL, Rote WBK m\u00f6glich (mit entsprechenden Vermerken in der jeweiligen EWB).<\/p>\n","protected":false},"excerpt":{"rendered":"<p>Abgabe nur an Inhaber einer passenden Erwerbserlaubnis. &nbsp; Zustand: Neuware. Originalverpackt. Beschuss: Deutsch, g\u00fcltig. Sportlich zugelassen: Ja. Kaliber .223 Rem. Gewicht 3.000 Gramm L\u00e4nge 76 cm Laufl\u00e4nge 12&#8243; \/ 30 cm, Heavy Barrel Handgriff 9,5\u201c geschmiedetes Geh\u00e4use OA-15 PR Serie- Premium Lothar Walther LW50 stainless steel Matchlauf schwarz Cerakote beschichte Merkmale: Beidseitige Sicherung OA-MSR Handguard&#8230;<\/p>\n<p class=\"more-link\"><a href=\"https:\/\/www.ms-pracsol.de\/?product=oberland-arms-oa-15-pr-m11-12-heavy-barrel-oa-msr-handguard-95\" class=\"themebutton3\">Read More<\/a><\/p>\n","protected":false},"featured_media":454,"comment_status":"open","ping_status":"closed","template":"","meta":{"spay_email":"","jetpack_publicize_message":"","jetpack_is_tweetstorm":false,"jetpack_publicize_feature_enabled":true},"product_cat":[117,119,35],"product_tag":[113,115,114,108,109,112,106,111,110,107],"yoast_head":"<!-- This site is optimized with the Yoast SEO plugin v18.7 - https:\/\/yoast.com\/wordpress\/plugins\/seo\/ -->\n<title>Oberland Arms OA-15 PR M11, 12&quot; Heavy Barrel, OA-MSR Handguard 9,5&quot; - MSPS - Schie\u00dfkurse und Waffenhandel<\/title>\n<meta name=\"robots\" content=\"index, follow, max-snippet:-1, max-image-preview:large, max-video-preview:-1\" \/>\n<link rel=\"canonical\" href=\"https:\/\/www.ms-pracsol.de\/?product=oberland-arms-oa-15-pr-m11-12-heavy-barrel-oa-msr-handguard-95\" \/>\n<meta property=\"og:locale\" content=\"de_DE\" \/>\n<meta property=\"og:type\" content=\"article\" \/>\n<meta property=\"og:title\" content=\"Oberland Arms OA-15 PR M11, 12&quot; Heavy Barrel, OA-MSR Handguard 9,5&quot; - MSPS - Schie\u00dfkurse und Waffenhandel\" \/>\n<meta property=\"og:description\" content=\"Abgabe nur an Inhaber einer passenden Erwerbserlaubnis. &nbsp; Zustand: Neuware. Originalverpackt. Beschuss: Deutsch, g\u00fcltig. Sportlich zugelassen: Ja. Kaliber .223 Rem. Gewicht 3.000 Gramm L\u00e4nge 76 cm Laufl\u00e4nge 12&#8243; \/ 30 cm, Heavy Barrel Handgriff 9,5\u201c geschmiedetes Geh\u00e4use OA-15 PR Serie- Premium Lothar Walther LW50 stainless steel Matchlauf schwarz Cerakote beschichte Merkmale: Beidseitige Sicherung OA-MSR Handguard...Read More\" \/>\n<meta property=\"og:url\" content=\"https:\/\/www.ms-pracsol.de\/?product=oberland-arms-oa-15-pr-m11-12-heavy-barrel-oa-msr-handguard-95\" \/>\n<meta property=\"og:site_name\" content=\"MSPS - Schie\u00dfkurse und Waffenhandel\" \/>\n<meta property=\"article:modified_time\" content=\"2022-02-10T13:44:47+00:00\" \/>\n<meta property=\"og:image\" content=\"https:\/\/www.ms-pracsol.de\/wp-content\/uploads\/2022\/02\/OA-15-PR-M11_links_300x300@2x.jpg\" \/>\n\t<meta property=\"og:image:width\" content=\"600\" \/>\n\t<meta property=\"og:image:height\" content=\"338\" \/>\n\t<meta property=\"og:image:type\" content=\"image\/jpeg\" \/>\n<meta name=\"twitter:card\" content=\"summary_large_image\" \/>\n<meta name=\"twitter:label1\" content=\"Gesch\u00e4tzte Lesezeit\" \/>\n\t<meta name=\"twitter:data1\" content=\"1 Minute\" \/>\n<script type=\"application\/ld+json\" class=\"yoast-schema-graph\">{\"@context\":\"https:\/\/schema.org\",\"@graph\":[{\"@type\":\"WebSite\",\"@id\":\"https:\/\/www.ms-pracsol.de\/#website\",\"url\":\"https:\/\/www.ms-pracsol.de\/\",\"name\":\"MSPS - Schie\u00dfkurse und Waffenhandel\",\"description\":\"Eure Kompetenz im Ruhrgebiet\",\"potentialAction\":[{\"@type\":\"SearchAction\",\"target\":{\"@type\":\"EntryPoint\",\"urlTemplate\":\"https:\/\/www.ms-pracsol.de\/?s={search_term_string}\"},\"query-input\":\"required name=search_term_string\"}],\"inLanguage\":\"de-DE\"},{\"@type\":\"ImageObject\",\"inLanguage\":\"de-DE\",\"@id\":\"https:\/\/www.ms-pracsol.de\/?product=oberland-arms-oa-15-pr-m11-12-heavy-barrel-oa-msr-handguard-95#primaryimage\",\"url\":\"https:\/\/i0.wp.com\/www.ms-pracsol.de\/wp-content\/uploads\/2022\/02\/OA-15-PR-M11_links_300x300@2x.jpg?fit=600%2C338&ssl=1\",\"contentUrl\":\"https:\/\/i0.wp.com\/www.ms-pracsol.de\/wp-content\/uploads\/2022\/02\/OA-15-PR-M11_links_300x300@2x.jpg?fit=600%2C338&ssl=1\",\"width\":600,\"height\":338},{\"@type\":\"WebPage\",\"@id\":\"https:\/\/www.ms-pracsol.de\/?product=oberland-arms-oa-15-pr-m11-12-heavy-barrel-oa-msr-handguard-95#webpage\",\"url\":\"https:\/\/www.ms-pracsol.de\/?product=oberland-arms-oa-15-pr-m11-12-heavy-barrel-oa-msr-handguard-95\",\"name\":\"Oberland Arms OA-15 PR M11, 12\\\" Heavy Barrel, OA-MSR Handguard 9,5\\\" - MSPS - Schie\u00dfkurse und Waffenhandel\",\"isPartOf\":{\"@id\":\"https:\/\/www.ms-pracsol.de\/#website\"},\"primaryImageOfPage\":{\"@id\":\"https:\/\/www.ms-pracsol.de\/?product=oberland-arms-oa-15-pr-m11-12-heavy-barrel-oa-msr-handguard-95#primaryimage\"},\"datePublished\":\"2022-02-10T10:32:45+00:00\",\"dateModified\":\"2022-02-10T13:44:47+00:00\",\"breadcrumb\":{\"@id\":\"https:\/\/www.ms-pracsol.de\/?product=oberland-arms-oa-15-pr-m11-12-heavy-barrel-oa-msr-handguard-95#breadcrumb\"},\"inLanguage\":\"de-DE\",\"potentialAction\":[{\"@type\":\"ReadAction\",\"target\":[\"https:\/\/www.ms-pracsol.de\/?product=oberland-arms-oa-15-pr-m11-12-heavy-barrel-oa-msr-handguard-95\"]}]},{\"@type\":\"BreadcrumbList\",\"@id\":\"https:\/\/www.ms-pracsol.de\/?product=oberland-arms-oa-15-pr-m11-12-heavy-barrel-oa-msr-handguard-95#breadcrumb\",\"itemListElement\":[{\"@type\":\"ListItem\",\"position\":1,\"name\":\"Startseite\",\"item\":\"https:\/\/www.ms-pracsol.de\/\"},{\"@type\":\"ListItem\",\"position\":2,\"name\":\"Shop\",\"item\":\"https:\/\/www.ms-pracsol.de\/?page_id=55\"},{\"@type\":\"ListItem\",\"position\":3,\"name\":\"Oberland Arms OA-15 PR M11, 12&#8243; Heavy Barrel, OA-MSR Handguard 9,5&#8243;\"}]}]}<\/script>\n<!-- \/ Yoast SEO plugin. -->","yoast_head_json":{"title":"Oberland Arms OA-15 PR M11, 12\" Heavy Barrel, OA-MSR Handguard 9,5\" - MSPS - Schie\u00dfkurse und Waffenhandel","robots":{"index":"index","follow":"follow","max-snippet":"max-snippet:-1","max-image-preview":"max-image-preview:large","max-video-preview":"max-video-preview:-1"},"canonical":"https:\/\/www.ms-pracsol.de\/?product=oberland-arms-oa-15-pr-m11-12-heavy-barrel-oa-msr-handguard-95","og_locale":"de_DE","og_type":"article","og_title":"Oberland Arms OA-15 PR M11, 12\" Heavy Barrel, OA-MSR Handguard 9,5\" - MSPS - Schie\u00dfkurse und Waffenhandel","og_description":"Abgabe nur an Inhaber einer passenden Erwerbserlaubnis. &nbsp; Zustand: Neuware. Originalverpackt. Beschuss: Deutsch, g\u00fcltig. Sportlich zugelassen: Ja. Kaliber .223 Rem. Gewicht 3.000 Gramm L\u00e4nge 76 cm Laufl\u00e4nge 12&#8243; \/ 30 cm, Heavy Barrel Handgriff 9,5\u201c geschmiedetes Geh\u00e4use OA-15 PR Serie- Premium Lothar Walther LW50 stainless steel Matchlauf schwarz Cerakote beschichte Merkmale: Beidseitige Sicherung OA-MSR Handguard...Read More","og_url":"https:\/\/www.ms-pracsol.de\/?product=oberland-arms-oa-15-pr-m11-12-heavy-barrel-oa-msr-handguard-95","og_site_name":"MSPS - Schie\u00dfkurse und Waffenhandel","article_modified_time":"2022-02-10T13:44:47+00:00","og_image":[{"width":600,"height":338,"url":"https:\/\/www.ms-pracsol.de\/wp-content\/uploads\/2022\/02\/OA-15-PR-M11_links_300x300@2x.jpg","type":"image\/jpeg"}],"twitter_card":"summary_large_image","twitter_misc":{"Gesch\u00e4tzte Lesezeit":"1 Minute"},"schema":{"@context":"https:\/\/schema.org","@graph":[{"@type":"WebSite","@id":"https:\/\/www.ms-pracsol.de\/#website","url":"https:\/\/www.ms-pracsol.de\/","name":"MSPS - Schie\u00dfkurse und Waffenhandel","description":"Eure Kompetenz im Ruhrgebiet","potentialAction":[{"@type":"SearchAction","target":{"@type":"EntryPoint","urlTemplate":"https:\/\/www.ms-pracsol.de\/?s={search_term_string}"},"query-input":"required name=search_term_string"}],"inLanguage":"de-DE"},{"@type":"ImageObject","inLanguage":"de-DE","@id":"https:\/\/www.ms-pracsol.de\/?product=oberland-arms-oa-15-pr-m11-12-heavy-barrel-oa-msr-handguard-95#primaryimage","url":"https:\/\/i0.wp.com\/www.ms-pracsol.de\/wp-content\/uploads\/2022\/02\/OA-15-PR-M11_links_300x300@2x.jpg?fit=600%2C338&ssl=1","contentUrl":"https:\/\/i0.wp.com\/www.ms-pracsol.de\/wp-content\/uploads\/2022\/02\/OA-15-PR-M11_links_300x300@2x.jpg?fit=600%2C338&ssl=1","width":600,"height":338},{"@type":"WebPage","@id":"https:\/\/www.ms-pracsol.de\/?product=oberland-arms-oa-15-pr-m11-12-heavy-barrel-oa-msr-handguard-95#webpage","url":"https:\/\/www.ms-pracsol.de\/?product=oberland-arms-oa-15-pr-m11-12-heavy-barrel-oa-msr-handguard-95","name":"Oberland Arms OA-15 PR M11, 12\" Heavy Barrel, OA-MSR Handguard 9,5\" - MSPS - Schie\u00dfkurse und Waffenhandel","isPartOf":{"@id":"https:\/\/www.ms-pracsol.de\/#website"},"primaryImageOfPage":{"@id":"https:\/\/www.ms-pracsol.de\/?product=oberland-arms-oa-15-pr-m11-12-heavy-barrel-oa-msr-handguard-95#primaryimage"},"datePublished":"2022-02-10T10:32:45+00:00","dateModified":"2022-02-10T13:44:47+00:00","breadcrumb":{"@id":"https:\/\/www.ms-pracsol.de\/?product=oberland-arms-oa-15-pr-m11-12-heavy-barrel-oa-msr-handguard-95#breadcrumb"},"inLanguage":"de-DE","potentialAction":[{"@type":"ReadAction","target":["https:\/\/www.ms-pracsol.de\/?product=oberland-arms-oa-15-pr-m11-12-heavy-barrel-oa-msr-handguard-95"]}]},{"@type":"BreadcrumbList","@id":"https:\/\/www.ms-pracsol.de\/?product=oberland-arms-oa-15-pr-m11-12-heavy-barrel-oa-msr-handguard-95#breadcrumb","itemListElement":[{"@type":"ListItem","position":1,"name":"Startseite","item":"https:\/\/www.ms-pracsol.de\/"},{"@type":"ListItem","position":2,"name":"Shop","item":"https:\/\/www.ms-pracsol.de\/?page_id=55"},{"@type":"ListItem","position":3,"name":"Oberland Arms OA-15 PR M11, 12&#8243; Heavy Barrel, OA-MSR Handguard 9,5&#8243;"}]}]}},"_links":{"self":[{"href":"https:\/\/www.ms-pracsol.de\/index.php?rest_route=\/wp\/v2\/product\/452"}],"collection":[{"href":"https:\/\/www.ms-pracsol.de\/index.php?rest_route=\/wp\/v2\/product"}],"about":[{"href":"https:\/\/www.ms-pracsol.de\/index.php?rest_route=\/wp\/v2\/types\/product"}],"replies":[{"embeddable":true,"href":"https:\/\/www.ms-pracsol.de\/index.php?rest_route=%2Fwp%2Fv2%2Fcomments&post=452"}],"wp:featuredmedia":[{"embeddable":true,"href":"https:\/\/www.ms-pracsol.de\/index.php?rest_route=\/wp\/v2\/media\/454"}],"wp:attachment":[{"href":"https:\/\/www.ms-pracsol.de\/index.php?rest_route=%2Fwp%2Fv2%2Fmedia&parent=452"}],"wp:term":[{"taxonomy":"product_cat","embeddable":true,"href":"https:\/\/www.ms-pracsol.de\/index.php?rest_route=%2Fwp%2Fv2%2Fproduct_cat&post=452"},{"taxonomy":"product_tag","embeddable":true,"href":"https:\/\/www.ms-pracsol.de\/index.php?rest_route=%2Fwp%2Fv2%2Fproduct_tag&post=452"}],"curies":[{"name":"wp","href":"https:\/\/api.w.org\/{rel}","templated":true}]}}