{"id":382,"date":"2021-02-25T13:53:36","date_gmt":"2021-02-25T12:53:36","guid":{"rendered":"https:\/\/www.ms-pracsol.de\/?post_type=product&#038;p=382"},"modified":"2026-04-23T10:34:43","modified_gmt":"2026-04-23T08:34:43","slug":"cz-scorpion-evo-3-s1-carbine-faux-suppressor","status":"publish","type":"product","link":"https:\/\/www.ms-pracsol.de\/?product=cz-scorpion-evo-3-s1-carbine-faux-suppressor","title":{"rendered":"CZ Scorpion Evo 3 S1 Carbine Faux-Suppressor"},"content":{"rendered":"<p><em>Abgabe nur an Inhaber einer passenden Erwerbserlaubnis.<\/em><\/p>\n<p>Mit der CZ Selbstladeb\u00fcchse Scorpion Evo 3 werden neue Ma\u00dfst\u00e4be unter den Pistolenkarabinern f\u00fcr moderne Sportdisziplinen gesetzt.<br \/>\nDie Selbstladekarabiner wurden von Grund auf eigenst\u00e4ndig von CZ konstruiert und auf sportliches Schie\u00dfen optimiert. Ihr deutlich niedrigeres Gewicht, die \u00fcberzeugende Ergonomie, Pr\u00e4zision, extreme Funktionssicherheit unter allen Temperatur- und Umweltbedingungen, intuitive Bedienbarkeit, einfache Demontage und au\u00dferordentlich schnelles Nachladen sind hier besonders hervorzuheben.<br \/>\nIm Polizei- und Milit\u00e4rbereich konnte die Scorpion Evo 3 bereits weltweit die \u00e4u\u00dferst anspruchsvollen Anwender \u00fcberzeugen. Die darauf aufbauende Version f\u00fcr Sportsch\u00fctzen ist die ideale Waffe im idealen Kaliber 9 mm Luger f\u00fcr moderne Schie\u00dfsportdisziplinen oder das Hobbyschie\u00dfen.<br \/>\nM\u00f6gliche Erwerbsberechtigung:\u00a0gr\u00fcne WBK mit Voreintrag, g\u00fcltiger Jahresjagdschein, passende rote WBK, oder WHL.<br \/>\nDiese Waffe ist zum sportlichen Schie\u00dfen\u00a0zugelassen.<\/p>\n<p>&nbsp;<\/p>\n<p><strong>Lieferumfang:<\/strong><\/p>\n<p>CZ Scorpion Evo 3 S1 Carbine Faux-Suppressor<br \/>\nOriginalverpackung<br \/>\n2x Magazin 10 Schuss<br \/>\nhochwertiges Reinigungsset<br \/>\nfeststehende Diopter Visierung, 4 verschiedene<br \/>\ndigitale Anschussscheibe<br \/>\nBedienungsanleitung (deutsch) mit Schmierstellenplan<\/p>\n<p>&nbsp;<\/p>\n<p><strong>Merkmale:<\/strong><\/p>\n<ul>\n<li>M-Lok-Vorderschaft<\/li>\n<li>Picatinny-Aufnahme<\/li>\n<li>Beidseitige Sicherung<\/li>\n<li>Faux-Suppressor Optik<\/li>\n<li>mechanische Visierung inkl.<\/li>\n<\/ul>\n<p>&nbsp;<\/p>\n<p><strong>Technische Daten<\/strong><\/p>\n<table>\n<tbody>\n<tr>\n<td width=\"302\">System<\/td>\n<td width=\"302\">\u00a0Halbautomatisch<\/td>\n<\/tr>\n<tr>\n<td width=\"302\">Kaliber<\/td>\n<td width=\"302\">\u00a09mm Luger<\/td>\n<\/tr>\n<tr>\n<td width=\"302\">Gewicht<\/td>\n<td width=\"302\">\u00a02.870 \u00b1 50 Gramm<\/td>\n<\/tr>\n<tr>\n<td width=\"302\">L\u00e4nge<\/td>\n<td width=\"302\">\u00a0875mm eingeklappt \/ 915mm ausgeklappt<\/td>\n<\/tr>\n<tr>\n<td width=\"302\">Lauf<\/td>\n<td width=\"302\">\u00a016&#8243;\/ 412mm, kaltgeh\u00e4mmert<\/td>\n<\/tr>\n<tr>\n<td width=\"302\">M\u00fcndungsfeuerd\u00e4mpfer<\/td>\n<td width=\"302\">\u00a0Faux-Suppressor<\/p>\n<p>(Schalld\u00e4mpfer-Anmutung; keine schalld\u00e4mpfende Funktion gegeben)<\/td>\n<\/tr>\n<tr>\n<td width=\"302\">M\u00fcndungsgewinde<\/td>\n<td width=\"302\">\u00a01\/2&#215;28 UNEF<\/td>\n<\/tr>\n<tr>\n<td width=\"302\">Verschluss<\/td>\n<td width=\"302\">\u00a0Unverriegelter Feder-Masse Verschluss<\/td>\n<\/tr>\n<tr>\n<td width=\"302\">Geh\u00e4use<\/td>\n<td width=\"302\">\u00a0hochbest\u00e4ndiges und glasfaserverst\u00e4rktes Polymer<\/td>\n<\/tr>\n<tr>\n<td width=\"302\">Durchladehebel<\/td>\n<td width=\"302\">\u00a0linksseitig<\/td>\n<\/tr>\n<tr>\n<td width=\"302\">Handschutz<\/td>\n<td width=\"302\">\u00a0Picatinny-Schiene oben, dreiseitige M-Lok Haltepunkte<\/td>\n<\/tr>\n<tr>\n<td width=\"302\">Abzug<\/td>\n<td width=\"302\">\u00a0Direktabzug, Abzugsgewicht 40-45 N<\/td>\n<\/tr>\n<tr>\n<td width=\"302\">Sicherung<\/td>\n<td width=\"302\">\u00a0Beidseitige Fl\u00fcgelsicherung<\/td>\n<\/tr>\n<tr>\n<td width=\"302\">Griff<\/td>\n<td width=\"302\">\u00a0Kunststoff. Axial verstellbar<\/td>\n<\/tr>\n<tr>\n<td width=\"302\">Magazin<\/td>\n<td width=\"302\">\u00a010 Schuss, wechselbar<\/td>\n<\/tr>\n<tr>\n<td width=\"302\">Hinterschaft<\/td>\n<td width=\"302\">\u00a0Abklappbar<\/td>\n<\/tr>\n<tr>\n<td width=\"302\">Verschlussfanghebel<\/td>\n<td width=\"302\">\u00a0linksseitig<\/td>\n<\/tr>\n<\/tbody>\n<\/table>\n<p>&nbsp;<\/p>\n<p><strong>CZ Scorpion Evo 3 S1 Carbine Faux-Suppressor<\/strong><\/p>\n<ul>\n<li>Hergestellt in Tschechien durch CZ.<\/li>\n<li>Zustand: Neuware. Originalverpackt.<\/li>\n<li>Lauf: Felder und Z\u00fcge perfekt. Neuware.<\/li>\n<li>Beschuss: G\u00fcltig.<\/li>\n<li>Sportlich zugelassen: Diese Waffe ist zum sportlichen Schie\u00dfen<strong>\u00a0zugelassen<\/strong>.<\/li>\n<\/ul>\n<p>&nbsp;<\/p>\n<p>&nbsp;<\/p>\n","protected":false},"excerpt":{"rendered":"<p>Abgabe nur an Inhaber einer passenden Erwerbserlaubnis. Mit der CZ Selbstladeb\u00fcchse Scorpion Evo 3 werden neue Ma\u00dfst\u00e4be unter den Pistolenkarabinern f\u00fcr moderne Sportdisziplinen gesetzt. Die Selbstladekarabiner wurden von Grund auf eigenst\u00e4ndig von CZ konstruiert und auf sportliches Schie\u00dfen optimiert. Ihr deutlich niedrigeres Gewicht, die \u00fcberzeugende Ergonomie, Pr\u00e4zision, extreme Funktionssicherheit unter allen Temperatur- und Umweltbedingungen, intuitive&#8230;<\/p>\n<p class=\"more-link\"><a href=\"https:\/\/www.ms-pracsol.de\/?product=cz-scorpion-evo-3-s1-carbine-faux-suppressor\" class=\"themebutton3\">Read More<\/a><\/p>\n","protected":false},"featured_media":431,"comment_status":"open","ping_status":"closed","template":"","meta":{"spay_email":"","jetpack_publicize_message":"","jetpack_is_tweetstorm":false,"jetpack_publicize_feature_enabled":true},"product_cat":[35],"product_tag":[],"yoast_head":"<!-- This site is optimized with the Yoast SEO plugin v18.7 - https:\/\/yoast.com\/wordpress\/plugins\/seo\/ -->\n<title>CZ Scorpion Evo 3 S1 Carbine Faux-Suppressor - MSPS - Schie\u00dfkurse und Waffenhandel<\/title>\n<meta name=\"robots\" content=\"index, follow, max-snippet:-1, max-image-preview:large, max-video-preview:-1\" \/>\n<link rel=\"canonical\" href=\"https:\/\/www.ms-pracsol.de\/?product=cz-scorpion-evo-3-s1-carbine-faux-suppressor\" \/>\n<meta property=\"og:locale\" content=\"de_DE\" \/>\n<meta property=\"og:type\" content=\"article\" \/>\n<meta property=\"og:title\" content=\"CZ Scorpion Evo 3 S1 Carbine Faux-Suppressor - MSPS - Schie\u00dfkurse und Waffenhandel\" \/>\n<meta property=\"og:description\" content=\"Abgabe nur an Inhaber einer passenden Erwerbserlaubnis. Mit der CZ Selbstladeb\u00fcchse Scorpion Evo 3 werden neue Ma\u00dfst\u00e4be unter den Pistolenkarabinern f\u00fcr moderne Sportdisziplinen gesetzt. Die Selbstladekarabiner wurden von Grund auf eigenst\u00e4ndig von CZ konstruiert und auf sportliches Schie\u00dfen optimiert. Ihr deutlich niedrigeres Gewicht, die \u00fcberzeugende Ergonomie, Pr\u00e4zision, extreme Funktionssicherheit unter allen Temperatur- und Umweltbedingungen, intuitive...Read More\" \/>\n<meta property=\"og:url\" content=\"https:\/\/www.ms-pracsol.de\/?product=cz-scorpion-evo-3-s1-carbine-faux-suppressor\" \/>\n<meta property=\"og:site_name\" content=\"MSPS - Schie\u00dfkurse und Waffenhandel\" \/>\n<meta property=\"article:modified_time\" content=\"2026-04-23T08:34:43+00:00\" \/>\n<meta property=\"og:image\" content=\"https:\/\/www.ms-pracsol.de\/wp-content\/uploads\/2021\/02\/cz_scorpion_evo3_s1_faux_01-2.jpeg\" \/>\n\t<meta property=\"og:image:width\" content=\"1578\" \/>\n\t<meta property=\"og:image:height\" content=\"1578\" \/>\n\t<meta property=\"og:image:type\" content=\"image\/jpeg\" \/>\n<meta name=\"twitter:card\" content=\"summary_large_image\" \/>\n<meta name=\"twitter:label1\" content=\"Gesch\u00e4tzte Lesezeit\" \/>\n\t<meta name=\"twitter:data1\" content=\"1 Minute\" \/>\n<script type=\"application\/ld+json\" class=\"yoast-schema-graph\">{\"@context\":\"https:\/\/schema.org\",\"@graph\":[{\"@type\":\"WebSite\",\"@id\":\"https:\/\/www.ms-pracsol.de\/#website\",\"url\":\"https:\/\/www.ms-pracsol.de\/\",\"name\":\"MSPS - Schie\u00dfkurse und Waffenhandel\",\"description\":\"Eure Kompetenz im Ruhrgebiet\",\"potentialAction\":[{\"@type\":\"SearchAction\",\"target\":{\"@type\":\"EntryPoint\",\"urlTemplate\":\"https:\/\/www.ms-pracsol.de\/?s={search_term_string}\"},\"query-input\":\"required name=search_term_string\"}],\"inLanguage\":\"de-DE\"},{\"@type\":\"ImageObject\",\"inLanguage\":\"de-DE\",\"@id\":\"https:\/\/www.ms-pracsol.de\/?product=cz-scorpion-evo-3-s1-carbine-faux-suppressor#primaryimage\",\"url\":\"https:\/\/i0.wp.com\/www.ms-pracsol.de\/wp-content\/uploads\/2021\/02\/cz_scorpion_evo3_s1_faux_01-2.jpeg?fit=1578%2C1578&ssl=1\",\"contentUrl\":\"https:\/\/i0.wp.com\/www.ms-pracsol.de\/wp-content\/uploads\/2021\/02\/cz_scorpion_evo3_s1_faux_01-2.jpeg?fit=1578%2C1578&ssl=1\",\"width\":1578,\"height\":1578},{\"@type\":\"WebPage\",\"@id\":\"https:\/\/www.ms-pracsol.de\/?product=cz-scorpion-evo-3-s1-carbine-faux-suppressor#webpage\",\"url\":\"https:\/\/www.ms-pracsol.de\/?product=cz-scorpion-evo-3-s1-carbine-faux-suppressor\",\"name\":\"CZ Scorpion Evo 3 S1 Carbine Faux-Suppressor - MSPS - Schie\u00dfkurse und Waffenhandel\",\"isPartOf\":{\"@id\":\"https:\/\/www.ms-pracsol.de\/#website\"},\"primaryImageOfPage\":{\"@id\":\"https:\/\/www.ms-pracsol.de\/?product=cz-scorpion-evo-3-s1-carbine-faux-suppressor#primaryimage\"},\"datePublished\":\"2021-02-25T12:53:36+00:00\",\"dateModified\":\"2026-04-23T08:34:43+00:00\",\"breadcrumb\":{\"@id\":\"https:\/\/www.ms-pracsol.de\/?product=cz-scorpion-evo-3-s1-carbine-faux-suppressor#breadcrumb\"},\"inLanguage\":\"de-DE\",\"potentialAction\":[{\"@type\":\"ReadAction\",\"target\":[\"https:\/\/www.ms-pracsol.de\/?product=cz-scorpion-evo-3-s1-carbine-faux-suppressor\"]}]},{\"@type\":\"BreadcrumbList\",\"@id\":\"https:\/\/www.ms-pracsol.de\/?product=cz-scorpion-evo-3-s1-carbine-faux-suppressor#breadcrumb\",\"itemListElement\":[{\"@type\":\"ListItem\",\"position\":1,\"name\":\"Startseite\",\"item\":\"https:\/\/www.ms-pracsol.de\/\"},{\"@type\":\"ListItem\",\"position\":2,\"name\":\"Shop\",\"item\":\"https:\/\/www.ms-pracsol.de\/?page_id=55\"},{\"@type\":\"ListItem\",\"position\":3,\"name\":\"CZ Scorpion Evo 3 S1 Carbine Faux-Suppressor\"}]}]}<\/script>\n<!-- \/ Yoast SEO plugin. -->","yoast_head_json":{"title":"CZ Scorpion Evo 3 S1 Carbine Faux-Suppressor - MSPS - Schie\u00dfkurse und Waffenhandel","robots":{"index":"index","follow":"follow","max-snippet":"max-snippet:-1","max-image-preview":"max-image-preview:large","max-video-preview":"max-video-preview:-1"},"canonical":"https:\/\/www.ms-pracsol.de\/?product=cz-scorpion-evo-3-s1-carbine-faux-suppressor","og_locale":"de_DE","og_type":"article","og_title":"CZ Scorpion Evo 3 S1 Carbine Faux-Suppressor - MSPS - Schie\u00dfkurse und Waffenhandel","og_description":"Abgabe nur an Inhaber einer passenden Erwerbserlaubnis. Mit der CZ Selbstladeb\u00fcchse Scorpion Evo 3 werden neue Ma\u00dfst\u00e4be unter den Pistolenkarabinern f\u00fcr moderne Sportdisziplinen gesetzt. Die Selbstladekarabiner wurden von Grund auf eigenst\u00e4ndig von CZ konstruiert und auf sportliches Schie\u00dfen optimiert. Ihr deutlich niedrigeres Gewicht, die \u00fcberzeugende Ergonomie, Pr\u00e4zision, extreme Funktionssicherheit unter allen Temperatur- und Umweltbedingungen, intuitive...Read More","og_url":"https:\/\/www.ms-pracsol.de\/?product=cz-scorpion-evo-3-s1-carbine-faux-suppressor","og_site_name":"MSPS - Schie\u00dfkurse und Waffenhandel","article_modified_time":"2026-04-23T08:34:43+00:00","og_image":[{"width":1578,"height":1578,"url":"https:\/\/www.ms-pracsol.de\/wp-content\/uploads\/2021\/02\/cz_scorpion_evo3_s1_faux_01-2.jpeg","type":"image\/jpeg"}],"twitter_card":"summary_large_image","twitter_misc":{"Gesch\u00e4tzte Lesezeit":"1 Minute"},"schema":{"@context":"https:\/\/schema.org","@graph":[{"@type":"WebSite","@id":"https:\/\/www.ms-pracsol.de\/#website","url":"https:\/\/www.ms-pracsol.de\/","name":"MSPS - Schie\u00dfkurse und Waffenhandel","description":"Eure Kompetenz im Ruhrgebiet","potentialAction":[{"@type":"SearchAction","target":{"@type":"EntryPoint","urlTemplate":"https:\/\/www.ms-pracsol.de\/?s={search_term_string}"},"query-input":"required name=search_term_string"}],"inLanguage":"de-DE"},{"@type":"ImageObject","inLanguage":"de-DE","@id":"https:\/\/www.ms-pracsol.de\/?product=cz-scorpion-evo-3-s1-carbine-faux-suppressor#primaryimage","url":"https:\/\/i0.wp.com\/www.ms-pracsol.de\/wp-content\/uploads\/2021\/02\/cz_scorpion_evo3_s1_faux_01-2.jpeg?fit=1578%2C1578&ssl=1","contentUrl":"https:\/\/i0.wp.com\/www.ms-pracsol.de\/wp-content\/uploads\/2021\/02\/cz_scorpion_evo3_s1_faux_01-2.jpeg?fit=1578%2C1578&ssl=1","width":1578,"height":1578},{"@type":"WebPage","@id":"https:\/\/www.ms-pracsol.de\/?product=cz-scorpion-evo-3-s1-carbine-faux-suppressor#webpage","url":"https:\/\/www.ms-pracsol.de\/?product=cz-scorpion-evo-3-s1-carbine-faux-suppressor","name":"CZ Scorpion Evo 3 S1 Carbine Faux-Suppressor - MSPS - Schie\u00dfkurse und Waffenhandel","isPartOf":{"@id":"https:\/\/www.ms-pracsol.de\/#website"},"primaryImageOfPage":{"@id":"https:\/\/www.ms-pracsol.de\/?product=cz-scorpion-evo-3-s1-carbine-faux-suppressor#primaryimage"},"datePublished":"2021-02-25T12:53:36+00:00","dateModified":"2026-04-23T08:34:43+00:00","breadcrumb":{"@id":"https:\/\/www.ms-pracsol.de\/?product=cz-scorpion-evo-3-s1-carbine-faux-suppressor#breadcrumb"},"inLanguage":"de-DE","potentialAction":[{"@type":"ReadAction","target":["https:\/\/www.ms-pracsol.de\/?product=cz-scorpion-evo-3-s1-carbine-faux-suppressor"]}]},{"@type":"BreadcrumbList","@id":"https:\/\/www.ms-pracsol.de\/?product=cz-scorpion-evo-3-s1-carbine-faux-suppressor#breadcrumb","itemListElement":[{"@type":"ListItem","position":1,"name":"Startseite","item":"https:\/\/www.ms-pracsol.de\/"},{"@type":"ListItem","position":2,"name":"Shop","item":"https:\/\/www.ms-pracsol.de\/?page_id=55"},{"@type":"ListItem","position":3,"name":"CZ Scorpion Evo 3 S1 Carbine Faux-Suppressor"}]}]}},"_links":{"self":[{"href":"https:\/\/www.ms-pracsol.de\/index.php?rest_route=\/wp\/v2\/product\/382"}],"collection":[{"href":"https:\/\/www.ms-pracsol.de\/index.php?rest_route=\/wp\/v2\/product"}],"about":[{"href":"https:\/\/www.ms-pracsol.de\/index.php?rest_route=\/wp\/v2\/types\/product"}],"replies":[{"embeddable":true,"href":"https:\/\/www.ms-pracsol.de\/index.php?rest_route=%2Fwp%2Fv2%2Fcomments&post=382"}],"wp:featuredmedia":[{"embeddable":true,"href":"https:\/\/www.ms-pracsol.de\/index.php?rest_route=\/wp\/v2\/media\/431"}],"wp:attachment":[{"href":"https:\/\/www.ms-pracsol.de\/index.php?rest_route=%2Fwp%2Fv2%2Fmedia&parent=382"}],"wp:term":[{"taxonomy":"product_cat","embeddable":true,"href":"https:\/\/www.ms-pracsol.de\/index.php?rest_route=%2Fwp%2Fv2%2Fproduct_cat&post=382"},{"taxonomy":"product_tag","embeddable":true,"href":"https:\/\/www.ms-pracsol.de\/index.php?rest_route=%2Fwp%2Fv2%2Fproduct_tag&post=382"}],"curies":[{"name":"wp","href":"https:\/\/api.w.org\/{rel}","templated":true}]}}