{"id":327,"date":"2020-06-08T21:54:47","date_gmt":"2020-06-08T19:54:47","guid":{"rendered":"https:\/\/www.ms-pracsol.de\/?post_type=product&#038;p=327"},"modified":"2025-07-26T12:20:46","modified_gmt":"2025-07-26T10:20:46","slug":"schmeisser-ar15-s4f-sport-105","status":"publish","type":"product","link":"https:\/\/www.ms-pracsol.de\/?product=schmeisser-ar15-s4f-sport-105","title":{"rendered":"Schmeisser AR15-S4F Sport 10,5&#8243;"},"content":{"rendered":"<p><em>Abgabe nur an Inhaber einer passenden Erwerbserlaubnis.<\/em><\/p>\n<p>&nbsp;<\/p>\n<p>Kaliber: .223 Rem<\/p>\n<p>Sensationell kurz und f\u00fchrig! Auch f\u00fcr Sportsch\u00fctzen erwerbbar! Positiver BKA-Feststellungsbescheid vorhanden!<\/p>\n<p>&nbsp;<\/p>\n<p>Hergestellt in Deutschland durch Schmeisser.<\/p>\n<p>Zustand: Neuware. Originalverpackt.<\/p>\n<p><strong>Sportlich zugelassen: Ja.<\/strong><\/p>\n<p>&nbsp;<\/p>\n<div>Durch den Erfolg der S4F im jagdlichen Bereich und der immer gr\u00f6\u00dfer werdenden Nachfrage im sportlichen Bereich, k\u00f6nnen wir nun auch endlich im Kaliber .223 Remington eine kurze, sportliche AR15 anbieten.<br \/>\nWie auch bei der AR15-9 haben wir eine BKA-Freigabe bekommen, aufgrund der Verwendung von Festschaft und geschlossenem Handschutz.<\/div>\n<div>Jedoch war es uns m\u00f6glich, bei diesen Versionen f\u00fcr auch unseren bew\u00e4hrten NOREC Kompensator eine Freigabe zu erreichen.<br \/>\nAuch hiermit sind Sie also f\u00fcr statische und dynamische schie\u00dfsportliche Disziplinen bestens ausger\u00fcstet.<\/div>\n<p>&nbsp;<\/p>\n<p><strong>Merkmale:<\/strong><\/p>\n<ul>\n<li>Geschlossener Vorderschaft<\/li>\n<\/ul>\n<ul>\n<li>Picatinny-Aufnahme<\/li>\n<\/ul>\n<ul>\n<li>Beidseitig bedienbar(Durchladehebel, Verschlussfanghebel, Magazinausl\u00f6sehebel, Sicherung)<\/li>\n<\/ul>\n<ul>\n<li>Halbautomatisches direktes Gassystem (Direct Impingement System)<\/li>\n<\/ul>\n<ul>\n<li>Fester Hinterschaft<\/li>\n<\/ul>\n<ul>\n<li>BKA-Feststellungsbescheid<\/li>\n<\/ul>\n<p>&nbsp;<\/p>\n<p><strong>Lieferumfang:<\/strong><\/p>\n<ul>\n<li><strong>Schmeisser AR15-S4F Sport 10,5&#8243; .223 Rem<\/strong><\/li>\n<\/ul>\n<ul>\n<li>stabiler und wertiger abschliessbarer Waffenkoffer<\/li>\n<\/ul>\n<ul>\n<li>NOREC\u00a0Kompensator<\/li>\n<\/ul>\n<ul>\n<li><strong>Reinigungsset<\/strong><\/li>\n<\/ul>\n<ul>\n<li>Chamber Flag<\/li>\n<\/ul>\n<ul>\n<li>Bedienungsanleitung<\/li>\n<\/ul>\n<p>&nbsp;<\/p>\n<p>UVP des Herstellers 2.299 \u20ac<\/p>\n<p>&nbsp;<\/p>\n<p>&nbsp;<\/p>\n<p>Toll f\u00fcr Sportsch\u00fctzen (z.B. ZG4 im BDMP) oder auch f\u00fcr J\u00e4ger (z.B. Rehwild).<\/p>\n<p>&nbsp;<\/p>\n<p>Erwerb auf Gr\u00fcne WBK, Jahresjagdschein, WHL, Rote WBK m\u00f6glich (mit entsprechenden Vermerken in der jeweiligen EWB).<\/p>\n<p>&nbsp;<\/p>\n","protected":false},"excerpt":{"rendered":"<p>Abgabe nur an Inhaber einer passenden Erwerbserlaubnis. &nbsp; Kaliber: .223 Rem Sensationell kurz und f\u00fchrig! Auch f\u00fcr Sportsch\u00fctzen erwerbbar! Positiver BKA-Feststellungsbescheid vorhanden! &nbsp; Hergestellt in Deutschland durch Schmeisser. Zustand: Neuware. Originalverpackt. Sportlich zugelassen: Ja. &nbsp; Durch den Erfolg der S4F im jagdlichen Bereich und der immer gr\u00f6\u00dfer werdenden Nachfrage im sportlichen Bereich, k\u00f6nnen wir nun&#8230;<\/p>\n<p class=\"more-link\"><a href=\"https:\/\/www.ms-pracsol.de\/?product=schmeisser-ar15-s4f-sport-105\" class=\"themebutton3\">Read More<\/a><\/p>\n","protected":false},"featured_media":422,"comment_status":"open","ping_status":"closed","template":"","meta":{"spay_email":"","jetpack_publicize_message":"","jetpack_is_tweetstorm":false,"jetpack_publicize_feature_enabled":true},"product_cat":[119,35],"product_tag":[],"yoast_head":"<!-- This site is optimized with the Yoast SEO plugin v18.7 - https:\/\/yoast.com\/wordpress\/plugins\/seo\/ -->\n<title>Schmeisser AR15-S4F Sport 10,5&quot; - MSPS - Schie\u00dfkurse und Waffenhandel<\/title>\n<meta name=\"robots\" content=\"index, follow, max-snippet:-1, max-image-preview:large, max-video-preview:-1\" \/>\n<link rel=\"canonical\" href=\"https:\/\/www.ms-pracsol.de\/?product=schmeisser-ar15-s4f-sport-105\" \/>\n<meta property=\"og:locale\" content=\"de_DE\" \/>\n<meta property=\"og:type\" content=\"article\" \/>\n<meta property=\"og:title\" content=\"Schmeisser AR15-S4F Sport 10,5&quot; - MSPS - Schie\u00dfkurse und Waffenhandel\" \/>\n<meta property=\"og:description\" content=\"Abgabe nur an Inhaber einer passenden Erwerbserlaubnis. &nbsp; Kaliber: .223 Rem Sensationell kurz und f\u00fchrig! Auch f\u00fcr Sportsch\u00fctzen erwerbbar! Positiver BKA-Feststellungsbescheid vorhanden! &nbsp; Hergestellt in Deutschland durch Schmeisser. Zustand: Neuware. Originalverpackt. Sportlich zugelassen: Ja. &nbsp; Durch den Erfolg der S4F im jagdlichen Bereich und der immer gr\u00f6\u00dfer werdenden Nachfrage im sportlichen Bereich, k\u00f6nnen wir nun...Read More\" \/>\n<meta property=\"og:url\" content=\"https:\/\/www.ms-pracsol.de\/?product=schmeisser-ar15-s4f-sport-105\" \/>\n<meta property=\"og:site_name\" content=\"MSPS - Schie\u00dfkurse und Waffenhandel\" \/>\n<meta property=\"article:modified_time\" content=\"2025-07-26T10:20:46+00:00\" \/>\n<meta property=\"og:image\" content=\"https:\/\/www.ms-pracsol.de\/wp-content\/uploads\/2020\/06\/AR15-2020-223-Sport-S-Li_web.png\" \/>\n\t<meta property=\"og:image:width\" content=\"1000\" \/>\n\t<meta property=\"og:image:height\" content=\"1000\" \/>\n\t<meta property=\"og:image:type\" content=\"image\/png\" \/>\n<meta name=\"twitter:card\" content=\"summary_large_image\" \/>\n<meta name=\"twitter:label1\" content=\"Gesch\u00e4tzte Lesezeit\" \/>\n\t<meta name=\"twitter:data1\" content=\"1 Minute\" \/>\n<script type=\"application\/ld+json\" class=\"yoast-schema-graph\">{\"@context\":\"https:\/\/schema.org\",\"@graph\":[{\"@type\":\"WebSite\",\"@id\":\"https:\/\/www.ms-pracsol.de\/#website\",\"url\":\"https:\/\/www.ms-pracsol.de\/\",\"name\":\"MSPS - Schie\u00dfkurse und Waffenhandel\",\"description\":\"Eure Kompetenz im Ruhrgebiet\",\"potentialAction\":[{\"@type\":\"SearchAction\",\"target\":{\"@type\":\"EntryPoint\",\"urlTemplate\":\"https:\/\/www.ms-pracsol.de\/?s={search_term_string}\"},\"query-input\":\"required name=search_term_string\"}],\"inLanguage\":\"de-DE\"},{\"@type\":\"ImageObject\",\"inLanguage\":\"de-DE\",\"@id\":\"https:\/\/www.ms-pracsol.de\/?product=schmeisser-ar15-s4f-sport-105#primaryimage\",\"url\":\"https:\/\/i0.wp.com\/www.ms-pracsol.de\/wp-content\/uploads\/2020\/06\/AR15-2020-223-Sport-S-Li_web.png?fit=1000%2C1000&ssl=1\",\"contentUrl\":\"https:\/\/i0.wp.com\/www.ms-pracsol.de\/wp-content\/uploads\/2020\/06\/AR15-2020-223-Sport-S-Li_web.png?fit=1000%2C1000&ssl=1\",\"width\":1000,\"height\":1000},{\"@type\":\"WebPage\",\"@id\":\"https:\/\/www.ms-pracsol.de\/?product=schmeisser-ar15-s4f-sport-105#webpage\",\"url\":\"https:\/\/www.ms-pracsol.de\/?product=schmeisser-ar15-s4f-sport-105\",\"name\":\"Schmeisser AR15-S4F Sport 10,5\\\" - MSPS - Schie\u00dfkurse und Waffenhandel\",\"isPartOf\":{\"@id\":\"https:\/\/www.ms-pracsol.de\/#website\"},\"primaryImageOfPage\":{\"@id\":\"https:\/\/www.ms-pracsol.de\/?product=schmeisser-ar15-s4f-sport-105#primaryimage\"},\"datePublished\":\"2020-06-08T19:54:47+00:00\",\"dateModified\":\"2025-07-26T10:20:46+00:00\",\"breadcrumb\":{\"@id\":\"https:\/\/www.ms-pracsol.de\/?product=schmeisser-ar15-s4f-sport-105#breadcrumb\"},\"inLanguage\":\"de-DE\",\"potentialAction\":[{\"@type\":\"ReadAction\",\"target\":[\"https:\/\/www.ms-pracsol.de\/?product=schmeisser-ar15-s4f-sport-105\"]}]},{\"@type\":\"BreadcrumbList\",\"@id\":\"https:\/\/www.ms-pracsol.de\/?product=schmeisser-ar15-s4f-sport-105#breadcrumb\",\"itemListElement\":[{\"@type\":\"ListItem\",\"position\":1,\"name\":\"Startseite\",\"item\":\"https:\/\/www.ms-pracsol.de\/\"},{\"@type\":\"ListItem\",\"position\":2,\"name\":\"Shop\",\"item\":\"https:\/\/www.ms-pracsol.de\/?page_id=55\"},{\"@type\":\"ListItem\",\"position\":3,\"name\":\"Schmeisser AR15-S4F Sport 10,5&#8243;\"}]}]}<\/script>\n<!-- \/ Yoast SEO plugin. -->","yoast_head_json":{"title":"Schmeisser AR15-S4F Sport 10,5\" - MSPS - Schie\u00dfkurse und Waffenhandel","robots":{"index":"index","follow":"follow","max-snippet":"max-snippet:-1","max-image-preview":"max-image-preview:large","max-video-preview":"max-video-preview:-1"},"canonical":"https:\/\/www.ms-pracsol.de\/?product=schmeisser-ar15-s4f-sport-105","og_locale":"de_DE","og_type":"article","og_title":"Schmeisser AR15-S4F Sport 10,5\" - MSPS - Schie\u00dfkurse und Waffenhandel","og_description":"Abgabe nur an Inhaber einer passenden Erwerbserlaubnis. &nbsp; Kaliber: .223 Rem Sensationell kurz und f\u00fchrig! Auch f\u00fcr Sportsch\u00fctzen erwerbbar! Positiver BKA-Feststellungsbescheid vorhanden! &nbsp; Hergestellt in Deutschland durch Schmeisser. Zustand: Neuware. Originalverpackt. Sportlich zugelassen: Ja. &nbsp; Durch den Erfolg der S4F im jagdlichen Bereich und der immer gr\u00f6\u00dfer werdenden Nachfrage im sportlichen Bereich, k\u00f6nnen wir nun...Read More","og_url":"https:\/\/www.ms-pracsol.de\/?product=schmeisser-ar15-s4f-sport-105","og_site_name":"MSPS - Schie\u00dfkurse und Waffenhandel","article_modified_time":"2025-07-26T10:20:46+00:00","og_image":[{"width":1000,"height":1000,"url":"https:\/\/www.ms-pracsol.de\/wp-content\/uploads\/2020\/06\/AR15-2020-223-Sport-S-Li_web.png","type":"image\/png"}],"twitter_card":"summary_large_image","twitter_misc":{"Gesch\u00e4tzte Lesezeit":"1 Minute"},"schema":{"@context":"https:\/\/schema.org","@graph":[{"@type":"WebSite","@id":"https:\/\/www.ms-pracsol.de\/#website","url":"https:\/\/www.ms-pracsol.de\/","name":"MSPS - Schie\u00dfkurse und Waffenhandel","description":"Eure Kompetenz im Ruhrgebiet","potentialAction":[{"@type":"SearchAction","target":{"@type":"EntryPoint","urlTemplate":"https:\/\/www.ms-pracsol.de\/?s={search_term_string}"},"query-input":"required name=search_term_string"}],"inLanguage":"de-DE"},{"@type":"ImageObject","inLanguage":"de-DE","@id":"https:\/\/www.ms-pracsol.de\/?product=schmeisser-ar15-s4f-sport-105#primaryimage","url":"https:\/\/i0.wp.com\/www.ms-pracsol.de\/wp-content\/uploads\/2020\/06\/AR15-2020-223-Sport-S-Li_web.png?fit=1000%2C1000&ssl=1","contentUrl":"https:\/\/i0.wp.com\/www.ms-pracsol.de\/wp-content\/uploads\/2020\/06\/AR15-2020-223-Sport-S-Li_web.png?fit=1000%2C1000&ssl=1","width":1000,"height":1000},{"@type":"WebPage","@id":"https:\/\/www.ms-pracsol.de\/?product=schmeisser-ar15-s4f-sport-105#webpage","url":"https:\/\/www.ms-pracsol.de\/?product=schmeisser-ar15-s4f-sport-105","name":"Schmeisser AR15-S4F Sport 10,5\" - MSPS - Schie\u00dfkurse und Waffenhandel","isPartOf":{"@id":"https:\/\/www.ms-pracsol.de\/#website"},"primaryImageOfPage":{"@id":"https:\/\/www.ms-pracsol.de\/?product=schmeisser-ar15-s4f-sport-105#primaryimage"},"datePublished":"2020-06-08T19:54:47+00:00","dateModified":"2025-07-26T10:20:46+00:00","breadcrumb":{"@id":"https:\/\/www.ms-pracsol.de\/?product=schmeisser-ar15-s4f-sport-105#breadcrumb"},"inLanguage":"de-DE","potentialAction":[{"@type":"ReadAction","target":["https:\/\/www.ms-pracsol.de\/?product=schmeisser-ar15-s4f-sport-105"]}]},{"@type":"BreadcrumbList","@id":"https:\/\/www.ms-pracsol.de\/?product=schmeisser-ar15-s4f-sport-105#breadcrumb","itemListElement":[{"@type":"ListItem","position":1,"name":"Startseite","item":"https:\/\/www.ms-pracsol.de\/"},{"@type":"ListItem","position":2,"name":"Shop","item":"https:\/\/www.ms-pracsol.de\/?page_id=55"},{"@type":"ListItem","position":3,"name":"Schmeisser AR15-S4F Sport 10,5&#8243;"}]}]}},"_links":{"self":[{"href":"https:\/\/www.ms-pracsol.de\/index.php?rest_route=\/wp\/v2\/product\/327"}],"collection":[{"href":"https:\/\/www.ms-pracsol.de\/index.php?rest_route=\/wp\/v2\/product"}],"about":[{"href":"https:\/\/www.ms-pracsol.de\/index.php?rest_route=\/wp\/v2\/types\/product"}],"replies":[{"embeddable":true,"href":"https:\/\/www.ms-pracsol.de\/index.php?rest_route=%2Fwp%2Fv2%2Fcomments&post=327"}],"wp:featuredmedia":[{"embeddable":true,"href":"https:\/\/www.ms-pracsol.de\/index.php?rest_route=\/wp\/v2\/media\/422"}],"wp:attachment":[{"href":"https:\/\/www.ms-pracsol.de\/index.php?rest_route=%2Fwp%2Fv2%2Fmedia&parent=327"}],"wp:term":[{"taxonomy":"product_cat","embeddable":true,"href":"https:\/\/www.ms-pracsol.de\/index.php?rest_route=%2Fwp%2Fv2%2Fproduct_cat&post=327"},{"taxonomy":"product_tag","embeddable":true,"href":"https:\/\/www.ms-pracsol.de\/index.php?rest_route=%2Fwp%2Fv2%2Fproduct_tag&post=327"}],"curies":[{"name":"wp","href":"https:\/\/api.w.org\/{rel}","templated":true}]}}