{"id":309,"date":"2020-06-08T21:05:20","date_gmt":"2020-06-08T19:05:20","guid":{"rendered":"https:\/\/www.ms-pracsol.de\/?post_type=product&#038;p=309"},"modified":"2022-02-10T14:09:42","modified_gmt":"2022-02-10T13:09:42","slug":"schmeisser-ar-15-dmr-18","status":"publish","type":"product","link":"https:\/\/www.ms-pracsol.de\/?product=schmeisser-ar-15-dmr-18","title":{"rendered":"Schmeisser AR-15 DMR 18&#8243;"},"content":{"rendered":"<p><em>Abgabe nur an Inhaber einer passenden Erwerbserlaubnis.<\/em><\/p>\n<p>&nbsp;<\/p>\n<p>Kaliber: .223 Rem<\/p>\n<p>Schmeisser &#8222;Marksman&#8220; Serie. DMR steht f\u00fcr &#8222;Designated Marksman Rifle&#8220;. Der DMR ist der Zielfernrohrsch\u00fctze einer Gruppe.<\/p>\n<p>Hergestellt in Deutschland durch Schmeisser.<\/p>\n<p>Zustand: Neuware. Originalverpackt.<\/p>\n<p>Lauf: Felder und Z\u00fcge perfekt. Neuware.<\/p>\n<p>Beschuss: Deutsch, g\u00fcltig.<\/p>\n<p>Sportlich zugelassen: Ja.<\/p>\n<p>&nbsp;<\/p>\n<p>&nbsp;<\/p>\n<p>Die Marksman Serie setzt neue Ma\u00dfst\u00e4be in der AR15 Pr\u00e4zision und Handhabung. Genau die richtige Wahl f\u00fcr alle, die sich Perfektion rightout-of-the-box w\u00fcnschen.<\/p>\n<p>Jede einzelne Schmeisser AR15 wird nach der Endmontage mit diverser Munition und unterschiedlichen Magazinen Probe geschossen. So kann sich jeder Sch\u00fctze von Anfang an auf seine Waffe verlassen. Alle Schmeisser AR15 sind beidseitig bedienbar.<\/p>\n<p>Diese Waffe hat einen kannelierten,freischwingenden .936er Matchlauf mit IPSC Konformem NOREC Kompensator\u00a0einen schlanken Keymod-Vorderschaft und einen Stahl Gasblock. Der vollverstellbare Match-Abzug und der Schaft lassen sich individuell<br \/>\nauf jeden Sch\u00fctzen anpassen. Sowohl Sicherung, Magazinausl\u00f6ser, Durchladehebel als\u00a0auch Verschlussfang sind beidseitig ausgelegt\u00a0Die Solid-Verst\u00e4rkung am Lower erh\u00f6ht die Stabilitit\u00e4t um\u00a0ein Vielfaches gegen\u00fcber herk\u00f6mmlichen AR15.\u00a0Auslieferung erfolgt serienm\u00e4\u00dfig mit 10 Schuss Magazin.<\/p>\n<p>&nbsp;<\/p>\n<p><strong>Merkmale:<\/strong><\/p>\n<ul>\n<li>Keymod-Vorderschaft<\/li>\n<\/ul>\n<ul>\n<li>Picatinny-Aufnahme<\/li>\n<\/ul>\n<ul>\n<li>Einstellbarer Match-Abzug<\/li>\n<\/ul>\n<ul>\n<li>Beidseitig bedienbar(Durchladehebel, Verschlussfanghebel, Magazinausl\u00f6sehebel, Sicherung)<\/li>\n<\/ul>\n<ul>\n<li>\u00a0Solid Verst\u00e4rkung am Lower<\/li>\n<\/ul>\n<ul>\n<li>Halbautomatisches direktes Gassystem (Direct Impingement System)<\/li>\n<\/ul>\n<ul>\n<li>Verstellbarer Sniper-Hinterschaft<\/li>\n<\/ul>\n<p>&nbsp;<\/p>\n<p><strong>Lieferumfang:<\/strong><\/p>\n<ul>\n<li><strong>Schmeisser AR-15 DMR 18&#8243; .223 Rem<\/strong><\/li>\n<\/ul>\n<ul>\n<li>stabiler und wertiger abschliessbarer Waffenkoffer<\/li>\n<\/ul>\n<ul>\n<li><strong>Zweibein<\/strong><\/li>\n<\/ul>\n<ul>\n<li>Kompensator<\/li>\n<\/ul>\n<ul>\n<li><strong>Reinigungsset<\/strong><\/li>\n<\/ul>\n<ul>\n<li>Chamber Flag<\/li>\n<\/ul>\n<ul>\n<li>Bedienungsanleitung<\/li>\n<\/ul>\n<p>&nbsp;<\/p>\n<p>System:\u00a0Halbautomatisches direktes Gassystem<\/p>\n<p>Kaliber: .223 Rem.<\/p>\n<p>Gewicht: 4.350 Gramm<\/p>\n<p>Lange:\u00a095 cm eingeschoben, 104 cm ausgezogen<\/p>\n<p>Lauf: 18&#8243;\/\u00a046 cm, freischwingend, kanneliert\/ geflutetes Bull barrel Profil, .936er Matchlauf, Edelstahl<\/p>\n<p>Drall:\u00a01:8 (knopfgezogen)<\/p>\n<p>M\u00fcndungsfeuerd\u00e4mpfer:\u00a0NoRec Kompensator, Stahl, A2\/M4 nach Mil-Spec<\/p>\n<p>M\u00fcndungsgewinde:\u00a01\/2&#215;28 UNEF-2A<\/p>\n<p>Verschluss:\u00a0Semi-Auto Verschlusstr\u00e4ger, phosphatiert und teilverchromt<\/p>\n<p>Oberes Geh\u00e4use:\u00a0Nach Mil-Spec aus 7075 T6 Aluminium geschmiedet inkl. Picatinny-Profil, harteloxiert<\/p>\n<p>Durchladehebel:\u00a0Beidseitig bedienbar, 6082 T6 Aluminium<\/p>\n<p>Handschutz:\u00a0Freischwingend mit Stahlgewindeeins\u00e4tzen (HELICOIL\u00ae). 39 cm L\u00e4nge, \u201cSlim-Line\u201d Profil, Picatinny-Schiene oben, dreiseitige Key-Mod Haltepunkte, harteloxiert<\/p>\n<p>Unteres Geh\u00e4use:\u00a0nach Mil-Spec aus 7075 T6 Aluminium geschmiedet, harteloxiert<\/p>\n<p>Schaft:\u00a0A4 Kunststofffestschaft mit integriertem Reservemagazin (Kapazit\u00e4t 10 Patronen)<\/p>\n<p>Buffer:\u00a0Standard rifle buffer und Feder<\/p>\n<p>Abzug:\u00a0Druckpunktabzug, verstellbar, Abzugsgewicht 2.400 Gramm (1.500\/900 Gramm)<\/p>\n<p>Sicherung:\u00a0Beidseitige Fl\u00fcgelsicherung<\/p>\n<p>Griff:\u00a0Kunststoff Pistolengriff gummiert<\/p>\n<p>Magazin:\u00a010 Schuss, wechselbar. Standard AR-15 Magazine passen<\/p>\n<p>Schaftr\u00f6hre:\u00a0Voll verstellbarer Sniper buttstock\/ Hinterschaft<\/p>\n<p>Verschlussfanghebel:\u00a0Beidseitig bedienbar, Stahl<\/p>\n<p><strong>UVP des Herstellers 3.590,00 \u20ac<\/strong><\/p>\n<p>&nbsp;<\/p>\n<p>&nbsp;<\/p>\n<p>&nbsp;<\/p>\n<p>Toll f\u00fcr Sportsch\u00fctzen (z.B. ZG4 im BDMP) oder auch f\u00fcr J\u00e4ger (z.B. Rehwild).<\/p>\n<p>&nbsp;<\/p>\n<p>Erwerb auf Gr\u00fcne WBK, Jahresjagdschein, WHL, Rote WBK m\u00f6glich (mit entsprechenden Vermerken in der jeweiligen EWB).<\/p>\n","protected":false},"excerpt":{"rendered":"<p>Abgabe nur an Inhaber einer passenden Erwerbserlaubnis. &nbsp; Kaliber: .223 Rem Schmeisser &#8222;Marksman&#8220; Serie. DMR steht f\u00fcr &#8222;Designated Marksman Rifle&#8220;. Der DMR ist der Zielfernrohrsch\u00fctze einer Gruppe. Hergestellt in Deutschland durch Schmeisser. Zustand: Neuware. Originalverpackt. Lauf: Felder und Z\u00fcge perfekt. Neuware. Beschuss: Deutsch, g\u00fcltig. Sportlich zugelassen: Ja. &nbsp; &nbsp; Die Marksman Serie setzt neue Ma\u00dfst\u00e4be&#8230;<\/p>\n<p class=\"more-link\"><a href=\"https:\/\/www.ms-pracsol.de\/?product=schmeisser-ar-15-dmr-18\" class=\"themebutton3\">Read More<\/a><\/p>\n","protected":false},"featured_media":313,"comment_status":"open","ping_status":"closed","template":"","meta":{"spay_email":"","jetpack_publicize_message":"","jetpack_is_tweetstorm":false,"jetpack_publicize_feature_enabled":true},"product_cat":[35],"product_tag":[],"yoast_head":"<!-- This site is optimized with the Yoast SEO plugin v18.7 - https:\/\/yoast.com\/wordpress\/plugins\/seo\/ -->\n<title>Schmeisser AR-15 DMR 18&quot; - MSPS - Schie\u00dfkurse und Waffenhandel<\/title>\n<meta name=\"robots\" content=\"index, follow, max-snippet:-1, max-image-preview:large, max-video-preview:-1\" \/>\n<link rel=\"canonical\" href=\"https:\/\/www.ms-pracsol.de\/?product=schmeisser-ar-15-dmr-18\" \/>\n<meta property=\"og:locale\" content=\"de_DE\" \/>\n<meta property=\"og:type\" content=\"article\" \/>\n<meta property=\"og:title\" content=\"Schmeisser AR-15 DMR 18&quot; - MSPS - Schie\u00dfkurse und Waffenhandel\" \/>\n<meta property=\"og:description\" content=\"Abgabe nur an Inhaber einer passenden Erwerbserlaubnis. &nbsp; Kaliber: .223 Rem Schmeisser &#8222;Marksman&#8220; Serie. DMR steht f\u00fcr &#8222;Designated Marksman Rifle&#8220;. Der DMR ist der Zielfernrohrsch\u00fctze einer Gruppe. Hergestellt in Deutschland durch Schmeisser. Zustand: Neuware. Originalverpackt. Lauf: Felder und Z\u00fcge perfekt. Neuware. Beschuss: Deutsch, g\u00fcltig. Sportlich zugelassen: Ja. &nbsp; &nbsp; Die Marksman Serie setzt neue Ma\u00dfst\u00e4be...Read More\" \/>\n<meta property=\"og:url\" content=\"https:\/\/www.ms-pracsol.de\/?product=schmeisser-ar-15-dmr-18\" \/>\n<meta property=\"og:site_name\" content=\"MSPS - Schie\u00dfkurse und Waffenhandel\" \/>\n<meta property=\"article:modified_time\" content=\"2022-02-10T13:09:42+00:00\" \/>\n<meta property=\"og:image\" content=\"https:\/\/www.ms-pracsol.de\/wp-content\/uploads\/2020\/06\/DMR-18-Li-1.png\" \/>\n\t<meta property=\"og:image:width\" content=\"1980\" \/>\n\t<meta property=\"og:image:height\" content=\"662\" \/>\n\t<meta property=\"og:image:type\" content=\"image\/png\" \/>\n<meta name=\"twitter:card\" content=\"summary_large_image\" \/>\n<meta name=\"twitter:label1\" content=\"Gesch\u00e4tzte Lesezeit\" \/>\n\t<meta name=\"twitter:data1\" content=\"2 Minuten\" \/>\n<script type=\"application\/ld+json\" class=\"yoast-schema-graph\">{\"@context\":\"https:\/\/schema.org\",\"@graph\":[{\"@type\":\"WebSite\",\"@id\":\"https:\/\/www.ms-pracsol.de\/#website\",\"url\":\"https:\/\/www.ms-pracsol.de\/\",\"name\":\"MSPS - Schie\u00dfkurse und Waffenhandel\",\"description\":\"Eure Kompetenz im Ruhrgebiet\",\"potentialAction\":[{\"@type\":\"SearchAction\",\"target\":{\"@type\":\"EntryPoint\",\"urlTemplate\":\"https:\/\/www.ms-pracsol.de\/?s={search_term_string}\"},\"query-input\":\"required name=search_term_string\"}],\"inLanguage\":\"de-DE\"},{\"@type\":\"ImageObject\",\"inLanguage\":\"de-DE\",\"@id\":\"https:\/\/www.ms-pracsol.de\/?product=schmeisser-ar-15-dmr-18#primaryimage\",\"url\":\"https:\/\/i0.wp.com\/www.ms-pracsol.de\/wp-content\/uploads\/2020\/06\/DMR-18-Li-1.png?fit=1980%2C662&ssl=1\",\"contentUrl\":\"https:\/\/i0.wp.com\/www.ms-pracsol.de\/wp-content\/uploads\/2020\/06\/DMR-18-Li-1.png?fit=1980%2C662&ssl=1\",\"width\":1980,\"height\":662},{\"@type\":\"WebPage\",\"@id\":\"https:\/\/www.ms-pracsol.de\/?product=schmeisser-ar-15-dmr-18#webpage\",\"url\":\"https:\/\/www.ms-pracsol.de\/?product=schmeisser-ar-15-dmr-18\",\"name\":\"Schmeisser AR-15 DMR 18\\\" - MSPS - Schie\u00dfkurse und Waffenhandel\",\"isPartOf\":{\"@id\":\"https:\/\/www.ms-pracsol.de\/#website\"},\"primaryImageOfPage\":{\"@id\":\"https:\/\/www.ms-pracsol.de\/?product=schmeisser-ar-15-dmr-18#primaryimage\"},\"datePublished\":\"2020-06-08T19:05:20+00:00\",\"dateModified\":\"2022-02-10T13:09:42+00:00\",\"breadcrumb\":{\"@id\":\"https:\/\/www.ms-pracsol.de\/?product=schmeisser-ar-15-dmr-18#breadcrumb\"},\"inLanguage\":\"de-DE\",\"potentialAction\":[{\"@type\":\"ReadAction\",\"target\":[\"https:\/\/www.ms-pracsol.de\/?product=schmeisser-ar-15-dmr-18\"]}]},{\"@type\":\"BreadcrumbList\",\"@id\":\"https:\/\/www.ms-pracsol.de\/?product=schmeisser-ar-15-dmr-18#breadcrumb\",\"itemListElement\":[{\"@type\":\"ListItem\",\"position\":1,\"name\":\"Startseite\",\"item\":\"https:\/\/www.ms-pracsol.de\/\"},{\"@type\":\"ListItem\",\"position\":2,\"name\":\"Shop\",\"item\":\"https:\/\/www.ms-pracsol.de\/?page_id=55\"},{\"@type\":\"ListItem\",\"position\":3,\"name\":\"Schmeisser AR-15 DMR 18&#8243;\"}]}]}<\/script>\n<!-- \/ Yoast SEO plugin. -->","yoast_head_json":{"title":"Schmeisser AR-15 DMR 18\" - MSPS - Schie\u00dfkurse und Waffenhandel","robots":{"index":"index","follow":"follow","max-snippet":"max-snippet:-1","max-image-preview":"max-image-preview:large","max-video-preview":"max-video-preview:-1"},"canonical":"https:\/\/www.ms-pracsol.de\/?product=schmeisser-ar-15-dmr-18","og_locale":"de_DE","og_type":"article","og_title":"Schmeisser AR-15 DMR 18\" - MSPS - Schie\u00dfkurse und Waffenhandel","og_description":"Abgabe nur an Inhaber einer passenden Erwerbserlaubnis. &nbsp; Kaliber: .223 Rem Schmeisser &#8222;Marksman&#8220; Serie. DMR steht f\u00fcr &#8222;Designated Marksman Rifle&#8220;. Der DMR ist der Zielfernrohrsch\u00fctze einer Gruppe. Hergestellt in Deutschland durch Schmeisser. Zustand: Neuware. Originalverpackt. Lauf: Felder und Z\u00fcge perfekt. Neuware. Beschuss: Deutsch, g\u00fcltig. Sportlich zugelassen: Ja. &nbsp; &nbsp; Die Marksman Serie setzt neue Ma\u00dfst\u00e4be...Read More","og_url":"https:\/\/www.ms-pracsol.de\/?product=schmeisser-ar-15-dmr-18","og_site_name":"MSPS - Schie\u00dfkurse und Waffenhandel","article_modified_time":"2022-02-10T13:09:42+00:00","og_image":[{"width":1980,"height":662,"url":"https:\/\/www.ms-pracsol.de\/wp-content\/uploads\/2020\/06\/DMR-18-Li-1.png","type":"image\/png"}],"twitter_card":"summary_large_image","twitter_misc":{"Gesch\u00e4tzte Lesezeit":"2 Minuten"},"schema":{"@context":"https:\/\/schema.org","@graph":[{"@type":"WebSite","@id":"https:\/\/www.ms-pracsol.de\/#website","url":"https:\/\/www.ms-pracsol.de\/","name":"MSPS - Schie\u00dfkurse und Waffenhandel","description":"Eure Kompetenz im Ruhrgebiet","potentialAction":[{"@type":"SearchAction","target":{"@type":"EntryPoint","urlTemplate":"https:\/\/www.ms-pracsol.de\/?s={search_term_string}"},"query-input":"required name=search_term_string"}],"inLanguage":"de-DE"},{"@type":"ImageObject","inLanguage":"de-DE","@id":"https:\/\/www.ms-pracsol.de\/?product=schmeisser-ar-15-dmr-18#primaryimage","url":"https:\/\/i0.wp.com\/www.ms-pracsol.de\/wp-content\/uploads\/2020\/06\/DMR-18-Li-1.png?fit=1980%2C662&ssl=1","contentUrl":"https:\/\/i0.wp.com\/www.ms-pracsol.de\/wp-content\/uploads\/2020\/06\/DMR-18-Li-1.png?fit=1980%2C662&ssl=1","width":1980,"height":662},{"@type":"WebPage","@id":"https:\/\/www.ms-pracsol.de\/?product=schmeisser-ar-15-dmr-18#webpage","url":"https:\/\/www.ms-pracsol.de\/?product=schmeisser-ar-15-dmr-18","name":"Schmeisser AR-15 DMR 18\" - MSPS - Schie\u00dfkurse und Waffenhandel","isPartOf":{"@id":"https:\/\/www.ms-pracsol.de\/#website"},"primaryImageOfPage":{"@id":"https:\/\/www.ms-pracsol.de\/?product=schmeisser-ar-15-dmr-18#primaryimage"},"datePublished":"2020-06-08T19:05:20+00:00","dateModified":"2022-02-10T13:09:42+00:00","breadcrumb":{"@id":"https:\/\/www.ms-pracsol.de\/?product=schmeisser-ar-15-dmr-18#breadcrumb"},"inLanguage":"de-DE","potentialAction":[{"@type":"ReadAction","target":["https:\/\/www.ms-pracsol.de\/?product=schmeisser-ar-15-dmr-18"]}]},{"@type":"BreadcrumbList","@id":"https:\/\/www.ms-pracsol.de\/?product=schmeisser-ar-15-dmr-18#breadcrumb","itemListElement":[{"@type":"ListItem","position":1,"name":"Startseite","item":"https:\/\/www.ms-pracsol.de\/"},{"@type":"ListItem","position":2,"name":"Shop","item":"https:\/\/www.ms-pracsol.de\/?page_id=55"},{"@type":"ListItem","position":3,"name":"Schmeisser AR-15 DMR 18&#8243;"}]}]}},"_links":{"self":[{"href":"https:\/\/www.ms-pracsol.de\/index.php?rest_route=\/wp\/v2\/product\/309"}],"collection":[{"href":"https:\/\/www.ms-pracsol.de\/index.php?rest_route=\/wp\/v2\/product"}],"about":[{"href":"https:\/\/www.ms-pracsol.de\/index.php?rest_route=\/wp\/v2\/types\/product"}],"replies":[{"embeddable":true,"href":"https:\/\/www.ms-pracsol.de\/index.php?rest_route=%2Fwp%2Fv2%2Fcomments&post=309"}],"wp:featuredmedia":[{"embeddable":true,"href":"https:\/\/www.ms-pracsol.de\/index.php?rest_route=\/wp\/v2\/media\/313"}],"wp:attachment":[{"href":"https:\/\/www.ms-pracsol.de\/index.php?rest_route=%2Fwp%2Fv2%2Fmedia&parent=309"}],"wp:term":[{"taxonomy":"product_cat","embeddable":true,"href":"https:\/\/www.ms-pracsol.de\/index.php?rest_route=%2Fwp%2Fv2%2Fproduct_cat&post=309"},{"taxonomy":"product_tag","embeddable":true,"href":"https:\/\/www.ms-pracsol.de\/index.php?rest_route=%2Fwp%2Fv2%2Fproduct_tag&post=309"}],"curies":[{"name":"wp","href":"https:\/\/api.w.org\/{rel}","templated":true}]}}