{"id":217,"date":"2020-06-02T09:09:46","date_gmt":"2020-06-02T07:09:46","guid":{"rendered":"https:\/\/www.ms-pracsol.de\/?post_type=product&#038;p=217"},"modified":"2022-02-10T14:11:42","modified_gmt":"2022-02-10T13:11:42","slug":"sig-sauer-mcx-virtus-sport","status":"publish","type":"product","link":"https:\/\/www.ms-pracsol.de\/?product=sig-sauer-mcx-virtus-sport","title":{"rendered":"SIG Sauer MCX Virtus Sport"},"content":{"rendered":"<p><strong>Abgabe nur an Inhaber einer passenden Erwerbserlaubnis.<\/strong><\/p>\n<p>&nbsp;<\/p>\n<p><strong>TAGESAKTUELLER SONDERPREIS! Angebot kann sich jederzeit wieder zum Normalpreis \u00e4ndern!<\/strong><\/p>\n<p>&nbsp;<\/p>\n<p>MCX. Das modulare Gewehr \u2013 extrem robust durch Stahlverst\u00e4rkungen im Bereich der Ladehebelverriegelung, Zuf\u00fchrrampe und Steuerkontur. Mit M-Lok-Handschutz zur Aufnahme von Zubeh\u00f6r. Mit abklappbare und verstellbarer Schulterst\u00fctzen.<\/p>\n<p>Einfacher Laufwechsel m\u00f6glich (16,6&#8243;, 14,5&#8243;, 11,5&#8243;). Gesetzliche Bestimmungen beachten!<\/p>\n<p>Ausf\u00fchrung mit 16,6&#8243; (421 mm) Lauf, Teleskop-\/Klappschaft, Gesamtl\u00e4nge: 688\u2013917 mm, Gewicht: 3.120 g<\/p>\n<p>&nbsp;<\/p>\n<p>Kaliber: .223 Remington<\/p>\n<p>Werkzeuglos abnehmbarer Handschutz<\/p>\n<p>Einstellbare Gasabnahme<\/p>\n<p>M-Lok-Handschutz (oberer Teil Picatinny) zur Aufnahme von Zubeh\u00f6r<\/p>\n<p>Abklappbare, einschiebbare und l\u00e4ngenverstellbare Schulterst\u00fctze<\/p>\n<p>Hohe Kompatibilit\u00e4t zu AR-15 System (entsprechendes Zubeh\u00f6r\/ Austauschteile hier auch verwendbar)<\/p>\n<p>Sehr kompakt durch einklappbare Schulterst\u00fctze<\/p>\n<p>&nbsp;<\/p>\n<div class=\"fr-table-outer-wrap\">\n<div class=\"fr-table-wrap\">\n<table class=\"fr-simple-table fr-simple-table--border\">\n<thead>\n<tr class=\"fr-simple-table__row\">\n<th class=\"fr-simple-table__cell\" colspan=\"2\">Datenblatt:<\/th>\n<\/tr>\n<\/thead>\n<tbody class=\"fr-simple-table__body\">\n<tr class=\"fr-simple-table__row\">\n<td class=\"fr-simple-table__cell fr-simple-table--half\">Abzug<\/td>\n<td class=\"fr-simple-table__cell fr-simple-table--half\">Druckpunktabzug<\/td>\n<\/tr>\n<tr class=\"fr-simple-table__row\">\n<td class=\"fr-simple-table__cell fr-simple-table--half\">Handspannung<\/td>\n<td class=\"fr-simple-table__cell fr-simple-table--half\">Nein<\/td>\n<\/tr>\n<tr class=\"fr-simple-table__row\">\n<td class=\"fr-simple-table__cell fr-simple-table--half\">Magazin herausnehmbar<\/td>\n<td class=\"fr-simple-table__cell fr-simple-table--half\">Ja<\/td>\n<\/tr>\n<tr class=\"fr-simple-table__row\">\n<td class=\"fr-simple-table__cell fr-simple-table--half\">Offene Visierung<\/td>\n<td class=\"fr-simple-table__cell fr-simple-table--half\">Ja<\/td>\n<\/tr>\n<tr class=\"fr-simple-table__row\">\n<td class=\"fr-simple-table__cell fr-simple-table--half\">M\u00fcndungsgewinde<\/td>\n<td class=\"fr-simple-table__cell fr-simple-table--half\">Ja<\/td>\n<\/tr>\n<tr class=\"fr-simple-table__row\">\n<td class=\"fr-simple-table__cell fr-simple-table--half\">Laufkontur<\/td>\n<td class=\"fr-simple-table__cell fr-simple-table--half\">Standard<\/td>\n<\/tr>\n<tr class=\"fr-simple-table__row\">\n<td class=\"fr-simple-table__cell fr-simple-table--half\">Montagevorbereitung<\/td>\n<td class=\"fr-simple-table__cell fr-simple-table--half\">Picatinny\/ M-Lok<\/td>\n<\/tr>\n<tr class=\"fr-simple-table__row\">\n<td class=\"fr-simple-table__cell fr-simple-table--half\">Systemmaterial<\/td>\n<td class=\"fr-simple-table__cell fr-simple-table--half\">Dural<\/td>\n<\/tr>\n<tr class=\"fr-simple-table__row\">\n<td class=\"fr-simple-table__cell fr-simple-table--half\">Schaftform<\/td>\n<td class=\"fr-simple-table__cell fr-simple-table--half\">Klappschaft<\/td>\n<\/tr>\n<tr class=\"fr-simple-table__row\">\n<td class=\"fr-simple-table__cell fr-simple-table--half\">Laufl\u00e4nge Standardkaliber in mm<\/td>\n<td class=\"fr-simple-table__cell fr-simple-table--half\">420<\/td>\n<\/tr>\n<tr class=\"fr-simple-table__row\">\n<td class=\"fr-simple-table__cell fr-simple-table--half\">Gesamtl\u00e4nge maximal mm<\/td>\n<td class=\"fr-simple-table__cell fr-simple-table--half\">917<\/td>\n<\/tr>\n<tr class=\"fr-simple-table__row\">\n<td class=\"fr-simple-table__cell fr-simple-table--half\">Gesamtl\u00e4nge mimimal mm<\/td>\n<td class=\"fr-simple-table__cell fr-simple-table--half\">688<\/td>\n<\/tr>\n<tr class=\"fr-simple-table__row\">\n<td class=\"fr-simple-table__cell fr-simple-table--half\"><\/td>\n<td class=\"fr-simple-table__cell fr-simple-table--half\"><\/td>\n<\/tr>\n<\/tbody>\n<\/table>\n<\/div>\n<\/div>\n<ul class=\"fr-detail-reports\">\n<li class=\"fr-detail-reports__item\"><\/li>\n<\/ul>\n","protected":false},"excerpt":{"rendered":"<p>Abgabe nur an Inhaber einer passenden Erwerbserlaubnis. &nbsp; TAGESAKTUELLER SONDERPREIS! Angebot kann sich jederzeit wieder zum Normalpreis \u00e4ndern! &nbsp; MCX. Das modulare Gewehr \u2013 extrem robust durch Stahlverst\u00e4rkungen im Bereich der Ladehebelverriegelung, Zuf\u00fchrrampe und Steuerkontur. Mit M-Lok-Handschutz zur Aufnahme von Zubeh\u00f6r. Mit abklappbare und verstellbarer Schulterst\u00fctzen. Einfacher Laufwechsel m\u00f6glich (16,6&#8243;, 14,5&#8243;, 11,5&#8243;). Gesetzliche Bestimmungen beachten!&#8230;<\/p>\n<p class=\"more-link\"><a href=\"https:\/\/www.ms-pracsol.de\/?product=sig-sauer-mcx-virtus-sport\" class=\"themebutton3\">Read More<\/a><\/p>\n","protected":false},"featured_media":223,"comment_status":"open","ping_status":"closed","template":"","meta":{"spay_email":"","jetpack_publicize_message":"","jetpack_is_tweetstorm":false,"jetpack_publicize_feature_enabled":true},"product_cat":[35],"product_tag":[74,73,75,76],"yoast_head":"<!-- This site is optimized with the Yoast SEO plugin v18.7 - https:\/\/yoast.com\/wordpress\/plugins\/seo\/ -->\n<title>SIG Sauer MCX Virtus Sport - MSPS - Schie\u00dfkurse und Waffenhandel<\/title>\n<meta name=\"robots\" content=\"index, follow, max-snippet:-1, max-image-preview:large, max-video-preview:-1\" \/>\n<link rel=\"canonical\" href=\"https:\/\/www.ms-pracsol.de\/?product=sig-sauer-mcx-virtus-sport\" \/>\n<meta property=\"og:locale\" content=\"de_DE\" \/>\n<meta property=\"og:type\" content=\"article\" \/>\n<meta property=\"og:title\" content=\"SIG Sauer MCX Virtus Sport - MSPS - Schie\u00dfkurse und Waffenhandel\" \/>\n<meta property=\"og:description\" content=\"Abgabe nur an Inhaber einer passenden Erwerbserlaubnis. &nbsp; TAGESAKTUELLER SONDERPREIS! Angebot kann sich jederzeit wieder zum Normalpreis \u00e4ndern! &nbsp; MCX. Das modulare Gewehr \u2013 extrem robust durch Stahlverst\u00e4rkungen im Bereich der Ladehebelverriegelung, Zuf\u00fchrrampe und Steuerkontur. Mit M-Lok-Handschutz zur Aufnahme von Zubeh\u00f6r. Mit abklappbare und verstellbarer Schulterst\u00fctzen. Einfacher Laufwechsel m\u00f6glich (16,6&#8243;, 14,5&#8243;, 11,5&#8243;). Gesetzliche Bestimmungen beachten!...Read More\" \/>\n<meta property=\"og:url\" content=\"https:\/\/www.ms-pracsol.de\/?product=sig-sauer-mcx-virtus-sport\" \/>\n<meta property=\"og:site_name\" content=\"MSPS - Schie\u00dfkurse und Waffenhandel\" \/>\n<meta property=\"article:modified_time\" content=\"2022-02-10T13:11:42+00:00\" \/>\n<meta property=\"og:image\" content=\"https:\/\/www.ms-pracsol.de\/wp-content\/uploads\/2020\/06\/MCX-Virtus-Sport-16.6-verstellbar-223-01.jpg\" \/>\n\t<meta property=\"og:image:width\" content=\"1000\" \/>\n\t<meta property=\"og:image:height\" content=\"300\" \/>\n\t<meta property=\"og:image:type\" content=\"image\/jpeg\" \/>\n<meta name=\"twitter:card\" content=\"summary_large_image\" \/>\n<meta name=\"twitter:label1\" content=\"Gesch\u00e4tzte Lesezeit\" \/>\n\t<meta name=\"twitter:data1\" content=\"1 Minute\" \/>\n<script type=\"application\/ld+json\" class=\"yoast-schema-graph\">{\"@context\":\"https:\/\/schema.org\",\"@graph\":[{\"@type\":\"WebSite\",\"@id\":\"https:\/\/www.ms-pracsol.de\/#website\",\"url\":\"https:\/\/www.ms-pracsol.de\/\",\"name\":\"MSPS - Schie\u00dfkurse und Waffenhandel\",\"description\":\"Eure Kompetenz im Ruhrgebiet\",\"potentialAction\":[{\"@type\":\"SearchAction\",\"target\":{\"@type\":\"EntryPoint\",\"urlTemplate\":\"https:\/\/www.ms-pracsol.de\/?s={search_term_string}\"},\"query-input\":\"required name=search_term_string\"}],\"inLanguage\":\"de-DE\"},{\"@type\":\"ImageObject\",\"inLanguage\":\"de-DE\",\"@id\":\"https:\/\/www.ms-pracsol.de\/?product=sig-sauer-mcx-virtus-sport#primaryimage\",\"url\":\"https:\/\/i0.wp.com\/www.ms-pracsol.de\/wp-content\/uploads\/2020\/06\/MCX-Virtus-Sport-16.6-verstellbar-223-01.jpg?fit=1000%2C300&ssl=1\",\"contentUrl\":\"https:\/\/i0.wp.com\/www.ms-pracsol.de\/wp-content\/uploads\/2020\/06\/MCX-Virtus-Sport-16.6-verstellbar-223-01.jpg?fit=1000%2C300&ssl=1\",\"width\":1000,\"height\":300},{\"@type\":\"WebPage\",\"@id\":\"https:\/\/www.ms-pracsol.de\/?product=sig-sauer-mcx-virtus-sport#webpage\",\"url\":\"https:\/\/www.ms-pracsol.de\/?product=sig-sauer-mcx-virtus-sport\",\"name\":\"SIG Sauer MCX Virtus Sport - MSPS - Schie\u00dfkurse und Waffenhandel\",\"isPartOf\":{\"@id\":\"https:\/\/www.ms-pracsol.de\/#website\"},\"primaryImageOfPage\":{\"@id\":\"https:\/\/www.ms-pracsol.de\/?product=sig-sauer-mcx-virtus-sport#primaryimage\"},\"datePublished\":\"2020-06-02T07:09:46+00:00\",\"dateModified\":\"2022-02-10T13:11:42+00:00\",\"breadcrumb\":{\"@id\":\"https:\/\/www.ms-pracsol.de\/?product=sig-sauer-mcx-virtus-sport#breadcrumb\"},\"inLanguage\":\"de-DE\",\"potentialAction\":[{\"@type\":\"ReadAction\",\"target\":[\"https:\/\/www.ms-pracsol.de\/?product=sig-sauer-mcx-virtus-sport\"]}]},{\"@type\":\"BreadcrumbList\",\"@id\":\"https:\/\/www.ms-pracsol.de\/?product=sig-sauer-mcx-virtus-sport#breadcrumb\",\"itemListElement\":[{\"@type\":\"ListItem\",\"position\":1,\"name\":\"Startseite\",\"item\":\"https:\/\/www.ms-pracsol.de\/\"},{\"@type\":\"ListItem\",\"position\":2,\"name\":\"Shop\",\"item\":\"https:\/\/www.ms-pracsol.de\/?page_id=55\"},{\"@type\":\"ListItem\",\"position\":3,\"name\":\"SIG Sauer MCX Virtus Sport\"}]}]}<\/script>\n<!-- \/ Yoast SEO plugin. -->","yoast_head_json":{"title":"SIG Sauer MCX Virtus Sport - MSPS - Schie\u00dfkurse und Waffenhandel","robots":{"index":"index","follow":"follow","max-snippet":"max-snippet:-1","max-image-preview":"max-image-preview:large","max-video-preview":"max-video-preview:-1"},"canonical":"https:\/\/www.ms-pracsol.de\/?product=sig-sauer-mcx-virtus-sport","og_locale":"de_DE","og_type":"article","og_title":"SIG Sauer MCX Virtus Sport - MSPS - Schie\u00dfkurse und Waffenhandel","og_description":"Abgabe nur an Inhaber einer passenden Erwerbserlaubnis. &nbsp; TAGESAKTUELLER SONDERPREIS! Angebot kann sich jederzeit wieder zum Normalpreis \u00e4ndern! &nbsp; MCX. Das modulare Gewehr \u2013 extrem robust durch Stahlverst\u00e4rkungen im Bereich der Ladehebelverriegelung, Zuf\u00fchrrampe und Steuerkontur. Mit M-Lok-Handschutz zur Aufnahme von Zubeh\u00f6r. Mit abklappbare und verstellbarer Schulterst\u00fctzen. Einfacher Laufwechsel m\u00f6glich (16,6&#8243;, 14,5&#8243;, 11,5&#8243;). Gesetzliche Bestimmungen beachten!...Read More","og_url":"https:\/\/www.ms-pracsol.de\/?product=sig-sauer-mcx-virtus-sport","og_site_name":"MSPS - Schie\u00dfkurse und Waffenhandel","article_modified_time":"2022-02-10T13:11:42+00:00","og_image":[{"width":1000,"height":300,"url":"https:\/\/www.ms-pracsol.de\/wp-content\/uploads\/2020\/06\/MCX-Virtus-Sport-16.6-verstellbar-223-01.jpg","type":"image\/jpeg"}],"twitter_card":"summary_large_image","twitter_misc":{"Gesch\u00e4tzte Lesezeit":"1 Minute"},"schema":{"@context":"https:\/\/schema.org","@graph":[{"@type":"WebSite","@id":"https:\/\/www.ms-pracsol.de\/#website","url":"https:\/\/www.ms-pracsol.de\/","name":"MSPS - Schie\u00dfkurse und Waffenhandel","description":"Eure Kompetenz im Ruhrgebiet","potentialAction":[{"@type":"SearchAction","target":{"@type":"EntryPoint","urlTemplate":"https:\/\/www.ms-pracsol.de\/?s={search_term_string}"},"query-input":"required name=search_term_string"}],"inLanguage":"de-DE"},{"@type":"ImageObject","inLanguage":"de-DE","@id":"https:\/\/www.ms-pracsol.de\/?product=sig-sauer-mcx-virtus-sport#primaryimage","url":"https:\/\/i0.wp.com\/www.ms-pracsol.de\/wp-content\/uploads\/2020\/06\/MCX-Virtus-Sport-16.6-verstellbar-223-01.jpg?fit=1000%2C300&ssl=1","contentUrl":"https:\/\/i0.wp.com\/www.ms-pracsol.de\/wp-content\/uploads\/2020\/06\/MCX-Virtus-Sport-16.6-verstellbar-223-01.jpg?fit=1000%2C300&ssl=1","width":1000,"height":300},{"@type":"WebPage","@id":"https:\/\/www.ms-pracsol.de\/?product=sig-sauer-mcx-virtus-sport#webpage","url":"https:\/\/www.ms-pracsol.de\/?product=sig-sauer-mcx-virtus-sport","name":"SIG Sauer MCX Virtus Sport - MSPS - Schie\u00dfkurse und Waffenhandel","isPartOf":{"@id":"https:\/\/www.ms-pracsol.de\/#website"},"primaryImageOfPage":{"@id":"https:\/\/www.ms-pracsol.de\/?product=sig-sauer-mcx-virtus-sport#primaryimage"},"datePublished":"2020-06-02T07:09:46+00:00","dateModified":"2022-02-10T13:11:42+00:00","breadcrumb":{"@id":"https:\/\/www.ms-pracsol.de\/?product=sig-sauer-mcx-virtus-sport#breadcrumb"},"inLanguage":"de-DE","potentialAction":[{"@type":"ReadAction","target":["https:\/\/www.ms-pracsol.de\/?product=sig-sauer-mcx-virtus-sport"]}]},{"@type":"BreadcrumbList","@id":"https:\/\/www.ms-pracsol.de\/?product=sig-sauer-mcx-virtus-sport#breadcrumb","itemListElement":[{"@type":"ListItem","position":1,"name":"Startseite","item":"https:\/\/www.ms-pracsol.de\/"},{"@type":"ListItem","position":2,"name":"Shop","item":"https:\/\/www.ms-pracsol.de\/?page_id=55"},{"@type":"ListItem","position":3,"name":"SIG Sauer MCX Virtus Sport"}]}]}},"_links":{"self":[{"href":"https:\/\/www.ms-pracsol.de\/index.php?rest_route=\/wp\/v2\/product\/217"}],"collection":[{"href":"https:\/\/www.ms-pracsol.de\/index.php?rest_route=\/wp\/v2\/product"}],"about":[{"href":"https:\/\/www.ms-pracsol.de\/index.php?rest_route=\/wp\/v2\/types\/product"}],"replies":[{"embeddable":true,"href":"https:\/\/www.ms-pracsol.de\/index.php?rest_route=%2Fwp%2Fv2%2Fcomments&post=217"}],"wp:featuredmedia":[{"embeddable":true,"href":"https:\/\/www.ms-pracsol.de\/index.php?rest_route=\/wp\/v2\/media\/223"}],"wp:attachment":[{"href":"https:\/\/www.ms-pracsol.de\/index.php?rest_route=%2Fwp%2Fv2%2Fmedia&parent=217"}],"wp:term":[{"taxonomy":"product_cat","embeddable":true,"href":"https:\/\/www.ms-pracsol.de\/index.php?rest_route=%2Fwp%2Fv2%2Fproduct_cat&post=217"},{"taxonomy":"product_tag","embeddable":true,"href":"https:\/\/www.ms-pracsol.de\/index.php?rest_route=%2Fwp%2Fv2%2Fproduct_tag&post=217"}],"curies":[{"name":"wp","href":"https:\/\/api.w.org\/{rel}","templated":true}]}}