{"id":127,"date":"2020-05-08T16:00:19","date_gmt":"2020-05-08T16:00:19","guid":{"rendered":"http:\/\/mspracsol.de\/?post_type=product&#038;p=127"},"modified":"2022-02-22T10:05:05","modified_gmt":"2022-02-22T09:05:05","slug":"sigsauer-p320","status":"publish","type":"product","link":"https:\/\/www.ms-pracsol.de\/?product=sigsauer-p320","title":{"rendered":"SIG Sauer P320 Fullsize"},"content":{"rendered":"<p><em>Abgabe nur an Inhaber einer passenden Erwerbserlaubnis.<\/em><\/p>\n<p>Die P320 wurde in enger Zusammenarbeit mit Polizei, Bundespolizei und Zollbeamten entwickelt.<\/p>\n<p>Entstanden ist dadurch eine zuverl\u00e4ssige und pr\u00e4zise Kurzwaffe, ohne au\u00dfen liegenden Hammer, jedoch\u00a0mit einem Striker-Fire-System. Letzteres \u00fcberzeugt mit einer trockenen,\u00a0pr\u00e4zisen Abzugscharakteristik. Die tiefliegende Laufachse und ein Zerlegehebel, der als Daumenauflage dient, erzielen eine gr\u00f6\u00dftm\u00f6gliche Kontrollierbarkeit bei schnellen Schussfolgen. Zus\u00e4tzliche Frontserrations am Verschluss und beidseitig ausgelegte Bedienelemente sorgen zudem f\u00fcr optimale Bedienbarkeit.<\/p>\n<p>Dank einzigartiger Modularit\u00e4t k\u00f6nnen mit nur einem Voreintrag \u00fcber Wechselsysteme und Griffmodule drei Systemgr\u00f6\u00dfen (Subcompact, Compact und Full-Size) dargestellt werden.<\/p>\n<p>&nbsp;<\/p>\n<p><strong class=\"fr-detail-description__headline\">Technische Daten<\/strong><\/p>\n<ul>\n<li>Kaliber: 9 mm Luger<\/li>\n<li>Magazinkapazit\u00e4t: 17 Patronen<\/li>\n<li>Material: Stahl<\/li>\n<li>Visierung: Mehrpositionen<\/li>\n<li>Visierl\u00e4nge: 168 mm<\/li>\n<li>Laufl\u00e4nge: 119 mm<\/li>\n<li>Abmessungen(LxB): 203&#215;140 mm<\/li>\n<li>Gewicht: 833 g<\/li>\n<\/ul>\n<p><strong>Lieferumfang<\/strong><\/p>\n<ul>\n<li>SIG Sauer P320 Fullsize<\/li>\n<li>Waffenkoffer<\/li>\n<li>2x Magazine<\/li>\n<\/ul>\n<p>&nbsp;<\/p>\n<p>Upgrade auf Nachtvisierung auf Anfrage m\u00f6glich.<\/p>\n","protected":false},"excerpt":{"rendered":"<p>Abgabe nur an Inhaber einer passenden Erwerbserlaubnis. Die P320 wurde in enger Zusammenarbeit mit Polizei, Bundespolizei und Zollbeamten entwickelt. Entstanden ist dadurch eine zuverl\u00e4ssige und pr\u00e4zise Kurzwaffe, ohne au\u00dfen liegenden Hammer, jedoch\u00a0mit einem Striker-Fire-System. Letzteres \u00fcberzeugt mit einer trockenen,\u00a0pr\u00e4zisen Abzugscharakteristik. Die tiefliegende Laufachse und ein Zerlegehebel, der als Daumenauflage dient, erzielen eine gr\u00f6\u00dftm\u00f6gliche Kontrollierbarkeit bei&#8230;<\/p>\n<p class=\"more-link\"><a href=\"https:\/\/www.ms-pracsol.de\/?product=sigsauer-p320\" class=\"themebutton3\">Read More<\/a><\/p>\n","protected":false},"featured_media":128,"comment_status":"open","ping_status":"closed","template":"","meta":{"spay_email":"","jetpack_publicize_message":"","jetpack_is_tweetstorm":false,"jetpack_publicize_feature_enabled":true},"product_cat":[118,34],"product_tag":[],"yoast_head":"<!-- This site is optimized with the Yoast SEO plugin v18.7 - https:\/\/yoast.com\/wordpress\/plugins\/seo\/ -->\n<title>SIG Sauer P320 Fullsize - MSPS - Schie\u00dfkurse und Waffenhandel<\/title>\n<meta name=\"robots\" content=\"index, follow, max-snippet:-1, max-image-preview:large, max-video-preview:-1\" \/>\n<link rel=\"canonical\" href=\"https:\/\/www.ms-pracsol.de\/?product=sigsauer-p320\" \/>\n<meta property=\"og:locale\" content=\"de_DE\" \/>\n<meta property=\"og:type\" content=\"article\" \/>\n<meta property=\"og:title\" content=\"SIG Sauer P320 Fullsize - MSPS - Schie\u00dfkurse und Waffenhandel\" \/>\n<meta property=\"og:description\" content=\"Abgabe nur an Inhaber einer passenden Erwerbserlaubnis. Die P320 wurde in enger Zusammenarbeit mit Polizei, Bundespolizei und Zollbeamten entwickelt. Entstanden ist dadurch eine zuverl\u00e4ssige und pr\u00e4zise Kurzwaffe, ohne au\u00dfen liegenden Hammer, jedoch\u00a0mit einem Striker-Fire-System. Letzteres \u00fcberzeugt mit einer trockenen,\u00a0pr\u00e4zisen Abzugscharakteristik. Die tiefliegende Laufachse und ein Zerlegehebel, der als Daumenauflage dient, erzielen eine gr\u00f6\u00dftm\u00f6gliche Kontrollierbarkeit bei...Read More\" \/>\n<meta property=\"og:url\" content=\"https:\/\/www.ms-pracsol.de\/?product=sigsauer-p320\" \/>\n<meta property=\"og:site_name\" content=\"MSPS - Schie\u00dfkurse und Waffenhandel\" \/>\n<meta property=\"article:modified_time\" content=\"2022-02-22T09:05:05+00:00\" \/>\n<meta property=\"og:image\" content=\"https:\/\/www.ms-pracsol.de\/wp-content\/uploads\/2020\/05\/DSC04645-scaled.jpg\" \/>\n\t<meta property=\"og:image:width\" content=\"2560\" \/>\n\t<meta property=\"og:image:height\" content=\"1707\" \/>\n\t<meta property=\"og:image:type\" content=\"image\/jpeg\" \/>\n<meta name=\"twitter:card\" content=\"summary_large_image\" \/>\n<meta name=\"twitter:label1\" content=\"Gesch\u00e4tzte Lesezeit\" \/>\n\t<meta name=\"twitter:data1\" content=\"1 Minute\" \/>\n<script type=\"application\/ld+json\" class=\"yoast-schema-graph\">{\"@context\":\"https:\/\/schema.org\",\"@graph\":[{\"@type\":\"WebSite\",\"@id\":\"https:\/\/www.ms-pracsol.de\/#website\",\"url\":\"https:\/\/www.ms-pracsol.de\/\",\"name\":\"MSPS - Schie\u00dfkurse und Waffenhandel\",\"description\":\"Eure Kompetenz im Ruhrgebiet\",\"potentialAction\":[{\"@type\":\"SearchAction\",\"target\":{\"@type\":\"EntryPoint\",\"urlTemplate\":\"https:\/\/www.ms-pracsol.de\/?s={search_term_string}\"},\"query-input\":\"required name=search_term_string\"}],\"inLanguage\":\"de-DE\"},{\"@type\":\"ImageObject\",\"inLanguage\":\"de-DE\",\"@id\":\"https:\/\/www.ms-pracsol.de\/?product=sigsauer-p320#primaryimage\",\"url\":\"https:\/\/i0.wp.com\/www.ms-pracsol.de\/wp-content\/uploads\/2020\/05\/DSC04645-scaled.jpg?fit=2560%2C1707&ssl=1\",\"contentUrl\":\"https:\/\/i0.wp.com\/www.ms-pracsol.de\/wp-content\/uploads\/2020\/05\/DSC04645-scaled.jpg?fit=2560%2C1707&ssl=1\",\"width\":2560,\"height\":1707},{\"@type\":\"WebPage\",\"@id\":\"https:\/\/www.ms-pracsol.de\/?product=sigsauer-p320#webpage\",\"url\":\"https:\/\/www.ms-pracsol.de\/?product=sigsauer-p320\",\"name\":\"SIG Sauer P320 Fullsize - MSPS - Schie\u00dfkurse und Waffenhandel\",\"isPartOf\":{\"@id\":\"https:\/\/www.ms-pracsol.de\/#website\"},\"primaryImageOfPage\":{\"@id\":\"https:\/\/www.ms-pracsol.de\/?product=sigsauer-p320#primaryimage\"},\"datePublished\":\"2020-05-08T16:00:19+00:00\",\"dateModified\":\"2022-02-22T09:05:05+00:00\",\"breadcrumb\":{\"@id\":\"https:\/\/www.ms-pracsol.de\/?product=sigsauer-p320#breadcrumb\"},\"inLanguage\":\"de-DE\",\"potentialAction\":[{\"@type\":\"ReadAction\",\"target\":[\"https:\/\/www.ms-pracsol.de\/?product=sigsauer-p320\"]}]},{\"@type\":\"BreadcrumbList\",\"@id\":\"https:\/\/www.ms-pracsol.de\/?product=sigsauer-p320#breadcrumb\",\"itemListElement\":[{\"@type\":\"ListItem\",\"position\":1,\"name\":\"Startseite\",\"item\":\"https:\/\/www.ms-pracsol.de\/\"},{\"@type\":\"ListItem\",\"position\":2,\"name\":\"Shop\",\"item\":\"https:\/\/www.ms-pracsol.de\/?page_id=55\"},{\"@type\":\"ListItem\",\"position\":3,\"name\":\"SIG Sauer P320 Fullsize\"}]}]}<\/script>\n<!-- \/ Yoast SEO plugin. -->","yoast_head_json":{"title":"SIG Sauer P320 Fullsize - MSPS - Schie\u00dfkurse und Waffenhandel","robots":{"index":"index","follow":"follow","max-snippet":"max-snippet:-1","max-image-preview":"max-image-preview:large","max-video-preview":"max-video-preview:-1"},"canonical":"https:\/\/www.ms-pracsol.de\/?product=sigsauer-p320","og_locale":"de_DE","og_type":"article","og_title":"SIG Sauer P320 Fullsize - MSPS - Schie\u00dfkurse und Waffenhandel","og_description":"Abgabe nur an Inhaber einer passenden Erwerbserlaubnis. Die P320 wurde in enger Zusammenarbeit mit Polizei, Bundespolizei und Zollbeamten entwickelt. Entstanden ist dadurch eine zuverl\u00e4ssige und pr\u00e4zise Kurzwaffe, ohne au\u00dfen liegenden Hammer, jedoch\u00a0mit einem Striker-Fire-System. Letzteres \u00fcberzeugt mit einer trockenen,\u00a0pr\u00e4zisen Abzugscharakteristik. Die tiefliegende Laufachse und ein Zerlegehebel, der als Daumenauflage dient, erzielen eine gr\u00f6\u00dftm\u00f6gliche Kontrollierbarkeit bei...Read More","og_url":"https:\/\/www.ms-pracsol.de\/?product=sigsauer-p320","og_site_name":"MSPS - Schie\u00dfkurse und Waffenhandel","article_modified_time":"2022-02-22T09:05:05+00:00","og_image":[{"width":2560,"height":1707,"url":"https:\/\/www.ms-pracsol.de\/wp-content\/uploads\/2020\/05\/DSC04645-scaled.jpg","type":"image\/jpeg"}],"twitter_card":"summary_large_image","twitter_misc":{"Gesch\u00e4tzte Lesezeit":"1 Minute"},"schema":{"@context":"https:\/\/schema.org","@graph":[{"@type":"WebSite","@id":"https:\/\/www.ms-pracsol.de\/#website","url":"https:\/\/www.ms-pracsol.de\/","name":"MSPS - Schie\u00dfkurse und Waffenhandel","description":"Eure Kompetenz im Ruhrgebiet","potentialAction":[{"@type":"SearchAction","target":{"@type":"EntryPoint","urlTemplate":"https:\/\/www.ms-pracsol.de\/?s={search_term_string}"},"query-input":"required name=search_term_string"}],"inLanguage":"de-DE"},{"@type":"ImageObject","inLanguage":"de-DE","@id":"https:\/\/www.ms-pracsol.de\/?product=sigsauer-p320#primaryimage","url":"https:\/\/i0.wp.com\/www.ms-pracsol.de\/wp-content\/uploads\/2020\/05\/DSC04645-scaled.jpg?fit=2560%2C1707&ssl=1","contentUrl":"https:\/\/i0.wp.com\/www.ms-pracsol.de\/wp-content\/uploads\/2020\/05\/DSC04645-scaled.jpg?fit=2560%2C1707&ssl=1","width":2560,"height":1707},{"@type":"WebPage","@id":"https:\/\/www.ms-pracsol.de\/?product=sigsauer-p320#webpage","url":"https:\/\/www.ms-pracsol.de\/?product=sigsauer-p320","name":"SIG Sauer P320 Fullsize - MSPS - Schie\u00dfkurse und Waffenhandel","isPartOf":{"@id":"https:\/\/www.ms-pracsol.de\/#website"},"primaryImageOfPage":{"@id":"https:\/\/www.ms-pracsol.de\/?product=sigsauer-p320#primaryimage"},"datePublished":"2020-05-08T16:00:19+00:00","dateModified":"2022-02-22T09:05:05+00:00","breadcrumb":{"@id":"https:\/\/www.ms-pracsol.de\/?product=sigsauer-p320#breadcrumb"},"inLanguage":"de-DE","potentialAction":[{"@type":"ReadAction","target":["https:\/\/www.ms-pracsol.de\/?product=sigsauer-p320"]}]},{"@type":"BreadcrumbList","@id":"https:\/\/www.ms-pracsol.de\/?product=sigsauer-p320#breadcrumb","itemListElement":[{"@type":"ListItem","position":1,"name":"Startseite","item":"https:\/\/www.ms-pracsol.de\/"},{"@type":"ListItem","position":2,"name":"Shop","item":"https:\/\/www.ms-pracsol.de\/?page_id=55"},{"@type":"ListItem","position":3,"name":"SIG Sauer P320 Fullsize"}]}]}},"_links":{"self":[{"href":"https:\/\/www.ms-pracsol.de\/index.php?rest_route=\/wp\/v2\/product\/127"}],"collection":[{"href":"https:\/\/www.ms-pracsol.de\/index.php?rest_route=\/wp\/v2\/product"}],"about":[{"href":"https:\/\/www.ms-pracsol.de\/index.php?rest_route=\/wp\/v2\/types\/product"}],"replies":[{"embeddable":true,"href":"https:\/\/www.ms-pracsol.de\/index.php?rest_route=%2Fwp%2Fv2%2Fcomments&post=127"}],"wp:featuredmedia":[{"embeddable":true,"href":"https:\/\/www.ms-pracsol.de\/index.php?rest_route=\/wp\/v2\/media\/128"}],"wp:attachment":[{"href":"https:\/\/www.ms-pracsol.de\/index.php?rest_route=%2Fwp%2Fv2%2Fmedia&parent=127"}],"wp:term":[{"taxonomy":"product_cat","embeddable":true,"href":"https:\/\/www.ms-pracsol.de\/index.php?rest_route=%2Fwp%2Fv2%2Fproduct_cat&post=127"},{"taxonomy":"product_tag","embeddable":true,"href":"https:\/\/www.ms-pracsol.de\/index.php?rest_route=%2Fwp%2Fv2%2Fproduct_tag&post=127"}],"curies":[{"name":"wp","href":"https:\/\/api.w.org\/{rel}","templated":true}]}}