{"id":358,"date":"2020-07-09T14:53:32","date_gmt":"2020-07-09T12:53:32","guid":{"rendered":"https:\/\/www.ms-pracsol.de\/?page_id=358"},"modified":"2020-07-14T18:06:23","modified_gmt":"2020-07-14T16:06:23","slug":"faq-fragen-und-antworten","status":"publish","type":"page","link":"https:\/\/www.ms-pracsol.de\/?page_id=358","title":{"rendered":"FAQ &#8211; Fragen und Antworten"},"content":{"rendered":"\n<p><strong>Ich habe keine passende Kurzwaffe. K\u00f6nnen Sie mir die ben\u00f6tigte Ausr\u00fcstung zur Verf\u00fcgung stellen?<\/strong><\/p>\n\n\n\n<p>Gerne stellen wir Ihnen alles Ben\u00f6tigte zur Verf\u00fcgung. Gegen eine Geb\u00fchr von 30\u20ac stellen wir Ihnen eine Glock 17 oder 19 Selbstladepistole, 3 Magazine, Holster, Schutzbrille und Geh\u00f6rschutz zur Verf\u00fcgung. Schadstoffreduzierte Munition (NonTox) bieten wir Ihnen zu handels\u00fcblichen Preisen zum Verbrauch auf dem Schie\u00dfstand ebenfalls an.<\/p>\n\n\n\n<p><em>Bitte nehmen Sie dazu fr\u00fchzeitig (mindestens jedoch 10 Tage vor Kursbeginn) Kontakt mit uns auf.<\/em><\/p>\n\n\n\n<p><\/p>\n\n\n\n<p><strong>Ich habe kein passendes Holster f\u00fcr meine Waffe. Ist eine Teilnahme auch ohne Holster m\u00f6glich?<\/strong><\/p>\n\n\n\n<p>Nein, es wird zwingend ein f\u00fcr Ihre Waffen passendes Holster ben\u00f6tigt. Sollten Sie kein Holster besitzen, stellen wir Ihnen gerne eine passende Kurzwaffe samt Holster und Magazinen gegen eine Geb\u00fchr zur Verf\u00fcgung. <em>Bitte nehmen Sie dazu fr\u00fchzeitig (mindestens jedoch 10 Tage vor Kursbeginn) Kontakt mit uns auf.<\/em><\/p>\n\n\n\n<p><\/p>\n\n\n\n<p><strong>Ich habe keine passende oder nicht ausreichend Munition. K\u00f6nnen Sie Munition zur Verf\u00fcgung stellen?<\/strong><\/p>\n\n\n\n<p>Ja, gerne stellen wir Ihnen schadstoffreduzierte (NonTox) Munition f\u00fcr den Kurs zu handels\u00fcblichen Preisen zur Verf\u00fcgung.<\/p>\n\n\n\n<p><em>Bitte nehmen Sie dazu fr\u00fchzeitig (mindestens jedoch 10 Tage vor Kursbeginn) Kontakt mit uns auf.<\/em> Sollten Sie ein exotischeres Kaliber verschie\u00dfen wollen, k\u00f6nnen wir nicht garantieren, dass wir die ben\u00f6tigte Munition kurzfristig beschaffen k\u00f6nnen. Bitte melden Sie sich fr\u00fchzeitig!<\/p>\n\n\n\n<p>Bitte beachten Sie, dass Sie nicht verschossene Munition nur vom Schie\u00dfstand mitnehmen d\u00fcrfen, wenn Sie eine entsprechende Erwerbsberechtigung vorlegen.<\/p>\n\n\n\n<p><\/p>\n\n\n\n<p><strong>Ich bin Sportsch\u00fctze, f\u00fchre dienstlich eine Waffe oder bin Inhaber eines Waffenscheines. Darf ich an den Kursen f\u00fcr J\u00e4ger teilnehmen?<\/strong><\/p>\n\n\n\n<p>Im Kurs f\u00fchren wir jagdliches \u00dcbungsschie\u00dfen durch. Die Teilnahme ohne g\u00fcltigen Jagdschein ist aus rechtlichen Gr\u00fcnden deshalb leider nicht m\u00f6glich.<\/p>\n\n\n\n<p><\/p>\n\n\n\n<p><\/p>\n\n\n\n<p><em>Das \u00dcberlassen von Waffen und Munition erfolgt ausschlie\u00dflich zum sofortigen Verbrauch auf dem Schie\u00dfstand oder gegen Vorlage einer g\u00fcltigen Erwerbserlaubnis.<\/em><\/p>\n\n\n\n<p><\/p>\n","protected":false},"excerpt":{"rendered":"<p>Ich habe keine passende Kurzwaffe. K\u00f6nnen Sie mir die ben\u00f6tigte Ausr\u00fcstung zur Verf\u00fcgung stellen? Gerne stellen wir Ihnen alles Ben\u00f6tigte zur Verf\u00fcgung. Gegen eine Geb\u00fchr von 30\u20ac stellen wir Ihnen eine Glock 17 oder 19 Selbstladepistole, 3 Magazine, Holster, Schutzbrille und Geh\u00f6rschutz zur Verf\u00fcgung. Schadstoffreduzierte Munition (NonTox) bieten wir Ihnen zu handels\u00fcblichen Preisen zum Verbrauch&#8230;<\/p>\n<p class=\"more-link\"><a href=\"https:\/\/www.ms-pracsol.de\/?page_id=358\" class=\"themebutton3\">Read More<\/a><\/p>\n","protected":false},"author":1,"featured_media":0,"parent":179,"menu_order":0,"comment_status":"closed","ping_status":"closed","template":"","meta":{"spay_email":""},"yoast_head":"<!-- This site is optimized with the Yoast SEO plugin v18.7 - https:\/\/yoast.com\/wordpress\/plugins\/seo\/ -->\n<title>FAQ - Fragen und Antworten - MSPS - Schie\u00dfkurse und Waffenhandel<\/title>\n<meta name=\"robots\" content=\"index, follow, max-snippet:-1, max-image-preview:large, max-video-preview:-1\" \/>\n<link rel=\"canonical\" href=\"https:\/\/www.ms-pracsol.de\/?page_id=358\" \/>\n<meta property=\"og:locale\" content=\"de_DE\" \/>\n<meta property=\"og:type\" content=\"article\" \/>\n<meta property=\"og:title\" content=\"FAQ - Fragen und Antworten - MSPS - Schie\u00dfkurse und Waffenhandel\" \/>\n<meta property=\"og:description\" content=\"Ich habe keine passende Kurzwaffe. K\u00f6nnen Sie mir die ben\u00f6tigte Ausr\u00fcstung zur Verf\u00fcgung stellen? Gerne stellen wir Ihnen alles Ben\u00f6tigte zur Verf\u00fcgung. Gegen eine Geb\u00fchr von 30\u20ac stellen wir Ihnen eine Glock 17 oder 19 Selbstladepistole, 3 Magazine, Holster, Schutzbrille und Geh\u00f6rschutz zur Verf\u00fcgung. Schadstoffreduzierte Munition (NonTox) bieten wir Ihnen zu handels\u00fcblichen Preisen zum Verbrauch...Read More\" \/>\n<meta property=\"og:url\" content=\"https:\/\/www.ms-pracsol.de\/?page_id=358\" \/>\n<meta property=\"og:site_name\" content=\"MSPS - Schie\u00dfkurse und Waffenhandel\" \/>\n<meta property=\"article:modified_time\" content=\"2020-07-14T16:06:23+00:00\" \/>\n<meta name=\"twitter:card\" content=\"summary_large_image\" \/>\n<meta name=\"twitter:label1\" content=\"Gesch\u00e4tzte Lesezeit\" \/>\n\t<meta name=\"twitter:data1\" content=\"2 Minuten\" \/>\n<script type=\"application\/ld+json\" class=\"yoast-schema-graph\">{\"@context\":\"https:\/\/schema.org\",\"@graph\":[{\"@type\":\"WebSite\",\"@id\":\"https:\/\/www.ms-pracsol.de\/#website\",\"url\":\"https:\/\/www.ms-pracsol.de\/\",\"name\":\"MSPS - Schie\u00dfkurse und Waffenhandel\",\"description\":\"Eure Kompetenz im Ruhrgebiet\",\"potentialAction\":[{\"@type\":\"SearchAction\",\"target\":{\"@type\":\"EntryPoint\",\"urlTemplate\":\"https:\/\/www.ms-pracsol.de\/?s={search_term_string}\"},\"query-input\":\"required name=search_term_string\"}],\"inLanguage\":\"de-DE\"},{\"@type\":\"WebPage\",\"@id\":\"https:\/\/www.ms-pracsol.de\/?page_id=358#webpage\",\"url\":\"https:\/\/www.ms-pracsol.de\/?page_id=358\",\"name\":\"FAQ - Fragen und Antworten - MSPS - Schie\u00dfkurse und Waffenhandel\",\"isPartOf\":{\"@id\":\"https:\/\/www.ms-pracsol.de\/#website\"},\"datePublished\":\"2020-07-09T12:53:32+00:00\",\"dateModified\":\"2020-07-14T16:06:23+00:00\",\"breadcrumb\":{\"@id\":\"https:\/\/www.ms-pracsol.de\/?page_id=358#breadcrumb\"},\"inLanguage\":\"de-DE\",\"potentialAction\":[{\"@type\":\"ReadAction\",\"target\":[\"https:\/\/www.ms-pracsol.de\/?page_id=358\"]}]},{\"@type\":\"BreadcrumbList\",\"@id\":\"https:\/\/www.ms-pracsol.de\/?page_id=358#breadcrumb\",\"itemListElement\":[{\"@type\":\"ListItem\",\"position\":1,\"name\":\"Startseite\",\"item\":\"https:\/\/www.ms-pracsol.de\/\"},{\"@type\":\"ListItem\",\"position\":2,\"name\":\"Kurse und Trainings\",\"item\":\"https:\/\/www.ms-pracsol.de\/?page_id=179\"},{\"@type\":\"ListItem\",\"position\":3,\"name\":\"FAQ &#8211; Fragen und Antworten\"}]}]}<\/script>\n<!-- \/ Yoast SEO plugin. -->","yoast_head_json":{"title":"FAQ - Fragen und Antworten - MSPS - Schie\u00dfkurse und Waffenhandel","robots":{"index":"index","follow":"follow","max-snippet":"max-snippet:-1","max-image-preview":"max-image-preview:large","max-video-preview":"max-video-preview:-1"},"canonical":"https:\/\/www.ms-pracsol.de\/?page_id=358","og_locale":"de_DE","og_type":"article","og_title":"FAQ - Fragen und Antworten - MSPS - Schie\u00dfkurse und Waffenhandel","og_description":"Ich habe keine passende Kurzwaffe. K\u00f6nnen Sie mir die ben\u00f6tigte Ausr\u00fcstung zur Verf\u00fcgung stellen? Gerne stellen wir Ihnen alles Ben\u00f6tigte zur Verf\u00fcgung. Gegen eine Geb\u00fchr von 30\u20ac stellen wir Ihnen eine Glock 17 oder 19 Selbstladepistole, 3 Magazine, Holster, Schutzbrille und Geh\u00f6rschutz zur Verf\u00fcgung. Schadstoffreduzierte Munition (NonTox) bieten wir Ihnen zu handels\u00fcblichen Preisen zum Verbrauch...Read More","og_url":"https:\/\/www.ms-pracsol.de\/?page_id=358","og_site_name":"MSPS - Schie\u00dfkurse und Waffenhandel","article_modified_time":"2020-07-14T16:06:23+00:00","twitter_card":"summary_large_image","twitter_misc":{"Gesch\u00e4tzte Lesezeit":"2 Minuten"},"schema":{"@context":"https:\/\/schema.org","@graph":[{"@type":"WebSite","@id":"https:\/\/www.ms-pracsol.de\/#website","url":"https:\/\/www.ms-pracsol.de\/","name":"MSPS - Schie\u00dfkurse und Waffenhandel","description":"Eure Kompetenz im Ruhrgebiet","potentialAction":[{"@type":"SearchAction","target":{"@type":"EntryPoint","urlTemplate":"https:\/\/www.ms-pracsol.de\/?s={search_term_string}"},"query-input":"required name=search_term_string"}],"inLanguage":"de-DE"},{"@type":"WebPage","@id":"https:\/\/www.ms-pracsol.de\/?page_id=358#webpage","url":"https:\/\/www.ms-pracsol.de\/?page_id=358","name":"FAQ - Fragen und Antworten - MSPS - Schie\u00dfkurse und Waffenhandel","isPartOf":{"@id":"https:\/\/www.ms-pracsol.de\/#website"},"datePublished":"2020-07-09T12:53:32+00:00","dateModified":"2020-07-14T16:06:23+00:00","breadcrumb":{"@id":"https:\/\/www.ms-pracsol.de\/?page_id=358#breadcrumb"},"inLanguage":"de-DE","potentialAction":[{"@type":"ReadAction","target":["https:\/\/www.ms-pracsol.de\/?page_id=358"]}]},{"@type":"BreadcrumbList","@id":"https:\/\/www.ms-pracsol.de\/?page_id=358#breadcrumb","itemListElement":[{"@type":"ListItem","position":1,"name":"Startseite","item":"https:\/\/www.ms-pracsol.de\/"},{"@type":"ListItem","position":2,"name":"Kurse und Trainings","item":"https:\/\/www.ms-pracsol.de\/?page_id=179"},{"@type":"ListItem","position":3,"name":"FAQ &#8211; Fragen und Antworten"}]}]}},"_links":{"self":[{"href":"https:\/\/www.ms-pracsol.de\/index.php?rest_route=\/wp\/v2\/pages\/358"}],"collection":[{"href":"https:\/\/www.ms-pracsol.de\/index.php?rest_route=\/wp\/v2\/pages"}],"about":[{"href":"https:\/\/www.ms-pracsol.de\/index.php?rest_route=\/wp\/v2\/types\/page"}],"author":[{"embeddable":true,"href":"https:\/\/www.ms-pracsol.de\/index.php?rest_route=\/wp\/v2\/users\/1"}],"replies":[{"embeddable":true,"href":"https:\/\/www.ms-pracsol.de\/index.php?rest_route=%2Fwp%2Fv2%2Fcomments&post=358"}],"version-history":[{"count":3,"href":"https:\/\/www.ms-pracsol.de\/index.php?rest_route=\/wp\/v2\/pages\/358\/revisions"}],"predecessor-version":[{"id":368,"href":"https:\/\/www.ms-pracsol.de\/index.php?rest_route=\/wp\/v2\/pages\/358\/revisions\/368"}],"up":[{"embeddable":true,"href":"https:\/\/www.ms-pracsol.de\/index.php?rest_route=\/wp\/v2\/pages\/179"}],"wp:attachment":[{"href":"https:\/\/www.ms-pracsol.de\/index.php?rest_route=%2Fwp%2Fv2%2Fmedia&parent=358"}],"curies":[{"name":"wp","href":"https:\/\/api.w.org\/{rel}","templated":true}]}}