{"id":352,"date":"2020-07-09T14:47:02","date_gmt":"2020-07-09T12:47:02","guid":{"rendered":"https:\/\/www.ms-pracsol.de\/?page_id=352"},"modified":"2025-07-21T14:07:41","modified_gmt":"2025-07-21T12:07:41","slug":"leitbild","status":"publish","type":"page","link":"https:\/\/www.ms-pracsol.de\/?page_id=352","title":{"rendered":"Leitbild ParaCon"},"content":{"rendered":"\n<p>Wir begreifen Waffen als Werkzeuge. Kompromisslos. Emotionslos.<\/p>\n\n\n\n<p>Sicherheit ist unsere oberste Pr\u00e4misse. Vor dem Schuss und nach dem Schuss.<\/p>\n\n\n\n<p>Eine an die besonderen Erfordernissen von Schussverletzungen angepasste Erste Hilfe Ausbildung ist immer Bestandteil unserer Kurse.<\/p>\n\n\n\n<p>Unser Training ist universell. Es ist Basis f\u00fcr die pers\u00f6nliche Weiterarbeit.<\/p>\n\n\n\n<p>Recht und Gesetz definieren die Grenzen unserer Kurse.<\/p>\n\n\n\n<p>Wir arbeiten nach aktuellen methodisch-didaktischen Standards.<\/p>\n\n\n\n<p>Der individuelle Lernfortschritt des Teilnehmers steht im Mittelpunkt.<\/p>\n\n\n\n<p>ParaCon ist selbstlernend. Kontinuierliche Verbesserung ist unser Antrieb.<\/p>\n\n\n\n<p>Die Expertise unsere Teilnehmer ist uns wichtig. Wir evaluieren jeden Kurs.<\/p>\n\n\n\n<p>Mit Waffen zu leben, bedeutet Verantwortung!<\/p>\n\n\n\n<p>ParaCon bereitet dich vor.<\/p>\n\n\n\n<p><\/p>\n\n\n\n<p><strong>Unsere Philosophie<\/strong><\/p>\n\n\n\n<p>\u201eIst die Kugel aus dem Lauf, h\u00e4lt weder Gott noch Teufel sie auf.\u201c<\/p>\n\n\n\n<p>Ein Satz, wie er pr\u00e4gnanter nicht sein k\u00f6nnte. Er gilt f\u00fcr Soldaten, Polizisten, J\u00e4ger und Sch\u00fctzen \u2013 kurzum f\u00fcr jeden, der mit Schusswaffen umgeht. Er impliziert Macht und Gefahr, die es sicher zu beherrschen gilt. Daf\u00fcr steht ParaCon. Mit Waffen leben.<\/p>\n\n\n\n<p>Unser Ziel ist es, den Lehrgangsteilnehmern einen respektvollen und sicheren Umgang mit dem Werkzeug \u201eWaffe\u201c zu vermitteln. Dabei beschr\u00e4nken wir uns nicht auf die sichere Lagerung im heimischen Stahlschrank oder den geregelten Einsatz auf dem Schie\u00dfstand.<\/p>\n\n\n\n<p>Wir bef\u00e4higen unsere Teilnehmer zum t\u00e4glichen F\u00fchren der Waffe, ihre Technik unter allen Umst\u00e4nden zu beherrschen und sie zielgerichtet, sicher und kontrolliert einzusetzen.<\/p>\n\n\n\n<p><\/p>\n\n\n\n<p><em>Bei unseren Kursen halten wir uns streng an das deutsche Waffenrecht.<\/em><\/p>\n","protected":false},"excerpt":{"rendered":"<p>Wir begreifen Waffen als Werkzeuge. Kompromisslos. Emotionslos. Sicherheit ist unsere oberste Pr\u00e4misse. Vor dem Schuss und nach dem Schuss. Eine an die besonderen Erfordernissen von Schussverletzungen angepasste Erste Hilfe Ausbildung ist immer Bestandteil unserer Kurse. Unser Training ist universell. Es ist Basis f\u00fcr die pers\u00f6nliche Weiterarbeit. Recht und Gesetz definieren die Grenzen unserer Kurse. Wir&#8230;<\/p>\n<p class=\"more-link\"><a href=\"https:\/\/www.ms-pracsol.de\/?page_id=352\" class=\"themebutton3\">Read More<\/a><\/p>\n","protected":false},"author":1,"featured_media":0,"parent":179,"menu_order":0,"comment_status":"closed","ping_status":"closed","template":"","meta":{"spay_email":""},"yoast_head":"<!-- This site is optimized with the Yoast SEO plugin v18.7 - https:\/\/yoast.com\/wordpress\/plugins\/seo\/ -->\n<title>Leitbild ParaCon - MSPS - Schie\u00dfkurse und Waffenhandel<\/title>\n<meta name=\"robots\" content=\"index, follow, max-snippet:-1, max-image-preview:large, max-video-preview:-1\" \/>\n<link rel=\"canonical\" href=\"https:\/\/www.ms-pracsol.de\/?page_id=352\" \/>\n<meta property=\"og:locale\" content=\"de_DE\" \/>\n<meta property=\"og:type\" content=\"article\" \/>\n<meta property=\"og:title\" content=\"Leitbild ParaCon - MSPS - Schie\u00dfkurse und Waffenhandel\" \/>\n<meta property=\"og:description\" content=\"Wir begreifen Waffen als Werkzeuge. Kompromisslos. Emotionslos. Sicherheit ist unsere oberste Pr\u00e4misse. Vor dem Schuss und nach dem Schuss. Eine an die besonderen Erfordernissen von Schussverletzungen angepasste Erste Hilfe Ausbildung ist immer Bestandteil unserer Kurse. Unser Training ist universell. Es ist Basis f\u00fcr die pers\u00f6nliche Weiterarbeit. Recht und Gesetz definieren die Grenzen unserer Kurse. Wir...Read More\" \/>\n<meta property=\"og:url\" content=\"https:\/\/www.ms-pracsol.de\/?page_id=352\" \/>\n<meta property=\"og:site_name\" content=\"MSPS - Schie\u00dfkurse und Waffenhandel\" \/>\n<meta property=\"article:modified_time\" content=\"2025-07-21T12:07:41+00:00\" \/>\n<meta name=\"twitter:card\" content=\"summary_large_image\" \/>\n<meta name=\"twitter:label1\" content=\"Gesch\u00e4tzte Lesezeit\" \/>\n\t<meta name=\"twitter:data1\" content=\"2 Minuten\" \/>\n<script type=\"application\/ld+json\" class=\"yoast-schema-graph\">{\"@context\":\"https:\/\/schema.org\",\"@graph\":[{\"@type\":\"WebSite\",\"@id\":\"https:\/\/www.ms-pracsol.de\/#website\",\"url\":\"https:\/\/www.ms-pracsol.de\/\",\"name\":\"MSPS - Schie\u00dfkurse und Waffenhandel\",\"description\":\"Eure Kompetenz im Ruhrgebiet\",\"potentialAction\":[{\"@type\":\"SearchAction\",\"target\":{\"@type\":\"EntryPoint\",\"urlTemplate\":\"https:\/\/www.ms-pracsol.de\/?s={search_term_string}\"},\"query-input\":\"required name=search_term_string\"}],\"inLanguage\":\"de-DE\"},{\"@type\":\"WebPage\",\"@id\":\"https:\/\/www.ms-pracsol.de\/?page_id=352#webpage\",\"url\":\"https:\/\/www.ms-pracsol.de\/?page_id=352\",\"name\":\"Leitbild ParaCon - MSPS - Schie\u00dfkurse und Waffenhandel\",\"isPartOf\":{\"@id\":\"https:\/\/www.ms-pracsol.de\/#website\"},\"datePublished\":\"2020-07-09T12:47:02+00:00\",\"dateModified\":\"2025-07-21T12:07:41+00:00\",\"breadcrumb\":{\"@id\":\"https:\/\/www.ms-pracsol.de\/?page_id=352#breadcrumb\"},\"inLanguage\":\"de-DE\",\"potentialAction\":[{\"@type\":\"ReadAction\",\"target\":[\"https:\/\/www.ms-pracsol.de\/?page_id=352\"]}]},{\"@type\":\"BreadcrumbList\",\"@id\":\"https:\/\/www.ms-pracsol.de\/?page_id=352#breadcrumb\",\"itemListElement\":[{\"@type\":\"ListItem\",\"position\":1,\"name\":\"Startseite\",\"item\":\"https:\/\/www.ms-pracsol.de\/\"},{\"@type\":\"ListItem\",\"position\":2,\"name\":\"Kurse und Trainings\",\"item\":\"https:\/\/www.ms-pracsol.de\/?page_id=179\"},{\"@type\":\"ListItem\",\"position\":3,\"name\":\"Leitbild ParaCon\"}]}]}<\/script>\n<!-- \/ Yoast SEO plugin. -->","yoast_head_json":{"title":"Leitbild ParaCon - MSPS - Schie\u00dfkurse und Waffenhandel","robots":{"index":"index","follow":"follow","max-snippet":"max-snippet:-1","max-image-preview":"max-image-preview:large","max-video-preview":"max-video-preview:-1"},"canonical":"https:\/\/www.ms-pracsol.de\/?page_id=352","og_locale":"de_DE","og_type":"article","og_title":"Leitbild ParaCon - MSPS - Schie\u00dfkurse und Waffenhandel","og_description":"Wir begreifen Waffen als Werkzeuge. Kompromisslos. Emotionslos. Sicherheit ist unsere oberste Pr\u00e4misse. Vor dem Schuss und nach dem Schuss. Eine an die besonderen Erfordernissen von Schussverletzungen angepasste Erste Hilfe Ausbildung ist immer Bestandteil unserer Kurse. Unser Training ist universell. Es ist Basis f\u00fcr die pers\u00f6nliche Weiterarbeit. Recht und Gesetz definieren die Grenzen unserer Kurse. Wir...Read More","og_url":"https:\/\/www.ms-pracsol.de\/?page_id=352","og_site_name":"MSPS - Schie\u00dfkurse und Waffenhandel","article_modified_time":"2025-07-21T12:07:41+00:00","twitter_card":"summary_large_image","twitter_misc":{"Gesch\u00e4tzte Lesezeit":"2 Minuten"},"schema":{"@context":"https:\/\/schema.org","@graph":[{"@type":"WebSite","@id":"https:\/\/www.ms-pracsol.de\/#website","url":"https:\/\/www.ms-pracsol.de\/","name":"MSPS - Schie\u00dfkurse und Waffenhandel","description":"Eure Kompetenz im Ruhrgebiet","potentialAction":[{"@type":"SearchAction","target":{"@type":"EntryPoint","urlTemplate":"https:\/\/www.ms-pracsol.de\/?s={search_term_string}"},"query-input":"required name=search_term_string"}],"inLanguage":"de-DE"},{"@type":"WebPage","@id":"https:\/\/www.ms-pracsol.de\/?page_id=352#webpage","url":"https:\/\/www.ms-pracsol.de\/?page_id=352","name":"Leitbild ParaCon - MSPS - Schie\u00dfkurse und Waffenhandel","isPartOf":{"@id":"https:\/\/www.ms-pracsol.de\/#website"},"datePublished":"2020-07-09T12:47:02+00:00","dateModified":"2025-07-21T12:07:41+00:00","breadcrumb":{"@id":"https:\/\/www.ms-pracsol.de\/?page_id=352#breadcrumb"},"inLanguage":"de-DE","potentialAction":[{"@type":"ReadAction","target":["https:\/\/www.ms-pracsol.de\/?page_id=352"]}]},{"@type":"BreadcrumbList","@id":"https:\/\/www.ms-pracsol.de\/?page_id=352#breadcrumb","itemListElement":[{"@type":"ListItem","position":1,"name":"Startseite","item":"https:\/\/www.ms-pracsol.de\/"},{"@type":"ListItem","position":2,"name":"Kurse und Trainings","item":"https:\/\/www.ms-pracsol.de\/?page_id=179"},{"@type":"ListItem","position":3,"name":"Leitbild ParaCon"}]}]}},"_links":{"self":[{"href":"https:\/\/www.ms-pracsol.de\/index.php?rest_route=\/wp\/v2\/pages\/352"}],"collection":[{"href":"https:\/\/www.ms-pracsol.de\/index.php?rest_route=\/wp\/v2\/pages"}],"about":[{"href":"https:\/\/www.ms-pracsol.de\/index.php?rest_route=\/wp\/v2\/types\/page"}],"author":[{"embeddable":true,"href":"https:\/\/www.ms-pracsol.de\/index.php?rest_route=\/wp\/v2\/users\/1"}],"replies":[{"embeddable":true,"href":"https:\/\/www.ms-pracsol.de\/index.php?rest_route=%2Fwp%2Fv2%2Fcomments&post=352"}],"version-history":[{"count":3,"href":"https:\/\/www.ms-pracsol.de\/index.php?rest_route=\/wp\/v2\/pages\/352\/revisions"}],"predecessor-version":[{"id":513,"href":"https:\/\/www.ms-pracsol.de\/index.php?rest_route=\/wp\/v2\/pages\/352\/revisions\/513"}],"up":[{"embeddable":true,"href":"https:\/\/www.ms-pracsol.de\/index.php?rest_route=\/wp\/v2\/pages\/179"}],"wp:attachment":[{"href":"https:\/\/www.ms-pracsol.de\/index.php?rest_route=%2Fwp%2Fv2%2Fmedia&parent=352"}],"curies":[{"name":"wp","href":"https:\/\/api.w.org\/{rel}","templated":true}]}}