{"id":350,"date":"2020-07-09T14:45:29","date_gmt":"2020-07-09T12:45:29","guid":{"rendered":"https:\/\/www.ms-pracsol.de\/?page_id=350"},"modified":"2025-07-21T14:06:19","modified_gmt":"2025-07-21T12:06:19","slug":"jaeger-2","status":"publish","type":"page","link":"https:\/\/www.ms-pracsol.de\/?page_id=350","title":{"rendered":"J\u00e4ger 2"},"content":{"rendered":"\n<p>Aufbauend auf dem Grundlagenkurs \u201eJ\u00e4ger 1\u201c erweitern wir ihre Kompetenzen in der Handhabung der Faustfeuerwaffe. Neben der Reaktivierung ihres Vorwissens hinsichtlich der vier Sicherheits-regeln und der Ersten Hilfe bei Schussverletzungen liegen die Lernziele des Kurstages auf folgenden Schwerpunkten:<\/p>\n\n\n\n<p>Am Ende des Ausbildungstages soll der Teilnehmer\u2026<\/p>\n\n\n\n<p>\u2026seine Schie\u00dftechnik hinsichtlich schneller Schussfolgen optimiert haben.<\/p>\n\n\n\n<p>\u2026eine universelle Routine zur St\u00f6rungsbeseitigung erlernt haben.<\/p>\n\n\n\n<p>&#8230; das Schie\u00dfen bei eingeschr\u00e4nkter Sicht (Dunkelheit) kennengelernt haben.<\/p>\n\n\n\n<p>\u2026den sicheren Wechsel von der Jagdlangwaffe zur Kurzwaffe einge\u00fcbt haben.<\/p>\n\n\n\n<p>Voraussetzungen:<\/p>\n\n\n\n<p>Sie sind Inhaber eines g\u00fcltigen Jagdscheines und k\u00f6rperlich einigerma\u00dfen belastbar. Den Kurs \u201eJ\u00e4ger 1\u201c oder einen vergleichbaren Grundlagenkurs haben Sie bereits erfolgreich absolviert (Nachweis erforderlich).<\/p>\n\n\n\n<p>Ihre Ausr\u00fcstung umfasst mindestens einen Geh\u00f6rschutz und eine Schutzbrille. Zudem ben\u00f6tigen Sie ihre eigene Kurzwaffe nebst 2-3 Ersatzmagazinen bzw. Speedloadern und ein dazu passendes Holster (bitte keine IPSC Schnellziehholster) sowie etwa 300 Schuss Munition.<\/p>\n\n\n\n<p>Au\u00dferdem bedarf es einer Jagdlangwaffe, einer Kompakttaschenlampe und m\u00f6glichst ihrer Jagdjacke.<\/p>\n\n\n\n<p><\/p>\n\n\n\n<p>N\u00e4chster Kurs: Aktuell haben wir keine festen Termine f\u00fcr Kurse &#8222;J\u00e4ger 2&#8220; geplant. Gerne bieten wir Ihnen einen individuellen Kurs ab einer festen Teilnehmerzahl von min. 8 Personen nach Absprache an. Gerne auch bei Ihnen vor Ort. Schreiben Sie uns dazu einfach eine Nachricht:<\/p>\n\n\n<div class=\"wp-block-jetpack-contact-form\"><a href=\"https:\/\/www.ms-pracsol.de\/?page_id=350\" target=\"_blank\" rel=\"noopener noreferrer\">Formular einreichen.<\/a><\/div>","protected":false},"excerpt":{"rendered":"<p>Aufbauend auf dem Grundlagenkurs \u201eJ\u00e4ger 1\u201c erweitern wir ihre Kompetenzen in der Handhabung der Faustfeuerwaffe. Neben der Reaktivierung ihres Vorwissens hinsichtlich der vier Sicherheits-regeln und der Ersten Hilfe bei Schussverletzungen liegen die Lernziele des Kurstages auf folgenden Schwerpunkten: Am Ende des Ausbildungstages soll der Teilnehmer\u2026 \u2026seine Schie\u00dftechnik hinsichtlich schneller Schussfolgen optimiert haben. \u2026eine universelle Routine&#8230;<\/p>\n<p class=\"more-link\"><a href=\"https:\/\/www.ms-pracsol.de\/?page_id=350\" class=\"themebutton3\">Read More<\/a><\/p>\n","protected":false},"author":1,"featured_media":0,"parent":179,"menu_order":0,"comment_status":"closed","ping_status":"closed","template":"","meta":{"spay_email":""},"yoast_head":"<!-- This site is optimized with the Yoast SEO plugin v18.7 - https:\/\/yoast.com\/wordpress\/plugins\/seo\/ -->\n<title>J\u00e4ger 2 - MSPS - Schie\u00dfkurse und Waffenhandel<\/title>\n<meta name=\"robots\" content=\"index, follow, max-snippet:-1, max-image-preview:large, max-video-preview:-1\" \/>\n<link rel=\"canonical\" href=\"https:\/\/www.ms-pracsol.de\/?page_id=350\" \/>\n<meta property=\"og:locale\" content=\"de_DE\" \/>\n<meta property=\"og:type\" content=\"article\" \/>\n<meta property=\"og:title\" content=\"J\u00e4ger 2 - MSPS - Schie\u00dfkurse und Waffenhandel\" \/>\n<meta property=\"og:description\" content=\"Aufbauend auf dem Grundlagenkurs \u201eJ\u00e4ger 1\u201c erweitern wir ihre Kompetenzen in der Handhabung der Faustfeuerwaffe. Neben der Reaktivierung ihres Vorwissens hinsichtlich der vier Sicherheits-regeln und der Ersten Hilfe bei Schussverletzungen liegen die Lernziele des Kurstages auf folgenden Schwerpunkten: Am Ende des Ausbildungstages soll der Teilnehmer\u2026 \u2026seine Schie\u00dftechnik hinsichtlich schneller Schussfolgen optimiert haben. \u2026eine universelle Routine...Read More\" \/>\n<meta property=\"og:url\" content=\"https:\/\/www.ms-pracsol.de\/?page_id=350\" \/>\n<meta property=\"og:site_name\" content=\"MSPS - Schie\u00dfkurse und Waffenhandel\" \/>\n<meta property=\"article:modified_time\" content=\"2025-07-21T12:06:19+00:00\" \/>\n<meta name=\"twitter:card\" content=\"summary_large_image\" \/>\n<meta name=\"twitter:label1\" content=\"Gesch\u00e4tzte Lesezeit\" \/>\n\t<meta name=\"twitter:data1\" content=\"2 Minuten\" \/>\n<script type=\"application\/ld+json\" class=\"yoast-schema-graph\">{\"@context\":\"https:\/\/schema.org\",\"@graph\":[{\"@type\":\"WebSite\",\"@id\":\"https:\/\/www.ms-pracsol.de\/#website\",\"url\":\"https:\/\/www.ms-pracsol.de\/\",\"name\":\"MSPS - Schie\u00dfkurse und Waffenhandel\",\"description\":\"Eure Kompetenz im Ruhrgebiet\",\"potentialAction\":[{\"@type\":\"SearchAction\",\"target\":{\"@type\":\"EntryPoint\",\"urlTemplate\":\"https:\/\/www.ms-pracsol.de\/?s={search_term_string}\"},\"query-input\":\"required name=search_term_string\"}],\"inLanguage\":\"de-DE\"},{\"@type\":\"WebPage\",\"@id\":\"https:\/\/www.ms-pracsol.de\/?page_id=350#webpage\",\"url\":\"https:\/\/www.ms-pracsol.de\/?page_id=350\",\"name\":\"J\u00e4ger 2 - MSPS - Schie\u00dfkurse und Waffenhandel\",\"isPartOf\":{\"@id\":\"https:\/\/www.ms-pracsol.de\/#website\"},\"datePublished\":\"2020-07-09T12:45:29+00:00\",\"dateModified\":\"2025-07-21T12:06:19+00:00\",\"breadcrumb\":{\"@id\":\"https:\/\/www.ms-pracsol.de\/?page_id=350#breadcrumb\"},\"inLanguage\":\"de-DE\",\"potentialAction\":[{\"@type\":\"ReadAction\",\"target\":[\"https:\/\/www.ms-pracsol.de\/?page_id=350\"]}]},{\"@type\":\"BreadcrumbList\",\"@id\":\"https:\/\/www.ms-pracsol.de\/?page_id=350#breadcrumb\",\"itemListElement\":[{\"@type\":\"ListItem\",\"position\":1,\"name\":\"Startseite\",\"item\":\"https:\/\/www.ms-pracsol.de\/\"},{\"@type\":\"ListItem\",\"position\":2,\"name\":\"Kurse und Trainings\",\"item\":\"https:\/\/www.ms-pracsol.de\/?page_id=179\"},{\"@type\":\"ListItem\",\"position\":3,\"name\":\"J\u00e4ger 2\"}]}]}<\/script>\n<!-- \/ Yoast SEO plugin. -->","yoast_head_json":{"title":"J\u00e4ger 2 - MSPS - Schie\u00dfkurse und Waffenhandel","robots":{"index":"index","follow":"follow","max-snippet":"max-snippet:-1","max-image-preview":"max-image-preview:large","max-video-preview":"max-video-preview:-1"},"canonical":"https:\/\/www.ms-pracsol.de\/?page_id=350","og_locale":"de_DE","og_type":"article","og_title":"J\u00e4ger 2 - MSPS - Schie\u00dfkurse und Waffenhandel","og_description":"Aufbauend auf dem Grundlagenkurs \u201eJ\u00e4ger 1\u201c erweitern wir ihre Kompetenzen in der Handhabung der Faustfeuerwaffe. Neben der Reaktivierung ihres Vorwissens hinsichtlich der vier Sicherheits-regeln und der Ersten Hilfe bei Schussverletzungen liegen die Lernziele des Kurstages auf folgenden Schwerpunkten: Am Ende des Ausbildungstages soll der Teilnehmer\u2026 \u2026seine Schie\u00dftechnik hinsichtlich schneller Schussfolgen optimiert haben. \u2026eine universelle Routine...Read More","og_url":"https:\/\/www.ms-pracsol.de\/?page_id=350","og_site_name":"MSPS - Schie\u00dfkurse und Waffenhandel","article_modified_time":"2025-07-21T12:06:19+00:00","twitter_card":"summary_large_image","twitter_misc":{"Gesch\u00e4tzte Lesezeit":"2 Minuten"},"schema":{"@context":"https:\/\/schema.org","@graph":[{"@type":"WebSite","@id":"https:\/\/www.ms-pracsol.de\/#website","url":"https:\/\/www.ms-pracsol.de\/","name":"MSPS - Schie\u00dfkurse und Waffenhandel","description":"Eure Kompetenz im Ruhrgebiet","potentialAction":[{"@type":"SearchAction","target":{"@type":"EntryPoint","urlTemplate":"https:\/\/www.ms-pracsol.de\/?s={search_term_string}"},"query-input":"required name=search_term_string"}],"inLanguage":"de-DE"},{"@type":"WebPage","@id":"https:\/\/www.ms-pracsol.de\/?page_id=350#webpage","url":"https:\/\/www.ms-pracsol.de\/?page_id=350","name":"J\u00e4ger 2 - MSPS - Schie\u00dfkurse und Waffenhandel","isPartOf":{"@id":"https:\/\/www.ms-pracsol.de\/#website"},"datePublished":"2020-07-09T12:45:29+00:00","dateModified":"2025-07-21T12:06:19+00:00","breadcrumb":{"@id":"https:\/\/www.ms-pracsol.de\/?page_id=350#breadcrumb"},"inLanguage":"de-DE","potentialAction":[{"@type":"ReadAction","target":["https:\/\/www.ms-pracsol.de\/?page_id=350"]}]},{"@type":"BreadcrumbList","@id":"https:\/\/www.ms-pracsol.de\/?page_id=350#breadcrumb","itemListElement":[{"@type":"ListItem","position":1,"name":"Startseite","item":"https:\/\/www.ms-pracsol.de\/"},{"@type":"ListItem","position":2,"name":"Kurse und Trainings","item":"https:\/\/www.ms-pracsol.de\/?page_id=179"},{"@type":"ListItem","position":3,"name":"J\u00e4ger 2"}]}]}},"_links":{"self":[{"href":"https:\/\/www.ms-pracsol.de\/index.php?rest_route=\/wp\/v2\/pages\/350"}],"collection":[{"href":"https:\/\/www.ms-pracsol.de\/index.php?rest_route=\/wp\/v2\/pages"}],"about":[{"href":"https:\/\/www.ms-pracsol.de\/index.php?rest_route=\/wp\/v2\/types\/page"}],"author":[{"embeddable":true,"href":"https:\/\/www.ms-pracsol.de\/index.php?rest_route=\/wp\/v2\/users\/1"}],"replies":[{"embeddable":true,"href":"https:\/\/www.ms-pracsol.de\/index.php?rest_route=%2Fwp%2Fv2%2Fcomments&post=350"}],"version-history":[{"count":4,"href":"https:\/\/www.ms-pracsol.de\/index.php?rest_route=\/wp\/v2\/pages\/350\/revisions"}],"predecessor-version":[{"id":510,"href":"https:\/\/www.ms-pracsol.de\/index.php?rest_route=\/wp\/v2\/pages\/350\/revisions\/510"}],"up":[{"embeddable":true,"href":"https:\/\/www.ms-pracsol.de\/index.php?rest_route=\/wp\/v2\/pages\/179"}],"wp:attachment":[{"href":"https:\/\/www.ms-pracsol.de\/index.php?rest_route=%2Fwp%2Fv2%2Fmedia&parent=350"}],"curies":[{"name":"wp","href":"https:\/\/api.w.org\/{rel}","templated":true}]}}