{"id":345,"date":"2020-07-09T14:23:18","date_gmt":"2020-07-09T12:23:18","guid":{"rendered":"https:\/\/www.ms-pracsol.de\/?page_id=345"},"modified":"2025-07-21T14:08:49","modified_gmt":"2025-07-21T12:08:49","slug":"team-paracon","status":"publish","type":"page","link":"https:\/\/www.ms-pracsol.de\/?page_id=345","title":{"rendered":"Team ParaCon"},"content":{"rendered":"\n<div class=\"wp-block-columns\">\n<div class=\"wp-block-column\">\n<figure class=\"wp-block-image size-large\"><img loading=\"lazy\" width=\"769\" height=\"1024\" src=\"https:\/\/i0.wp.com\/www.ms-pracsol.de\/wp-content\/uploads\/2020\/07\/IMG_1656.jpg?resize=769%2C1024&#038;ssl=1\" alt=\"\" class=\"wp-image-371\" srcset=\"https:\/\/i0.wp.com\/www.ms-pracsol.de\/wp-content\/uploads\/2020\/07\/IMG_1656-scaled.jpg?resize=769%2C1024&amp;ssl=1 769w, https:\/\/i0.wp.com\/www.ms-pracsol.de\/wp-content\/uploads\/2020\/07\/IMG_1656-scaled.jpg?resize=300%2C399&amp;ssl=1 300w, https:\/\/i0.wp.com\/www.ms-pracsol.de\/wp-content\/uploads\/2020\/07\/IMG_1656-scaled.jpg?resize=600%2C799&amp;ssl=1 600w, https:\/\/i0.wp.com\/www.ms-pracsol.de\/wp-content\/uploads\/2020\/07\/IMG_1656-scaled.jpg?resize=225%2C300&amp;ssl=1 225w, https:\/\/i0.wp.com\/www.ms-pracsol.de\/wp-content\/uploads\/2020\/07\/IMG_1656-scaled.jpg?resize=1154%2C1536&amp;ssl=1 1154w, https:\/\/i0.wp.com\/www.ms-pracsol.de\/wp-content\/uploads\/2020\/07\/IMG_1656-scaled.jpg?resize=1539%2C2048&amp;ssl=1 1539w, https:\/\/i0.wp.com\/www.ms-pracsol.de\/wp-content\/uploads\/2020\/07\/IMG_1656-scaled.jpg?w=1923&amp;ssl=1 1923w\" sizes=\"(max-width: 769px) 100vw, 769px\" data-recalc-dims=\"1\" \/><\/figure>\n\n\n\n<p><strong>Volker Neuhoff, M.Sc.<\/strong><\/p>\n\n\n\n<p>Jahrgang 1979, verheiratet und Vater von drei Kindern.<\/p>\n\n\n\n<p><br>Studierter Umweltwissenschaftler, arbeitet als Lehrer und Schulleitungsmitglied.<br>Mit dem Schie\u00dfsport verbandelt seit der Jugend, Jagdschein seit 1995.<\/p>\n\n\n\n<p><br>Er ist Wiederlader und B\u00f6llersch\u00fctze.<\/p>\n\n\n\n<p><br>Neben dem Studium sammelte er \u00fcber mehrere Jahre Einsatzerfahrung als Rettungssanit\u00e4ter im Regelrettungsdienst und in einer Einsatzeinheit des DRK.<\/p>\n<\/div>\n\n\n\n<div class=\"wp-block-column\">\n<figure class=\"wp-block-image size-large\"><img loading=\"lazy\" width=\"1024\" height=\"553\" src=\"https:\/\/i0.wp.com\/www.ms-pracsol.de\/wp-content\/uploads\/2021\/12\/IMG_20211204_200942-1-scaled-e1651941559925-1024x553.jpg?resize=1024%2C553&#038;ssl=1\" alt=\"\" class=\"wp-image-444\" srcset=\"https:\/\/i0.wp.com\/www.ms-pracsol.de\/wp-content\/uploads\/2021\/12\/IMG_20211204_200942-1-scaled-e1651941559925.jpg?resize=1024%2C553&amp;ssl=1 1024w, https:\/\/i0.wp.com\/www.ms-pracsol.de\/wp-content\/uploads\/2021\/12\/IMG_20211204_200942-1-scaled-e1651941559925.jpg?resize=300%2C162&amp;ssl=1 300w, https:\/\/i0.wp.com\/www.ms-pracsol.de\/wp-content\/uploads\/2021\/12\/IMG_20211204_200942-1-scaled-e1651941559925.jpg?resize=768%2C415&amp;ssl=1 768w, https:\/\/i0.wp.com\/www.ms-pracsol.de\/wp-content\/uploads\/2021\/12\/IMG_20211204_200942-1-scaled-e1651941559925.jpg?resize=1536%2C829&amp;ssl=1 1536w, https:\/\/i0.wp.com\/www.ms-pracsol.de\/wp-content\/uploads\/2021\/12\/IMG_20211204_200942-1-scaled-e1651941559925.jpg?resize=2048%2C1106&amp;ssl=1 2048w, https:\/\/i0.wp.com\/www.ms-pracsol.de\/wp-content\/uploads\/2021\/12\/IMG_20211204_200942-1-scaled-e1651941559925.jpg?resize=600%2C324&amp;ssl=1 600w, https:\/\/i0.wp.com\/www.ms-pracsol.de\/wp-content\/uploads\/2021\/12\/IMG_20211204_200942-1-scaled-e1651941559925.jpg?w=2340&amp;ssl=1 2340w\" sizes=\"(max-width: 1024px) 100vw, 1024px\" data-recalc-dims=\"1\" \/><\/figure>\n\n\n\n<p><strong>Andreas Schmitz, B.Sc.<\/strong><\/p>\n\n\n\n<p>Jahrgang 1984, verheiratet.<\/p>\n\n\n\n<p>Studierter Betriebswirt und examinierter Krankenpfleger. Gesch\u00e4ftsf\u00fchrer des Waffenhandelsunternehmens MS.PracSol GmbH und Inhaber von Wiederladen Ruhrgebiet, Fachhandel f\u00fcr Wiederladeausr\u00fcstung.<\/p>\n\n\n\n<p>Wiederlader, J\u00e4ger, Sportsch\u00fctze, Schie\u00dfausbilder. Regelm\u00e4\u00dfig t\u00e4tig als Ausbilder f\u00fcr Interessierte, Fortgeschrittene und Profis. <\/p>\n\n\n\n<p>Ausgebildeter Lehrbeauftragter und Ausbilder f\u00fcr Rettungsdienstpersonal. Langj\u00e4hrige Erfahrung als F\u00fchrungskraft im Katastrophenschutz und Rettungsdienst. Examinierter Krankenpfleger mit Schwerpunkt in der An\u00e4sthesie.<\/p>\n\n\n\n<p><\/p>\n<\/div>\n<\/div>\n","protected":false},"excerpt":{"rendered":"<p>Volker Neuhoff, M.Sc. Jahrgang 1979, verheiratet und Vater von drei Kindern. Studierter Umweltwissenschaftler, arbeitet als Lehrer und Schulleitungsmitglied.Mit dem Schie\u00dfsport verbandelt seit der Jugend, Jagdschein seit 1995. Er ist Wiederlader und B\u00f6llersch\u00fctze. Neben dem Studium sammelte er \u00fcber mehrere Jahre Einsatzerfahrung als Rettungssanit\u00e4ter im Regelrettungsdienst und in einer Einsatzeinheit des DRK. Andreas Schmitz, B.Sc. Jahrgang&#8230;<\/p>\n<p class=\"more-link\"><a href=\"https:\/\/www.ms-pracsol.de\/?page_id=345\" class=\"themebutton3\">Read More<\/a><\/p>\n","protected":false},"author":1,"featured_media":0,"parent":179,"menu_order":0,"comment_status":"closed","ping_status":"closed","template":"","meta":{"spay_email":""},"yoast_head":"<!-- This site is optimized with the Yoast SEO plugin v18.7 - https:\/\/yoast.com\/wordpress\/plugins\/seo\/ -->\n<title>Team ParaCon - MSPS - Schie\u00dfkurse und Waffenhandel<\/title>\n<meta name=\"robots\" content=\"index, follow, max-snippet:-1, max-image-preview:large, max-video-preview:-1\" \/>\n<link rel=\"canonical\" href=\"https:\/\/www.ms-pracsol.de\/?page_id=345\" \/>\n<meta property=\"og:locale\" content=\"de_DE\" \/>\n<meta property=\"og:type\" content=\"article\" \/>\n<meta property=\"og:title\" content=\"Team ParaCon - MSPS - Schie\u00dfkurse und Waffenhandel\" \/>\n<meta property=\"og:description\" content=\"Volker Neuhoff, M.Sc. Jahrgang 1979, verheiratet und Vater von drei Kindern. Studierter Umweltwissenschaftler, arbeitet als Lehrer und Schulleitungsmitglied.Mit dem Schie\u00dfsport verbandelt seit der Jugend, Jagdschein seit 1995. Er ist Wiederlader und B\u00f6llersch\u00fctze. Neben dem Studium sammelte er \u00fcber mehrere Jahre Einsatzerfahrung als Rettungssanit\u00e4ter im Regelrettungsdienst und in einer Einsatzeinheit des DRK. Andreas Schmitz, B.Sc. Jahrgang...Read More\" \/>\n<meta property=\"og:url\" content=\"https:\/\/www.ms-pracsol.de\/?page_id=345\" \/>\n<meta property=\"og:site_name\" content=\"MSPS - Schie\u00dfkurse und Waffenhandel\" \/>\n<meta property=\"article:modified_time\" content=\"2025-07-21T12:08:49+00:00\" \/>\n<meta property=\"og:image\" content=\"https:\/\/www.ms-pracsol.de\/wp-content\/uploads\/2020\/07\/IMG_1656-769x1024.jpg\" \/>\n<meta name=\"twitter:card\" content=\"summary_large_image\" \/>\n<meta name=\"twitter:label1\" content=\"Gesch\u00e4tzte Lesezeit\" \/>\n\t<meta name=\"twitter:data1\" content=\"2 Minuten\" \/>\n<script type=\"application\/ld+json\" class=\"yoast-schema-graph\">{\"@context\":\"https:\/\/schema.org\",\"@graph\":[{\"@type\":\"WebSite\",\"@id\":\"https:\/\/www.ms-pracsol.de\/#website\",\"url\":\"https:\/\/www.ms-pracsol.de\/\",\"name\":\"MSPS - Schie\u00dfkurse und Waffenhandel\",\"description\":\"Eure Kompetenz im Ruhrgebiet\",\"potentialAction\":[{\"@type\":\"SearchAction\",\"target\":{\"@type\":\"EntryPoint\",\"urlTemplate\":\"https:\/\/www.ms-pracsol.de\/?s={search_term_string}\"},\"query-input\":\"required name=search_term_string\"}],\"inLanguage\":\"de-DE\"},{\"@type\":\"ImageObject\",\"inLanguage\":\"de-DE\",\"@id\":\"https:\/\/www.ms-pracsol.de\/?page_id=345#primaryimage\",\"url\":\"https:\/\/www.ms-pracsol.de\/wp-content\/uploads\/2020\/07\/IMG_1656-769x1024.jpg\",\"contentUrl\":\"https:\/\/www.ms-pracsol.de\/wp-content\/uploads\/2020\/07\/IMG_1656-769x1024.jpg\"},{\"@type\":\"WebPage\",\"@id\":\"https:\/\/www.ms-pracsol.de\/?page_id=345#webpage\",\"url\":\"https:\/\/www.ms-pracsol.de\/?page_id=345\",\"name\":\"Team ParaCon - MSPS - Schie\u00dfkurse und Waffenhandel\",\"isPartOf\":{\"@id\":\"https:\/\/www.ms-pracsol.de\/#website\"},\"primaryImageOfPage\":{\"@id\":\"https:\/\/www.ms-pracsol.de\/?page_id=345#primaryimage\"},\"datePublished\":\"2020-07-09T12:23:18+00:00\",\"dateModified\":\"2025-07-21T12:08:49+00:00\",\"breadcrumb\":{\"@id\":\"https:\/\/www.ms-pracsol.de\/?page_id=345#breadcrumb\"},\"inLanguage\":\"de-DE\",\"potentialAction\":[{\"@type\":\"ReadAction\",\"target\":[\"https:\/\/www.ms-pracsol.de\/?page_id=345\"]}]},{\"@type\":\"BreadcrumbList\",\"@id\":\"https:\/\/www.ms-pracsol.de\/?page_id=345#breadcrumb\",\"itemListElement\":[{\"@type\":\"ListItem\",\"position\":1,\"name\":\"Startseite\",\"item\":\"https:\/\/www.ms-pracsol.de\/\"},{\"@type\":\"ListItem\",\"position\":2,\"name\":\"Kurse und Trainings\",\"item\":\"https:\/\/www.ms-pracsol.de\/?page_id=179\"},{\"@type\":\"ListItem\",\"position\":3,\"name\":\"Team ParaCon\"}]}]}<\/script>\n<!-- \/ Yoast SEO plugin. -->","yoast_head_json":{"title":"Team ParaCon - MSPS - Schie\u00dfkurse und Waffenhandel","robots":{"index":"index","follow":"follow","max-snippet":"max-snippet:-1","max-image-preview":"max-image-preview:large","max-video-preview":"max-video-preview:-1"},"canonical":"https:\/\/www.ms-pracsol.de\/?page_id=345","og_locale":"de_DE","og_type":"article","og_title":"Team ParaCon - MSPS - Schie\u00dfkurse und Waffenhandel","og_description":"Volker Neuhoff, M.Sc. Jahrgang 1979, verheiratet und Vater von drei Kindern. Studierter Umweltwissenschaftler, arbeitet als Lehrer und Schulleitungsmitglied.Mit dem Schie\u00dfsport verbandelt seit der Jugend, Jagdschein seit 1995. Er ist Wiederlader und B\u00f6llersch\u00fctze. Neben dem Studium sammelte er \u00fcber mehrere Jahre Einsatzerfahrung als Rettungssanit\u00e4ter im Regelrettungsdienst und in einer Einsatzeinheit des DRK. Andreas Schmitz, B.Sc. Jahrgang...Read More","og_url":"https:\/\/www.ms-pracsol.de\/?page_id=345","og_site_name":"MSPS - Schie\u00dfkurse und Waffenhandel","article_modified_time":"2025-07-21T12:08:49+00:00","og_image":[{"url":"https:\/\/www.ms-pracsol.de\/wp-content\/uploads\/2020\/07\/IMG_1656-769x1024.jpg"}],"twitter_card":"summary_large_image","twitter_misc":{"Gesch\u00e4tzte Lesezeit":"2 Minuten"},"schema":{"@context":"https:\/\/schema.org","@graph":[{"@type":"WebSite","@id":"https:\/\/www.ms-pracsol.de\/#website","url":"https:\/\/www.ms-pracsol.de\/","name":"MSPS - Schie\u00dfkurse und Waffenhandel","description":"Eure Kompetenz im Ruhrgebiet","potentialAction":[{"@type":"SearchAction","target":{"@type":"EntryPoint","urlTemplate":"https:\/\/www.ms-pracsol.de\/?s={search_term_string}"},"query-input":"required name=search_term_string"}],"inLanguage":"de-DE"},{"@type":"ImageObject","inLanguage":"de-DE","@id":"https:\/\/www.ms-pracsol.de\/?page_id=345#primaryimage","url":"https:\/\/www.ms-pracsol.de\/wp-content\/uploads\/2020\/07\/IMG_1656-769x1024.jpg","contentUrl":"https:\/\/www.ms-pracsol.de\/wp-content\/uploads\/2020\/07\/IMG_1656-769x1024.jpg"},{"@type":"WebPage","@id":"https:\/\/www.ms-pracsol.de\/?page_id=345#webpage","url":"https:\/\/www.ms-pracsol.de\/?page_id=345","name":"Team ParaCon - MSPS - Schie\u00dfkurse und Waffenhandel","isPartOf":{"@id":"https:\/\/www.ms-pracsol.de\/#website"},"primaryImageOfPage":{"@id":"https:\/\/www.ms-pracsol.de\/?page_id=345#primaryimage"},"datePublished":"2020-07-09T12:23:18+00:00","dateModified":"2025-07-21T12:08:49+00:00","breadcrumb":{"@id":"https:\/\/www.ms-pracsol.de\/?page_id=345#breadcrumb"},"inLanguage":"de-DE","potentialAction":[{"@type":"ReadAction","target":["https:\/\/www.ms-pracsol.de\/?page_id=345"]}]},{"@type":"BreadcrumbList","@id":"https:\/\/www.ms-pracsol.de\/?page_id=345#breadcrumb","itemListElement":[{"@type":"ListItem","position":1,"name":"Startseite","item":"https:\/\/www.ms-pracsol.de\/"},{"@type":"ListItem","position":2,"name":"Kurse und Trainings","item":"https:\/\/www.ms-pracsol.de\/?page_id=179"},{"@type":"ListItem","position":3,"name":"Team ParaCon"}]}]}},"_links":{"self":[{"href":"https:\/\/www.ms-pracsol.de\/index.php?rest_route=\/wp\/v2\/pages\/345"}],"collection":[{"href":"https:\/\/www.ms-pracsol.de\/index.php?rest_route=\/wp\/v2\/pages"}],"about":[{"href":"https:\/\/www.ms-pracsol.de\/index.php?rest_route=\/wp\/v2\/types\/page"}],"author":[{"embeddable":true,"href":"https:\/\/www.ms-pracsol.de\/index.php?rest_route=\/wp\/v2\/users\/1"}],"replies":[{"embeddable":true,"href":"https:\/\/www.ms-pracsol.de\/index.php?rest_route=%2Fwp%2Fv2%2Fcomments&post=345"}],"version-history":[{"count":8,"href":"https:\/\/www.ms-pracsol.de\/index.php?rest_route=\/wp\/v2\/pages\/345\/revisions"}],"predecessor-version":[{"id":515,"href":"https:\/\/www.ms-pracsol.de\/index.php?rest_route=\/wp\/v2\/pages\/345\/revisions\/515"}],"up":[{"embeddable":true,"href":"https:\/\/www.ms-pracsol.de\/index.php?rest_route=\/wp\/v2\/pages\/179"}],"wp:attachment":[{"href":"https:\/\/www.ms-pracsol.de\/index.php?rest_route=%2Fwp%2Fv2%2Fmedia&parent=345"}],"curies":[{"name":"wp","href":"https:\/\/api.w.org\/{rel}","templated":true}]}}