{"id":2,"date":"2016-05-10T03:48:21","date_gmt":"2016-05-10T03:48:21","guid":{"rendered":"http:\/\/mspracsol.de\/?page_id=2"},"modified":"2021-12-09T19:49:45","modified_gmt":"2021-12-09T18:49:45","slug":"sample-page","status":"publish","type":"page","link":"https:\/\/www.ms-pracsol.de\/?page_id=2","title":{"rendered":"Team"},"content":{"rendered":"\n<div class=\"wp-block-media-text alignwide is-stacked-on-mobile\"><figure class=\"wp-block-media-text__media\"><img src=\"https:\/\/i0.wp.com\/www.ms-pracsol.de\/wp-content\/uploads\/2021\/12\/IMG_20211204_200942-1.jpg?resize=1024%2C826&#038;ssl=1\" alt=\"\" class=\"wp-image-444 size-full\" data-recalc-dims=\"1\"\/><\/figure><div class=\"wp-block-media-text__content\">\n<p><strong>Andreas Schmitz, B.Sc.<\/strong><\/p>\n\n\n\n<p>Jahrgang 1984, verheiratet.<\/p>\n\n\n\n<p>Studierter Betriebswirt und examinierter Krankenpfleger. Gesch\u00e4ftsf\u00fchrer des Waffenhandelsunternehmens MS.PracSol GmbH und Inhaber von Wiederladen Ruhrgebiet, Fachhandel f\u00fcr Wiederladeausr\u00fcstung. Cheftrainer.<\/p>\n\n\n\n<p>Wiederlader, J\u00e4ger, Sportsch\u00fctze. Regelm\u00e4\u00dfig t\u00e4tig als Schie\u00dfausbilder f\u00fcr Interessierte, Fortgeschrittene und Profis.<\/p>\n\n\n\n<p>Regelm\u00e4\u00dfige Teilnahme an taktisches Schie\u00dfausbildungen im Rahmen von Wehr\u00fcbungen bei der Bundeswehr bis hin zum Gefechtsschiessen mit Kalibern bis 20x139mm.<\/p>\n\n\n\n<p>Ausgebildeter Lehrbeauftragter und Ausbilder f\u00fcr Rettungsdienstpersonal. Langj\u00e4hrige Erfahrung als F\u00fchrungskraft im Katastrophenschutz und Rettungsdienst. Examinierter Krankenpfleger mit Schwerpunkt in der An\u00e4sthesie.<\/p>\n<\/div><\/div>\n\n\n\n<p><\/p>\n","protected":false},"excerpt":{"rendered":"<p>Andreas Schmitz, B.Sc. Jahrgang 1984, verheiratet. Studierter Betriebswirt und examinierter Krankenpfleger. Gesch\u00e4ftsf\u00fchrer des Waffenhandelsunternehmens MS.PracSol GmbH und Inhaber von Wiederladen Ruhrgebiet, Fachhandel f\u00fcr Wiederladeausr\u00fcstung. Cheftrainer. Wiederlader, J\u00e4ger, Sportsch\u00fctze. Regelm\u00e4\u00dfig t\u00e4tig als Schie\u00dfausbilder f\u00fcr Interessierte, Fortgeschrittene und Profis. Regelm\u00e4\u00dfige Teilnahme an taktisches Schie\u00dfausbildungen im Rahmen von Wehr\u00fcbungen bei der Bundeswehr bis hin zum Gefechtsschiessen mit Kalibern&#8230;<\/p>\n<p class=\"more-link\"><a href=\"https:\/\/www.ms-pracsol.de\/?page_id=2\" class=\"themebutton3\">Read More<\/a><\/p>\n","protected":false},"author":1,"featured_media":0,"parent":0,"menu_order":9,"comment_status":"closed","ping_status":"closed","template":"","meta":{"spay_email":""},"yoast_head":"<!-- This site is optimized with the Yoast SEO plugin v18.7 - https:\/\/yoast.com\/wordpress\/plugins\/seo\/ -->\n<title>Team - MSPS - Schie\u00dfkurse und Waffenhandel<\/title>\n<meta name=\"robots\" content=\"index, follow, max-snippet:-1, max-image-preview:large, max-video-preview:-1\" \/>\n<link rel=\"canonical\" href=\"https:\/\/www.ms-pracsol.de\/?page_id=2\" \/>\n<meta property=\"og:locale\" content=\"de_DE\" \/>\n<meta property=\"og:type\" content=\"article\" \/>\n<meta property=\"og:title\" content=\"Team - MSPS - Schie\u00dfkurse und Waffenhandel\" \/>\n<meta property=\"og:description\" content=\"Andreas Schmitz, B.Sc. Jahrgang 1984, verheiratet. Studierter Betriebswirt und examinierter Krankenpfleger. Gesch\u00e4ftsf\u00fchrer des Waffenhandelsunternehmens MS.PracSol GmbH und Inhaber von Wiederladen Ruhrgebiet, Fachhandel f\u00fcr Wiederladeausr\u00fcstung. Cheftrainer. Wiederlader, J\u00e4ger, Sportsch\u00fctze. Regelm\u00e4\u00dfig t\u00e4tig als Schie\u00dfausbilder f\u00fcr Interessierte, Fortgeschrittene und Profis. Regelm\u00e4\u00dfige Teilnahme an taktisches Schie\u00dfausbildungen im Rahmen von Wehr\u00fcbungen bei der Bundeswehr bis hin zum Gefechtsschiessen mit Kalibern...Read More\" \/>\n<meta property=\"og:url\" content=\"https:\/\/www.ms-pracsol.de\/?page_id=2\" \/>\n<meta property=\"og:site_name\" content=\"MSPS - Schie\u00dfkurse und Waffenhandel\" \/>\n<meta property=\"article:modified_time\" content=\"2021-12-09T18:49:45+00:00\" \/>\n<meta property=\"og:image\" content=\"https:\/\/www.ms-pracsol.de\/wp-content\/uploads\/2021\/12\/IMG_20211204_200942-1-1024x826.jpg\" \/>\n<meta name=\"twitter:card\" content=\"summary_large_image\" \/>\n<script type=\"application\/ld+json\" class=\"yoast-schema-graph\">{\"@context\":\"https:\/\/schema.org\",\"@graph\":[{\"@type\":\"WebSite\",\"@id\":\"https:\/\/www.ms-pracsol.de\/#website\",\"url\":\"https:\/\/www.ms-pracsol.de\/\",\"name\":\"MSPS - Schie\u00dfkurse und Waffenhandel\",\"description\":\"Eure Kompetenz im Ruhrgebiet\",\"potentialAction\":[{\"@type\":\"SearchAction\",\"target\":{\"@type\":\"EntryPoint\",\"urlTemplate\":\"https:\/\/www.ms-pracsol.de\/?s={search_term_string}\"},\"query-input\":\"required name=search_term_string\"}],\"inLanguage\":\"de-DE\"},{\"@type\":\"ImageObject\",\"inLanguage\":\"de-DE\",\"@id\":\"https:\/\/www.ms-pracsol.de\/?page_id=2#primaryimage\",\"url\":\"https:\/\/www.ms-pracsol.de\/wp-content\/uploads\/2021\/12\/IMG_20211204_200942-1-1024x826.jpg\",\"contentUrl\":\"https:\/\/www.ms-pracsol.de\/wp-content\/uploads\/2021\/12\/IMG_20211204_200942-1-1024x826.jpg\"},{\"@type\":\"WebPage\",\"@id\":\"https:\/\/www.ms-pracsol.de\/?page_id=2#webpage\",\"url\":\"https:\/\/www.ms-pracsol.de\/?page_id=2\",\"name\":\"Team - MSPS - Schie\u00dfkurse und Waffenhandel\",\"isPartOf\":{\"@id\":\"https:\/\/www.ms-pracsol.de\/#website\"},\"primaryImageOfPage\":{\"@id\":\"https:\/\/www.ms-pracsol.de\/?page_id=2#primaryimage\"},\"datePublished\":\"2016-05-10T03:48:21+00:00\",\"dateModified\":\"2021-12-09T18:49:45+00:00\",\"breadcrumb\":{\"@id\":\"https:\/\/www.ms-pracsol.de\/?page_id=2#breadcrumb\"},\"inLanguage\":\"de-DE\",\"potentialAction\":[{\"@type\":\"ReadAction\",\"target\":[\"https:\/\/www.ms-pracsol.de\/?page_id=2\"]}]},{\"@type\":\"BreadcrumbList\",\"@id\":\"https:\/\/www.ms-pracsol.de\/?page_id=2#breadcrumb\",\"itemListElement\":[{\"@type\":\"ListItem\",\"position\":1,\"name\":\"Startseite\",\"item\":\"https:\/\/www.ms-pracsol.de\/\"},{\"@type\":\"ListItem\",\"position\":2,\"name\":\"Team\"}]}]}<\/script>\n<!-- \/ Yoast SEO plugin. -->","yoast_head_json":{"title":"Team - MSPS - Schie\u00dfkurse und Waffenhandel","robots":{"index":"index","follow":"follow","max-snippet":"max-snippet:-1","max-image-preview":"max-image-preview:large","max-video-preview":"max-video-preview:-1"},"canonical":"https:\/\/www.ms-pracsol.de\/?page_id=2","og_locale":"de_DE","og_type":"article","og_title":"Team - MSPS - Schie\u00dfkurse und Waffenhandel","og_description":"Andreas Schmitz, B.Sc. Jahrgang 1984, verheiratet. Studierter Betriebswirt und examinierter Krankenpfleger. Gesch\u00e4ftsf\u00fchrer des Waffenhandelsunternehmens MS.PracSol GmbH und Inhaber von Wiederladen Ruhrgebiet, Fachhandel f\u00fcr Wiederladeausr\u00fcstung. Cheftrainer. Wiederlader, J\u00e4ger, Sportsch\u00fctze. Regelm\u00e4\u00dfig t\u00e4tig als Schie\u00dfausbilder f\u00fcr Interessierte, Fortgeschrittene und Profis. Regelm\u00e4\u00dfige Teilnahme an taktisches Schie\u00dfausbildungen im Rahmen von Wehr\u00fcbungen bei der Bundeswehr bis hin zum Gefechtsschiessen mit Kalibern...Read More","og_url":"https:\/\/www.ms-pracsol.de\/?page_id=2","og_site_name":"MSPS - Schie\u00dfkurse und Waffenhandel","article_modified_time":"2021-12-09T18:49:45+00:00","og_image":[{"url":"https:\/\/www.ms-pracsol.de\/wp-content\/uploads\/2021\/12\/IMG_20211204_200942-1-1024x826.jpg"}],"twitter_card":"summary_large_image","schema":{"@context":"https:\/\/schema.org","@graph":[{"@type":"WebSite","@id":"https:\/\/www.ms-pracsol.de\/#website","url":"https:\/\/www.ms-pracsol.de\/","name":"MSPS - Schie\u00dfkurse und Waffenhandel","description":"Eure Kompetenz im Ruhrgebiet","potentialAction":[{"@type":"SearchAction","target":{"@type":"EntryPoint","urlTemplate":"https:\/\/www.ms-pracsol.de\/?s={search_term_string}"},"query-input":"required name=search_term_string"}],"inLanguage":"de-DE"},{"@type":"ImageObject","inLanguage":"de-DE","@id":"https:\/\/www.ms-pracsol.de\/?page_id=2#primaryimage","url":"https:\/\/www.ms-pracsol.de\/wp-content\/uploads\/2021\/12\/IMG_20211204_200942-1-1024x826.jpg","contentUrl":"https:\/\/www.ms-pracsol.de\/wp-content\/uploads\/2021\/12\/IMG_20211204_200942-1-1024x826.jpg"},{"@type":"WebPage","@id":"https:\/\/www.ms-pracsol.de\/?page_id=2#webpage","url":"https:\/\/www.ms-pracsol.de\/?page_id=2","name":"Team - MSPS - Schie\u00dfkurse und Waffenhandel","isPartOf":{"@id":"https:\/\/www.ms-pracsol.de\/#website"},"primaryImageOfPage":{"@id":"https:\/\/www.ms-pracsol.de\/?page_id=2#primaryimage"},"datePublished":"2016-05-10T03:48:21+00:00","dateModified":"2021-12-09T18:49:45+00:00","breadcrumb":{"@id":"https:\/\/www.ms-pracsol.de\/?page_id=2#breadcrumb"},"inLanguage":"de-DE","potentialAction":[{"@type":"ReadAction","target":["https:\/\/www.ms-pracsol.de\/?page_id=2"]}]},{"@type":"BreadcrumbList","@id":"https:\/\/www.ms-pracsol.de\/?page_id=2#breadcrumb","itemListElement":[{"@type":"ListItem","position":1,"name":"Startseite","item":"https:\/\/www.ms-pracsol.de\/"},{"@type":"ListItem","position":2,"name":"Team"}]}]}},"_links":{"self":[{"href":"https:\/\/www.ms-pracsol.de\/index.php?rest_route=\/wp\/v2\/pages\/2"}],"collection":[{"href":"https:\/\/www.ms-pracsol.de\/index.php?rest_route=\/wp\/v2\/pages"}],"about":[{"href":"https:\/\/www.ms-pracsol.de\/index.php?rest_route=\/wp\/v2\/types\/page"}],"author":[{"embeddable":true,"href":"https:\/\/www.ms-pracsol.de\/index.php?rest_route=\/wp\/v2\/users\/1"}],"replies":[{"embeddable":true,"href":"https:\/\/www.ms-pracsol.de\/index.php?rest_route=%2Fwp%2Fv2%2Fcomments&post=2"}],"version-history":[{"count":2,"href":"https:\/\/www.ms-pracsol.de\/index.php?rest_route=\/wp\/v2\/pages\/2\/revisions"}],"predecessor-version":[{"id":447,"href":"https:\/\/www.ms-pracsol.de\/index.php?rest_route=\/wp\/v2\/pages\/2\/revisions\/447"}],"wp:attachment":[{"href":"https:\/\/www.ms-pracsol.de\/index.php?rest_route=%2Fwp%2Fv2%2Fmedia&parent=2"}],"curies":[{"name":"wp","href":"https:\/\/api.w.org\/{rel}","templated":true}]}}