{"id":193,"date":"2020-06-01T10:56:24","date_gmt":"2020-06-01T10:56:24","guid":{"rendered":"https:\/\/www.ms-pracsol.de\/?page_id=193"},"modified":"2020-06-02T11:30:07","modified_gmt":"2020-06-02T11:30:07","slug":"versandkosten","status":"publish","type":"page","link":"https:\/\/www.ms-pracsol.de\/?page_id=193","title":{"rendered":"Versandkosten"},"content":{"rendered":"\n<div class=\"wp-container-3 wp-block-group\"><div class=\"wp-block-group__inner-container\">\n<div class=\"wp-container-2 wp-block-group\"><div class=\"wp-block-group__inner-container\">\n<div class=\"wp-container-1 wp-block-group\"><div class=\"wp-block-group__inner-container\">\n<p><strong>Normalversand<\/strong><\/p>\n<\/div><\/div>\n\n\n\n<p>Keine Waffen, keine Munition.<\/p>\n\n\n\n<p><strong>5,90\u20ac<\/strong> mit Hermes oder DHL nach unserer Wahl.<\/p>\n<\/div><\/div>\n<\/div><\/div>\n\n\n\n<pre class=\"wp-block-preformatted\">\n<\/pre>\n\n\n\n<p><\/p>\n\n\n\n<p><strong>Waffen<\/strong><\/p>\n\n\n\n<p>Nur mit eigenh\u00e4ndiger Zustellung. Versandkosten fallen hier nur einmal an, egal wie viele Waffen Sie bestellen.<\/p>\n\n\n\n<p><strong>11,90\u20ac<\/strong><\/p>\n\n\n\n<p>Bei  \u00dcbergabe durch den Versanddienstleister m\u00fcssen Sie ein g\u00fcltiges Ausweisdokument (Personalausweis, Reisepass) vorlegen zur Identit\u00e4tspr\u00fcfung.<\/p>\n\n\n\n<pre class=\"wp-block-preformatted\"><\/pre>\n\n\n\n<p><\/p>\n\n\n\n<p><strong>Munition<\/strong><\/p>\n\n\n\n<p>Nur als Gefahrgutversand mit eigenh\u00e4ndiger Zustellung. <\/p>\n\n\n\n<p>Je <em>angefangene <\/em>30kg: <strong>29,90\u20ac<\/strong><\/p>\n\n\n\n<p>Versand per Spedition (Paletten ab 20.000 Patronen) bitte gesondert anfragen.<\/p>\n\n\n\n<p>Nur innerhalb Deutschlands (Kein Versand auf deutsche (Halb-)Inseln).<em> Es erfolgt nur ein Zustellversuch. <\/em>Nehmen Sie die Ware nicht an oder sind Sie nicht vor Ort, wird die Ware zur\u00fcckgesendet. <em>F\u00fcr die R\u00fccksendung an uns fallen die Versandkosten dann erneut an.<\/em> Diese w\u00fcrden Ihnen dann nachberechnet.<\/p>\n\n\n\n<p>F\u00fcr die Avisierung der Lieferung <em>ben\u00f6tigen wir zwingend Ihre Telefonnummer<\/em>, sowie eine <em>Angabe \u00fcber spezifische Daten, wann Sie die Lieferung in Empfang nehmen k\u00f6nnen.<\/em><\/p>\n\n\n\n<p>Bei \u00dcbergabe durch den Versanddienstleister m\u00fcssen Sie ein g\u00fcltiges Ausweisdokument (Personalausweis, Reisepass) vorlegen zur Identit\u00e4tspr\u00fcfung.<\/p>\n\n\n\n<p><\/p>\n\n\n\n<p><\/p>\n\n\n\n<p><\/p>\n","protected":false},"excerpt":{"rendered":"<p>Normalversand Keine Waffen, keine Munition. 5,90\u20ac mit Hermes oder DHL nach unserer Wahl. Waffen Nur mit eigenh\u00e4ndiger Zustellung. Versandkosten fallen hier nur einmal an, egal wie viele Waffen Sie bestellen. 11,90\u20ac Bei \u00dcbergabe durch den Versanddienstleister m\u00fcssen Sie ein g\u00fcltiges Ausweisdokument (Personalausweis, Reisepass) vorlegen zur Identit\u00e4tspr\u00fcfung. Munition Nur als Gefahrgutversand mit eigenh\u00e4ndiger Zustellung. Je angefangene&#8230;<\/p>\n<p class=\"more-link\"><a href=\"https:\/\/www.ms-pracsol.de\/?page_id=193\" class=\"themebutton3\">Read More<\/a><\/p>\n","protected":false},"author":1,"featured_media":0,"parent":0,"menu_order":0,"comment_status":"closed","ping_status":"closed","template":"","meta":{"spay_email":""},"yoast_head":"<!-- This site is optimized with the Yoast SEO plugin v18.7 - https:\/\/yoast.com\/wordpress\/plugins\/seo\/ -->\n<title>Versandkosten - MSPS - Schie\u00dfkurse und Waffenhandel<\/title>\n<meta name=\"robots\" content=\"index, follow, max-snippet:-1, max-image-preview:large, max-video-preview:-1\" \/>\n<link rel=\"canonical\" href=\"https:\/\/www.ms-pracsol.de\/?page_id=193\" \/>\n<meta property=\"og:locale\" content=\"de_DE\" \/>\n<meta property=\"og:type\" content=\"article\" \/>\n<meta property=\"og:title\" content=\"Versandkosten - MSPS - Schie\u00dfkurse und Waffenhandel\" \/>\n<meta property=\"og:description\" content=\"Normalversand Keine Waffen, keine Munition. 5,90\u20ac mit Hermes oder DHL nach unserer Wahl. Waffen Nur mit eigenh\u00e4ndiger Zustellung. Versandkosten fallen hier nur einmal an, egal wie viele Waffen Sie bestellen. 11,90\u20ac Bei \u00dcbergabe durch den Versanddienstleister m\u00fcssen Sie ein g\u00fcltiges Ausweisdokument (Personalausweis, Reisepass) vorlegen zur Identit\u00e4tspr\u00fcfung. Munition Nur als Gefahrgutversand mit eigenh\u00e4ndiger Zustellung. Je angefangene...Read More\" \/>\n<meta property=\"og:url\" content=\"https:\/\/www.ms-pracsol.de\/?page_id=193\" \/>\n<meta property=\"og:site_name\" content=\"MSPS - Schie\u00dfkurse und Waffenhandel\" \/>\n<meta property=\"article:modified_time\" content=\"2020-06-02T11:30:07+00:00\" \/>\n<meta name=\"twitter:card\" content=\"summary_large_image\" \/>\n<meta name=\"twitter:label1\" content=\"Gesch\u00e4tzte Lesezeit\" \/>\n\t<meta name=\"twitter:data1\" content=\"1 Minute\" \/>\n<script type=\"application\/ld+json\" class=\"yoast-schema-graph\">{\"@context\":\"https:\/\/schema.org\",\"@graph\":[{\"@type\":\"WebSite\",\"@id\":\"https:\/\/www.ms-pracsol.de\/#website\",\"url\":\"https:\/\/www.ms-pracsol.de\/\",\"name\":\"MSPS - Schie\u00dfkurse und Waffenhandel\",\"description\":\"Eure Kompetenz im Ruhrgebiet\",\"potentialAction\":[{\"@type\":\"SearchAction\",\"target\":{\"@type\":\"EntryPoint\",\"urlTemplate\":\"https:\/\/www.ms-pracsol.de\/?s={search_term_string}\"},\"query-input\":\"required name=search_term_string\"}],\"inLanguage\":\"de-DE\"},{\"@type\":\"WebPage\",\"@id\":\"https:\/\/www.ms-pracsol.de\/?page_id=193#webpage\",\"url\":\"https:\/\/www.ms-pracsol.de\/?page_id=193\",\"name\":\"Versandkosten - MSPS - Schie\u00dfkurse und Waffenhandel\",\"isPartOf\":{\"@id\":\"https:\/\/www.ms-pracsol.de\/#website\"},\"datePublished\":\"2020-06-01T10:56:24+00:00\",\"dateModified\":\"2020-06-02T11:30:07+00:00\",\"breadcrumb\":{\"@id\":\"https:\/\/www.ms-pracsol.de\/?page_id=193#breadcrumb\"},\"inLanguage\":\"de-DE\",\"potentialAction\":[{\"@type\":\"ReadAction\",\"target\":[\"https:\/\/www.ms-pracsol.de\/?page_id=193\"]}]},{\"@type\":\"BreadcrumbList\",\"@id\":\"https:\/\/www.ms-pracsol.de\/?page_id=193#breadcrumb\",\"itemListElement\":[{\"@type\":\"ListItem\",\"position\":1,\"name\":\"Startseite\",\"item\":\"https:\/\/www.ms-pracsol.de\/\"},{\"@type\":\"ListItem\",\"position\":2,\"name\":\"Versandkosten\"}]}]}<\/script>\n<!-- \/ Yoast SEO plugin. -->","yoast_head_json":{"title":"Versandkosten - MSPS - Schie\u00dfkurse und Waffenhandel","robots":{"index":"index","follow":"follow","max-snippet":"max-snippet:-1","max-image-preview":"max-image-preview:large","max-video-preview":"max-video-preview:-1"},"canonical":"https:\/\/www.ms-pracsol.de\/?page_id=193","og_locale":"de_DE","og_type":"article","og_title":"Versandkosten - MSPS - Schie\u00dfkurse und Waffenhandel","og_description":"Normalversand Keine Waffen, keine Munition. 5,90\u20ac mit Hermes oder DHL nach unserer Wahl. Waffen Nur mit eigenh\u00e4ndiger Zustellung. Versandkosten fallen hier nur einmal an, egal wie viele Waffen Sie bestellen. 11,90\u20ac Bei \u00dcbergabe durch den Versanddienstleister m\u00fcssen Sie ein g\u00fcltiges Ausweisdokument (Personalausweis, Reisepass) vorlegen zur Identit\u00e4tspr\u00fcfung. Munition Nur als Gefahrgutversand mit eigenh\u00e4ndiger Zustellung. Je angefangene...Read More","og_url":"https:\/\/www.ms-pracsol.de\/?page_id=193","og_site_name":"MSPS - Schie\u00dfkurse und Waffenhandel","article_modified_time":"2020-06-02T11:30:07+00:00","twitter_card":"summary_large_image","twitter_misc":{"Gesch\u00e4tzte Lesezeit":"1 Minute"},"schema":{"@context":"https:\/\/schema.org","@graph":[{"@type":"WebSite","@id":"https:\/\/www.ms-pracsol.de\/#website","url":"https:\/\/www.ms-pracsol.de\/","name":"MSPS - Schie\u00dfkurse und Waffenhandel","description":"Eure Kompetenz im Ruhrgebiet","potentialAction":[{"@type":"SearchAction","target":{"@type":"EntryPoint","urlTemplate":"https:\/\/www.ms-pracsol.de\/?s={search_term_string}"},"query-input":"required name=search_term_string"}],"inLanguage":"de-DE"},{"@type":"WebPage","@id":"https:\/\/www.ms-pracsol.de\/?page_id=193#webpage","url":"https:\/\/www.ms-pracsol.de\/?page_id=193","name":"Versandkosten - MSPS - Schie\u00dfkurse und Waffenhandel","isPartOf":{"@id":"https:\/\/www.ms-pracsol.de\/#website"},"datePublished":"2020-06-01T10:56:24+00:00","dateModified":"2020-06-02T11:30:07+00:00","breadcrumb":{"@id":"https:\/\/www.ms-pracsol.de\/?page_id=193#breadcrumb"},"inLanguage":"de-DE","potentialAction":[{"@type":"ReadAction","target":["https:\/\/www.ms-pracsol.de\/?page_id=193"]}]},{"@type":"BreadcrumbList","@id":"https:\/\/www.ms-pracsol.de\/?page_id=193#breadcrumb","itemListElement":[{"@type":"ListItem","position":1,"name":"Startseite","item":"https:\/\/www.ms-pracsol.de\/"},{"@type":"ListItem","position":2,"name":"Versandkosten"}]}]}},"_links":{"self":[{"href":"https:\/\/www.ms-pracsol.de\/index.php?rest_route=\/wp\/v2\/pages\/193"}],"collection":[{"href":"https:\/\/www.ms-pracsol.de\/index.php?rest_route=\/wp\/v2\/pages"}],"about":[{"href":"https:\/\/www.ms-pracsol.de\/index.php?rest_route=\/wp\/v2\/types\/page"}],"author":[{"embeddable":true,"href":"https:\/\/www.ms-pracsol.de\/index.php?rest_route=\/wp\/v2\/users\/1"}],"replies":[{"embeddable":true,"href":"https:\/\/www.ms-pracsol.de\/index.php?rest_route=%2Fwp%2Fv2%2Fcomments&post=193"}],"version-history":[{"count":5,"href":"https:\/\/www.ms-pracsol.de\/index.php?rest_route=\/wp\/v2\/pages\/193\/revisions"}],"predecessor-version":[{"id":238,"href":"https:\/\/www.ms-pracsol.de\/index.php?rest_route=\/wp\/v2\/pages\/193\/revisions\/238"}],"wp:attachment":[{"href":"https:\/\/www.ms-pracsol.de\/index.php?rest_route=%2Fwp%2Fv2%2Fmedia&parent=193"}],"curies":[{"name":"wp","href":"https:\/\/api.w.org\/{rel}","templated":true}]}}