{"id":179,"date":"2020-05-30T10:48:48","date_gmt":"2020-05-30T10:48:48","guid":{"rendered":"https:\/\/www.ms-pracsol.de\/?page_id=179"},"modified":"2025-07-21T14:09:50","modified_gmt":"2025-07-21T12:09:50","slug":"kurse-und-trainings","status":"publish","type":"page","link":"https:\/\/www.ms-pracsol.de\/?page_id=179","title":{"rendered":"Kurse und Trainings"},"content":{"rendered":"\n<figure class=\"wp-block-image size-large\"><img loading=\"lazy\" width=\"1024\" height=\"243\" src=\"https:\/\/i0.wp.com\/www.ms-pracsol.de\/wp-content\/uploads\/2020\/07\/10.jpg?resize=1024%2C243&#038;ssl=1\" alt=\"ParaCon\" class=\"wp-image-341\" srcset=\"https:\/\/i0.wp.com\/www.ms-pracsol.de\/wp-content\/uploads\/2020\/07\/10-scaled.jpg?resize=1024%2C243&amp;ssl=1 1024w, https:\/\/i0.wp.com\/www.ms-pracsol.de\/wp-content\/uploads\/2020\/07\/10-scaled.jpg?resize=300%2C71&amp;ssl=1 300w, https:\/\/i0.wp.com\/www.ms-pracsol.de\/wp-content\/uploads\/2020\/07\/10-scaled.jpg?resize=600%2C142&amp;ssl=1 600w, https:\/\/i0.wp.com\/www.ms-pracsol.de\/wp-content\/uploads\/2020\/07\/10-scaled.jpg?resize=768%2C182&amp;ssl=1 768w, https:\/\/i0.wp.com\/www.ms-pracsol.de\/wp-content\/uploads\/2020\/07\/10-scaled.jpg?resize=1536%2C364&amp;ssl=1 1536w, https:\/\/i0.wp.com\/www.ms-pracsol.de\/wp-content\/uploads\/2020\/07\/10-scaled.jpg?resize=2048%2C486&amp;ssl=1 2048w, https:\/\/i0.wp.com\/www.ms-pracsol.de\/wp-content\/uploads\/2020\/07\/10-scaled.jpg?w=2340&amp;ssl=1 2340w\" sizes=\"(max-width: 1024px) 100vw, 1024px\" data-recalc-dims=\"1\" \/><\/figure>\n\n\n\n<p><\/p>\n\n\n\n<p>N\u00e4chster Kurs:<\/p>\n\n\n\n<p><a href=\"https:\/\/www.ms-pracsol.de\/?page_id=339\"><strong><em>Aktuell gibt es keine festen Termine. Termine ab Gruppengr\u00f6\u00dfe 8 PEsonen bitte anfragen. Gerne kommen wir auch direkt zu Ihnen in Ihre Region.<\/em><\/strong><\/a><\/p>\n\n\n\n<p><a href=\"https:\/\/www.ms-pracsol.de\/?page_id=339\"><strong>J\u00e4ger 1<\/strong><\/a> (Nur f\u00fcr Teilnehmer mit g\u00fcltigem JJS)<\/p>\n\n\n\n<p><\/p>\n\n\n\n<p>Gerne bieten wir auf Anfrage f\u00fcr J\u00e4ger und Sportsch\u00fctzen speziell zugeschnittene Trainings an. Kurse an Ihrem Heimatort ab 8 Teilnehmern auf Anfrage.<\/p>\n","protected":false},"excerpt":{"rendered":"<p>N\u00e4chster Kurs: Aktuell gibt es keine festen Termine. Termine ab Gruppengr\u00f6\u00dfe 8 PEsonen bitte anfragen. Gerne kommen wir auch direkt zu Ihnen in Ihre Region. J\u00e4ger 1 (Nur f\u00fcr Teilnehmer mit g\u00fcltigem JJS) Gerne bieten wir auf Anfrage f\u00fcr J\u00e4ger und Sportsch\u00fctzen speziell zugeschnittene Trainings an. Kurse an Ihrem Heimatort ab 8 Teilnehmern auf Anfrage.<\/p>\n","protected":false},"author":1,"featured_media":341,"parent":0,"menu_order":0,"comment_status":"closed","ping_status":"closed","template":"","meta":{"spay_email":""},"yoast_head":"<!-- This site is optimized with the Yoast SEO plugin v18.7 - https:\/\/yoast.com\/wordpress\/plugins\/seo\/ -->\n<title>Kurse und Trainings - MSPS - Schie\u00dfkurse und Waffenhandel<\/title>\n<meta name=\"robots\" content=\"index, follow, max-snippet:-1, max-image-preview:large, max-video-preview:-1\" \/>\n<link rel=\"canonical\" href=\"https:\/\/www.ms-pracsol.de\/?page_id=179\" \/>\n<meta property=\"og:locale\" content=\"de_DE\" \/>\n<meta property=\"og:type\" content=\"article\" \/>\n<meta property=\"og:title\" content=\"Kurse und Trainings - MSPS - Schie\u00dfkurse und Waffenhandel\" \/>\n<meta property=\"og:description\" content=\"N\u00e4chster Kurs: Aktuell gibt es keine festen Termine. Termine ab Gruppengr\u00f6\u00dfe 8 PEsonen bitte anfragen. Gerne kommen wir auch direkt zu Ihnen in Ihre Region. J\u00e4ger 1 (Nur f\u00fcr Teilnehmer mit g\u00fcltigem JJS) Gerne bieten wir auf Anfrage f\u00fcr J\u00e4ger und Sportsch\u00fctzen speziell zugeschnittene Trainings an. Kurse an Ihrem Heimatort ab 8 Teilnehmern auf Anfrage.\" \/>\n<meta property=\"og:url\" content=\"https:\/\/www.ms-pracsol.de\/?page_id=179\" \/>\n<meta property=\"og:site_name\" content=\"MSPS - Schie\u00dfkurse und Waffenhandel\" \/>\n<meta property=\"article:modified_time\" content=\"2025-07-21T12:09:50+00:00\" \/>\n<meta property=\"og:image\" content=\"https:\/\/www.ms-pracsol.de\/wp-content\/uploads\/2020\/07\/10-scaled.jpg\" \/>\n\t<meta property=\"og:image:width\" content=\"2560\" \/>\n\t<meta property=\"og:image:height\" content=\"607\" \/>\n\t<meta property=\"og:image:type\" content=\"image\/jpeg\" \/>\n<meta name=\"twitter:card\" content=\"summary_large_image\" \/>\n<meta name=\"twitter:label1\" content=\"Gesch\u00e4tzte Lesezeit\" \/>\n\t<meta name=\"twitter:data1\" content=\"1 Minute\" \/>\n<script type=\"application\/ld+json\" class=\"yoast-schema-graph\">{\"@context\":\"https:\/\/schema.org\",\"@graph\":[{\"@type\":\"WebSite\",\"@id\":\"https:\/\/www.ms-pracsol.de\/#website\",\"url\":\"https:\/\/www.ms-pracsol.de\/\",\"name\":\"MSPS - Schie\u00dfkurse und Waffenhandel\",\"description\":\"Eure Kompetenz im Ruhrgebiet\",\"potentialAction\":[{\"@type\":\"SearchAction\",\"target\":{\"@type\":\"EntryPoint\",\"urlTemplate\":\"https:\/\/www.ms-pracsol.de\/?s={search_term_string}\"},\"query-input\":\"required name=search_term_string\"}],\"inLanguage\":\"de-DE\"},{\"@type\":\"ImageObject\",\"inLanguage\":\"de-DE\",\"@id\":\"https:\/\/www.ms-pracsol.de\/?page_id=179#primaryimage\",\"url\":\"https:\/\/i0.wp.com\/www.ms-pracsol.de\/wp-content\/uploads\/2020\/07\/10-scaled.jpg?fit=2560%2C607&ssl=1\",\"contentUrl\":\"https:\/\/i0.wp.com\/www.ms-pracsol.de\/wp-content\/uploads\/2020\/07\/10-scaled.jpg?fit=2560%2C607&ssl=1\",\"width\":2560,\"height\":607,\"caption\":\"ParaCon\"},{\"@type\":\"WebPage\",\"@id\":\"https:\/\/www.ms-pracsol.de\/?page_id=179#webpage\",\"url\":\"https:\/\/www.ms-pracsol.de\/?page_id=179\",\"name\":\"Kurse und Trainings - MSPS - Schie\u00dfkurse und Waffenhandel\",\"isPartOf\":{\"@id\":\"https:\/\/www.ms-pracsol.de\/#website\"},\"primaryImageOfPage\":{\"@id\":\"https:\/\/www.ms-pracsol.de\/?page_id=179#primaryimage\"},\"datePublished\":\"2020-05-30T10:48:48+00:00\",\"dateModified\":\"2025-07-21T12:09:50+00:00\",\"breadcrumb\":{\"@id\":\"https:\/\/www.ms-pracsol.de\/?page_id=179#breadcrumb\"},\"inLanguage\":\"de-DE\",\"potentialAction\":[{\"@type\":\"ReadAction\",\"target\":[\"https:\/\/www.ms-pracsol.de\/?page_id=179\"]}]},{\"@type\":\"BreadcrumbList\",\"@id\":\"https:\/\/www.ms-pracsol.de\/?page_id=179#breadcrumb\",\"itemListElement\":[{\"@type\":\"ListItem\",\"position\":1,\"name\":\"Startseite\",\"item\":\"https:\/\/www.ms-pracsol.de\/\"},{\"@type\":\"ListItem\",\"position\":2,\"name\":\"Kurse und Trainings\"}]}]}<\/script>\n<!-- \/ Yoast SEO plugin. -->","yoast_head_json":{"title":"Kurse und Trainings - MSPS - Schie\u00dfkurse und Waffenhandel","robots":{"index":"index","follow":"follow","max-snippet":"max-snippet:-1","max-image-preview":"max-image-preview:large","max-video-preview":"max-video-preview:-1"},"canonical":"https:\/\/www.ms-pracsol.de\/?page_id=179","og_locale":"de_DE","og_type":"article","og_title":"Kurse und Trainings - MSPS - Schie\u00dfkurse und Waffenhandel","og_description":"N\u00e4chster Kurs: Aktuell gibt es keine festen Termine. Termine ab Gruppengr\u00f6\u00dfe 8 PEsonen bitte anfragen. Gerne kommen wir auch direkt zu Ihnen in Ihre Region. J\u00e4ger 1 (Nur f\u00fcr Teilnehmer mit g\u00fcltigem JJS) Gerne bieten wir auf Anfrage f\u00fcr J\u00e4ger und Sportsch\u00fctzen speziell zugeschnittene Trainings an. Kurse an Ihrem Heimatort ab 8 Teilnehmern auf Anfrage.","og_url":"https:\/\/www.ms-pracsol.de\/?page_id=179","og_site_name":"MSPS - Schie\u00dfkurse und Waffenhandel","article_modified_time":"2025-07-21T12:09:50+00:00","og_image":[{"width":2560,"height":607,"url":"https:\/\/www.ms-pracsol.de\/wp-content\/uploads\/2020\/07\/10-scaled.jpg","type":"image\/jpeg"}],"twitter_card":"summary_large_image","twitter_misc":{"Gesch\u00e4tzte Lesezeit":"1 Minute"},"schema":{"@context":"https:\/\/schema.org","@graph":[{"@type":"WebSite","@id":"https:\/\/www.ms-pracsol.de\/#website","url":"https:\/\/www.ms-pracsol.de\/","name":"MSPS - Schie\u00dfkurse und Waffenhandel","description":"Eure Kompetenz im Ruhrgebiet","potentialAction":[{"@type":"SearchAction","target":{"@type":"EntryPoint","urlTemplate":"https:\/\/www.ms-pracsol.de\/?s={search_term_string}"},"query-input":"required name=search_term_string"}],"inLanguage":"de-DE"},{"@type":"ImageObject","inLanguage":"de-DE","@id":"https:\/\/www.ms-pracsol.de\/?page_id=179#primaryimage","url":"https:\/\/i0.wp.com\/www.ms-pracsol.de\/wp-content\/uploads\/2020\/07\/10-scaled.jpg?fit=2560%2C607&ssl=1","contentUrl":"https:\/\/i0.wp.com\/www.ms-pracsol.de\/wp-content\/uploads\/2020\/07\/10-scaled.jpg?fit=2560%2C607&ssl=1","width":2560,"height":607,"caption":"ParaCon"},{"@type":"WebPage","@id":"https:\/\/www.ms-pracsol.de\/?page_id=179#webpage","url":"https:\/\/www.ms-pracsol.de\/?page_id=179","name":"Kurse und Trainings - MSPS - Schie\u00dfkurse und Waffenhandel","isPartOf":{"@id":"https:\/\/www.ms-pracsol.de\/#website"},"primaryImageOfPage":{"@id":"https:\/\/www.ms-pracsol.de\/?page_id=179#primaryimage"},"datePublished":"2020-05-30T10:48:48+00:00","dateModified":"2025-07-21T12:09:50+00:00","breadcrumb":{"@id":"https:\/\/www.ms-pracsol.de\/?page_id=179#breadcrumb"},"inLanguage":"de-DE","potentialAction":[{"@type":"ReadAction","target":["https:\/\/www.ms-pracsol.de\/?page_id=179"]}]},{"@type":"BreadcrumbList","@id":"https:\/\/www.ms-pracsol.de\/?page_id=179#breadcrumb","itemListElement":[{"@type":"ListItem","position":1,"name":"Startseite","item":"https:\/\/www.ms-pracsol.de\/"},{"@type":"ListItem","position":2,"name":"Kurse und Trainings"}]}]}},"_links":{"self":[{"href":"https:\/\/www.ms-pracsol.de\/index.php?rest_route=\/wp\/v2\/pages\/179"}],"collection":[{"href":"https:\/\/www.ms-pracsol.de\/index.php?rest_route=\/wp\/v2\/pages"}],"about":[{"href":"https:\/\/www.ms-pracsol.de\/index.php?rest_route=\/wp\/v2\/types\/page"}],"author":[{"embeddable":true,"href":"https:\/\/www.ms-pracsol.de\/index.php?rest_route=\/wp\/v2\/users\/1"}],"replies":[{"embeddable":true,"href":"https:\/\/www.ms-pracsol.de\/index.php?rest_route=%2Fwp%2Fv2%2Fcomments&post=179"}],"version-history":[{"count":5,"href":"https:\/\/www.ms-pracsol.de\/index.php?rest_route=\/wp\/v2\/pages\/179\/revisions"}],"predecessor-version":[{"id":516,"href":"https:\/\/www.ms-pracsol.de\/index.php?rest_route=\/wp\/v2\/pages\/179\/revisions\/516"}],"wp:featuredmedia":[{"embeddable":true,"href":"https:\/\/www.ms-pracsol.de\/index.php?rest_route=\/wp\/v2\/media\/341"}],"wp:attachment":[{"href":"https:\/\/www.ms-pracsol.de\/index.php?rest_route=%2Fwp%2Fv2%2Fmedia&parent=179"}],"curies":[{"name":"wp","href":"https:\/\/api.w.org\/{rel}","templated":true}]}}