{"id":164,"date":"2020-05-29T18:28:15","date_gmt":"2020-05-29T18:28:15","guid":{"rendered":"https:\/\/www.ms-pracsol.de\/?page_id=164"},"modified":"2021-02-26T10:10:07","modified_gmt":"2021-02-26T09:10:07","slug":"agb-2","status":"publish","type":"page","link":"https:\/\/www.ms-pracsol.de\/?page_id=164","title":{"rendered":"AGB"},"content":{"rendered":"\n<p><\/p>\n\n\n\n<p><\/p>\n\n\n\n<div class=\"wp-container-1 wp-block-group\"><div class=\"wp-block-group__inner-container\">\n<p><strong>Allgemeine Gesch\u00e4ftsbedingungen (AGB) und Verbraucherinformationen<\/strong><\/p>\n\n\n\n<p><em>Stand: 06\/2018<\/em><\/p>\n\n\n\n<p>Allgemeine Gesch\u00e4ftsbedingungen und Verbraucherinformationen im Rahmen von Kaufvertr\u00e4gen, die \u00fcber den Onlineshop oder eine Verkaufsplattform (z.B. eGun) zwischen MS.PracSol GmbH &#8211; im Folgenden \u201eVerk\u00e4ufer\u201c &#8211; und dem Kunden &#8211; im Folgenden \u201eKunde\u201c &#8211; geschlossen werden.<\/p>\n\n\n\n<p><strong>\u00a7 1 Geltungsbereich und allgemeine Hinweise<\/strong><\/p>\n\n\n\n<p>(1) Vorbehaltlich individueller Absprachen und Vereinbarungen, die Vorrang vor diesen AGB haben, gelten f\u00fcr die Gesch\u00e4ftsbeziehung zwischen dem Verk\u00e4ufer und dem Kunden ausschlie\u00dflich die nachfolgenden Allgemeinen Gesch\u00e4ftsbedingungen. Soweit nichts anderes vereinbart, wird der Einbeziehung von eigenen Bedingungen des Kunden widersprochen.<\/p>\n\n\n\n<p>(2) Der Kunde ist Verbraucher, soweit er den Vertrag zu Zwecken abschlie\u00dft, die \u00fcberwiegend weder seiner gewerblichen noch seiner selbst\u00e4ndigen beruflichen T\u00e4tigkeit zugerechnet werden k\u00f6nnen. Dagegen ist Unternehmer jede nat\u00fcrliche oder juristische Person oder eine rechtsf\u00e4hige<\/p>\n\n\n\n<p>Personengesellschaft, die bei Abschluss eines Rechtsgesch\u00e4fts in Aus\u00fcbung ihrer gewerblichen oder selbst\u00e4ndigen beruflichen T\u00e4tigkeit handelt.<\/p>\n\n\n\n<p><strong>\u00a7 2 Vertragsschluss<\/strong><\/p>\n\n\n\n<ul><li>Der Vertrag kommt zustande mit:<\/li><\/ul>\n\n\n\n<p>MS.PracSol GmbH<\/p>\n\n\n\n<p>Bismarckstr. 31<\/p>\n\n\n\n<p>45128 Essen<\/p>\n\n\n\n<p>(2) Die wesentlichen Merkmale der Ware ergeben sich aus der jeweiligen vom Verk\u00e4ufer eingestellten Produktbeschreibung.<\/p>\n\n\n\n<p>(3) S\u00e4mtliche Angebote in dem Onlineshop des Verk\u00e4ufers stellen lediglich eine unverbindliche<\/p>\n\n\n\n<p>Einladung an den Kunden dar, dem Verk\u00e4ufer ein entsprechendes Kaufangebot zu unterbreiten. Sobald<\/p>\n\n\n\n<p>der Verk\u00e4ufer die Bestellung des Kunden erhalten hat, wird dem Kunde zun\u00e4chst eine Best\u00e4tigung \u00fcber<\/p>\n\n\n\n<p>den seiner Bestellung beim Verk\u00e4ufer zugesandt, in der Regel per E-Mail (Bestellbest\u00e4tigung). Die<\/p>\n\n\n\n<p>Bestellbest\u00e4tigung stellt noch nicht die Annahme der Bestellung dar. Nach Eingang der Bestellung des<\/p>\n\n\n\n<p>Kunden wird der Verk\u00e4ufer diese kurzfristig pr\u00fcfen und dem Kunden innerhalb von 2 Werktagen<\/p>\n\n\n\n<p>mitteilen, ob er die Bestellung annimmt (Auftragsbest\u00e4tigung). Der Bestellvorgang in dem Onlineshop<\/p>\n\n\n\n<p>des Verk\u00e4ufers funktioniert wie folgt:<\/p>\n\n\n\n<p>(4) Der Kunde kann aus dem Sortiment des Verk\u00e4ufers Produkte ausw\u00e4hlen und diese \u00fcber den Button<\/p>\n\n\n\n<p>\u201eIn den Korb\u201c in einem so genannten Warenkorb sammeln. Durch Klick auf den Button \u201eWarenkorb\u201c<\/p>\n\n\n\n<p>erh\u00e4lt der Kunde einen \u00dcberblick \u00fcber die ausgew\u00e4hlten Produkte. \u00dcber den Button \u201eJetzt kaufen\u201c gibt<\/p>\n\n\n\n<p>er einen verbindlichen Antrag zum Kauf der im Warenkorb befindlichen Waren ab. Vor Absenden der<\/p>\n\n\n\n<p>Bestellung kann der Kunde die Daten jederzeit durch die als Pfeiltasten dargestellten<\/p>\n\n\n\n<p>Browserfunktionen \u201eZur\u00fcck\u201c und \u201eWeiter\u201c die eingegebene Bestellung sowie die eingetragenen Daten<\/p>\n\n\n\n<p>\u00e4ndern und einsehen. Der Antrag kann nur abgegeben und \u00fcbermittelt werden, wenn der Kunde durch<\/p>\n\n\n\n<p>Klicken auf den Button \u201eAGB akzeptieren\u201c diese Vertragsbedingungen akzeptiert und dadurch in seinen<\/p>\n\n\n\n<p>Antrag aufgenommen hat. Der Verk\u00e4ufer schickt daraufhin dem Kunden eine automatische<\/p>\n\n\n\n<p>Empfangsbest\u00e4tigung per E-Mail zu, in welcher die Bestellung des Kunden nochmals aufgef\u00fchrt wird und die der Kunde \u00fcber die Funktion \u201eDrucken\u201c ausdrucken kann. Die automatische<\/p>\n\n\n\n<p>Empfangsbest\u00e4tigung dokumentiert lediglich, dass die Bestellung des Kunden beim Verk\u00e4ufer<\/p>\n\n\n\n<p>eingegangen ist und stellt keine Annahme des Antrags dar. Der Vertrag kommt erst durch die Abgabe<\/p>\n\n\n\n<p>der Annahmeerkl\u00e4rung durch den Verk\u00e4ufer zustande, die mit einer gesonderten E-Mail versandt wird.<\/p>\n\n\n\n<p><strong>\u00a7 3 Vertragsgegenstand, Beschaffenheit, Lieferung, Warenverf\u00fcgbarkeit<\/strong><\/p>\n\n\n\n<p>(1) Vertragsgegenstand sind die im Rahmen der Bestellung vom Kunden spezifizierten und der Bestellund\/<\/p>\n\n\n\n<p>oder Auftragsbest\u00e4tigung genannten Waren und Dienstleistungen zu den im Onlineshop genannten<\/p>\n\n\n\n<p>Endpreisen. Fehler und Irrt\u00fcmer dort sind vorbehalten, insbesondere was die Warenverf\u00fcgbarkeit<\/p>\n\n\n\n<p>betrifft.<\/p>\n\n\n\n<p>(2) Die Beschaffenheit der bestellten Waren ergibt sich aus den Produktbeschreibungen im Onlineshop.<\/p>\n\n\n\n<p>Abbildungen auf der Internetseite geben die Produkte unter Umst\u00e4nden nur ungenau wieder;<\/p>\n\n\n\n<p>insbesondere Farben k\u00f6nnen aus technischen Gr\u00fcnden erheblich abweichen. Bilder dienen lediglich<\/p>\n\n\n\n<p>als Anschauungsmaterial und k\u00f6nnen vom Produkt abweichen. Technische Daten, Gewichts-, Ma\u00df und<\/p>\n\n\n\n<p>Leistungsbeschreibung sind so pr\u00e4zise wie m\u00f6glich angegeben, k\u00f6nnen aber die \u00fcblichen<\/p>\n\n\n\n<p>Abweichungen aufweisen. Die hier beschriebenen Eigenschaften stellen keine M\u00e4ngel der vom<\/p>\n\n\n\n<p>Verk\u00e4ufer gelieferten Produkte dar.<\/p>\n\n\n\n<p>(3) Sind zum Zeitpunkt der Bestellung des Kunden keine Exemplare des von ihm ausgew\u00e4hlten<\/p>\n\n\n\n<p>Produkts verf\u00fcgbar, so teilt der Verk\u00e4ufer dem Kunden dies in der Auftragsbest\u00e4tigung mit. Ist das<\/p>\n\n\n\n<p>Produkt dauerhaft nicht lieferbar, sieht der Verk\u00e4ufer von einer Annahmeerkl\u00e4rung ab. Ein Vertrag<\/p>\n\n\n\n<p>kommt in diesem Fall nicht zustande.<\/p>\n\n\n\n<p>(4) Ist das vom Kunden in der Bestellung bezeichnete Produkt nur vor\u00fcbergehend nicht verf\u00fcgbar, teilt<\/p>\n\n\n\n<p>der Verk\u00e4ufer dem Kunden dies ebenfalls unverz\u00fcglich in der Auftragsbest\u00e4tigung mit. Bei einer<\/p>\n\n\n\n<p>Lieferungsverz\u00f6gerung von mehr als zwei Wochen hat der Kunde das Recht, vom Vertrag<\/p>\n\n\n\n<p>zur\u00fcckzutreten. Im \u00dcbrigen ist in diesem Fall auch der Verk\u00e4ufer berechtigt, sich vom Vertrag zu l\u00f6sen.<\/p>\n\n\n\n<p>Hierbei wird er eventuell bereits geleistete Zahlungen des Kunden unverz\u00fcglich erstatten.<\/p>\n\n\n\n<p><strong>\u00a7 4 Lieferung, Preise, Versandkosten<\/strong><\/p>\n\n\n\n<p>(1) Die Auslieferung an das Versandunternehmen erfolgt sp\u00e4testens zwei Tage nach Geldeingang, bei<\/p>\n\n\n\n<p>Zahlung per Nachnahme sp\u00e4testens zwei Tage nach der Auftragsbest\u00e4tigung. Die Lieferzeit betr\u00e4gt bis<\/p>\n\n\n\n<p>zu f\u00fcnf Tage. Auf eventuell abweichende Lieferzeiten weist der Verk\u00e4ufer auf der jeweiligen<\/p>\n\n\n\n<p>Produktseite hin.<\/p>\n\n\n\n<p>(2) Die Lieferung erfolgt nur innerhalb der EU.<\/p>\n\n\n\n<p>(3) Alle Artikelpreise enthalten die gesetzliche Mehrwertsteuer. Die angegebenen Preise sind<\/p>\n\n\n\n<p>Endverkaufspreise zuz\u00fcglich Versandkosten. Der Kunde erh\u00e4lt eine Rechnung mit ausgewiesener<\/p>\n\n\n\n<p>Mehrwertsteuer.<\/p>\n\n\n\n<p><strong>\u00a7 5 Zahlung<\/strong><\/p>\n\n\n\n<p>Die Zahlung erfolgt per Vorkasse (PayPal, \u00dcberweisung) oder per Nachnahme.<\/p>\n\n\n\n<p><strong>\u00a7 6 Transportsch\u00e4den<\/strong><\/p>\n\n\n\n<p>(1) Werden Waren mit offensichtlichen Transportsch\u00e4den angeliefert, wird der Kunden gebeten, diese<\/p>\n\n\n\n<p>Fehler sofort bei dem Zusteller zu reklamieren und schnellstm\u00f6glich Kontakt zu dem Verk\u00e4ufer<\/p>\n\n\n\n<p>aufzunehmen.<\/p>\n\n\n\n<p>(2) Die Vers\u00e4umung einer Reklamation oder der Kontaktaufnahme hat f\u00fcr die gesetzlichen<\/p>\n\n\n\n<p>Gew\u00e4hrleistungsrechte des Kunden keinerlei Konsequenzen, hilft dem Verk\u00e4ufer aber, eigene<\/p>\n\n\n\n<p>Anspr\u00fcche gegen\u00fcber dem Frachtf\u00fchrer bzw. der Transportversicherung geltend machen zu k\u00f6nnen.<\/p>\n\n\n\n<p><strong>\u00a7 7 Sachm\u00e4ngelgew\u00e4hrleistung<\/strong><\/p>\n\n\n\n<p>(1) Der Anbieter haftet f\u00fcr Sachm\u00e4ngel nach den hierf\u00fcr geltenden gesetzlichen Vorschriften,<\/p>\n\n\n\n<p>insbesondere \u00a7\u00a7 434 ff BGB.<\/p>\n\n\n\n<p>(2) Eine Garantie besteht bei den vom Anbieter gelieferten Waren nur, wenn diese ausdr\u00fccklich in der<\/p>\n\n\n\n<p>Auftragsbest\u00e4tigung zu dem jeweiligen Artikel abgegeben wurde.<\/p>\n\n\n\n<p>(3) Beanstandungen und M\u00e4ngelhaf tungsanspr\u00fcche k\u00f6nnen Sie unter der in der<\/p>\n\n\n\n<p>Anbieterkennzeichnung angegebenen Adresse vorbringen.<\/p>\n\n\n\n<p><strong>\u00a7 8 Eigentumsvorbehalt<\/strong><\/p>\n\n\n\n<p>Bis zur vollst\u00e4ndigen Bezahlung verbleiben die gelieferten Waren im Eigentum des Verk\u00e4ufers.<\/p>\n\n\n\n<p><strong>\u00a7 9 Haftung<\/strong><\/p>\n\n\n\n<p>Es gelten die gesetzlichen Vorschriften.<\/p>\n\n\n\n<p><strong>\u00a7 10 Vertragstext<\/strong><\/p>\n\n\n\n<p>Der Vertragstext wird auf den internen Systemen des Verk\u00e4ufers gespeichert. Die Allgemeinen<\/p>\n\n\n\n<p>Gesch\u00e4ftsbedingungen kann der Kunde jederzeit in seinem Kundenkonto einsehen. Die Bestelldaten<\/p>\n\n\n\n<p>und die AGB werden dem Kunden per E-Mail zugesendet. Nach Abschluss der Bestellung sind die<\/p>\n\n\n\n<p>Bestelldaten aus Sicherheitsgr\u00fcnden nicht mehr \u00fcber das Internet zug\u00e4nglich.<\/p>\n\n\n\n<p><strong>\u00a7 11 Schlussbestimmungen<\/strong><\/p>\n\n\n\n<p>(1) Die Vertragssprache ist deutsch.<\/p>\n\n\n\n<p>(2) Auf Vertr\u00e4ge zwischen dem Verk\u00e4ufer und den Kunden findet das Recht der Bundesrepublik<\/p>\n\n\n\n<p>Deutschland unter Ausschluss der Gesetze \u00fcber den internationalen Kauf beweglicher Waren<\/p>\n\n\n\n<p>Anwendung. Diese Rechtswahl gilt bei Verbrauchern nur, soweit der durch zwingende Bestimmungen<\/p>\n\n\n\n<p>des Rechts des Staates des gew\u00f6hnlichen Aufenthaltes des Verbrauchers gew\u00e4hrte Schutz dem<\/p>\n\n\n\n<p>Kunden nicht entzogen wird.<\/p>\n\n\n\n<p>(3) Sofern es sich beim Kunden um einen Kaufmann, eine juristische Person des \u00f6ffentlichen Rechts<\/p>\n\n\n\n<p>oder um ein \u00f6ffentlich-rechtliches Sonderverm\u00f6gen handelt, ist Gerichtsstand f\u00fcr alle Streitigkeiten aus<\/p>\n\n\n\n<p>Vertragsverh\u00e4ltnissen zwischen dem Kunden und dem Verk\u00e4ufer der Sitz des Verk\u00e4ufers. Dies gilt<\/p>\n\n\n\n<p>auch, sofern der Kunde keinen allgemeinen Gerichtsstand in Deutschland oder der EU hat, oder sein<\/p>\n\n\n\n<p>Wohnsitz oder sein gew\u00f6hnlicher Aufenthalt im Zeitpunkt der Klageerhebung nicht bekannt ist.<\/p>\n\n\n\n<p><\/p>\n\n\n\n<p><\/p>\n\n\n\n<p>Quelle: <a rel=\"noreferrer noopener\" href=\"http:\/\/www.rechtsanwalt-metzler.de\" target=\"_blank\">http:\/\/www.rechtsanwalt-metzler.de<\/a><\/p>\n\n\n\n<p>Rechtsanwalt Metzler &#8211; Rechtsanwalt f\u00fcr Wettbewerbsrecht, Markenrecht und Urheberrecht<\/p>\n\n\n\n<p><em>(Ende der AGB)<\/em><\/p>\n<\/div><\/div>\n\n\n\n<p><\/p>\n\n\n\n<p><\/p>\n\n\n\n<div class=\"wp-container-2 wp-block-group\"><div class=\"wp-block-group__inner-container\">\n<p><strong>Widerrufsbelehrung<\/strong><\/p>\n\n\n\n<p><strong>Widerrufsrecht<\/strong><\/p>\n\n\n\n<p>Sie k\u00f6nnen Ihre Vertragserkl\u00e4rung innerhalb von 14 Tagen ohne Angabe von Gr\u00fcnden mittels einer eindeutigen Erkl\u00e4rung widerrufen. Die Frist beginnt nach Erhalt dieser Belehrung auf einem dauerhaften Datentr\u00e4ger. Zur Wahrung der Widerrufsfrist gen\u00fcgt die rechtzeitige Absendung des Widerrufs, wenn die Erkl\u00e4rung auf einem dauerhaften Datentr\u00e4ger (z. B. Brief, Telefax, E-Mail) erfolgt. Der Widerruf ist zu richten an:<\/p>\n\n\n\n<p>MS.PracSol GmbH<\/p>\n\n\n\n<p>Bismarckstr. 31<\/p>\n\n\n\n<p>45128 Essen<\/p>\n\n\n\n<p>Telefax: +49 (0)201 43 966 70<\/p>\n\n\n\n<p>Telefon: +49 (0) 160 12 666 55<\/p>\n\n\n\n<p>eMail: info@ms-pracsol.de<\/p>\n\n\n\n<p>Musterwiderrufsformular:&nbsp;<\/p>\n\n\n\n<p><strong>Widerrufsfolgen<\/strong><\/p>\n\n\n\n<p>Im Falle eines wirksamen Widerrufs sind die beiderseits empfangenen Leistungen zur\u00fcckzugew\u00e4hren (mit Ausnahme der zus\u00e4tzlichen Kosten, die sich daraus ergeben, dass Sie eine andere Art der Lieferung als die von uns angebotene, g\u00fcnstigste Standardlieferung gew\u00e4hlt haben). Sie sind zur Zahlung von Wertersatz f\u00fcr die bis zum Widerruf erbrachte Dienstleistung verpflichtet, wenn Sie vor Abgabe Ihrer Vertragserkl\u00e4rung auf diese Rechtsfolge hingewiesen wurden und ausdr\u00fccklich zugestimmt haben, dass wir vor dem Ende der Widerrufsfrist mit der Ausf\u00fchrung der Gegenleistung beginnen. Besteht eine Verpflichtung zur Zahlung von Wertersatz, kann dies dazu f\u00fchren, dass Sie die vertraglichen Zahlungsverpflichtungen f\u00fcr den Zeitraum bis zum Widerruf dennoch erf\u00fcllen m\u00fcssen. Ihr Widerrufsrecht erlischt vorzeitig, wenn der Vertrag von beiden Seiten auf Ihren ausdr\u00fccklichen Wunsch vollst\u00e4ndig erf\u00fcllt ist, bevor Sie Ihr Widerrufsrecht ausge\u00fcbt haben. Verpflichtungen zur Erstattung von Zahlungen m\u00fcssen innerhalb von 30 Tagen erf\u00fcllt werden. Die Frist beginnt f\u00fcr Sie mit der Absendung Ihrer Widerrufserkl\u00e4rung, f\u00fcr uns mit deren Empfang.<\/p>\n\n\n\n<p><strong>Besondere Hinweise<\/strong><\/p>\n\n\n\n<p>Wenn Sie diesen Vertrag durch ein Darlehen finanzieren und ihn sp\u00e4ter widerrufen, sind Sie auch an den Darlehensvertrag nicht mehr gebunden, sofern beide Vertr\u00e4ge eine wirtschaftliche Einheit bilden. Dies ist insbesondere dann anzunehmen, wenn wir gleichzeitig Ihr Darlehensgeber sind oder wenn sich Ihr Darlehensgeber im Hinblick auf die Finanzierung unserer Mitwirkung bedient. Wenn uns das Darlehen bei Wirksamwerden des Widerrufs oder bei der R\u00fcckgabe der Ware bereits zugeflossen ist, tritt Ihr Darlehensgeber im Verh\u00e4ltnis zu Ihnen hinsichtlich der Rechtsfolgen des Widerrufs oder der R\u00fcckgabe in unsere Rechte und Pflichten aus dem finanzierten Vertrag ein. Letzteres gilt nicht, wenn der vorliegende Vertrag den Erwerb von Finanzinstrumenten (z. B. von Wertpapieren, Devisen oder Derivaten) zum Gegenstand hat.<\/p>\n\n\n\n<p>Wollen Sie eine vertragliche Bindung so weitgehend wie m\u00f6glich vermeiden, machen Sie von Ihrem Widerrufsrecht Gebrauch und widerrufen Sie zudem den Darlehensvertrag, wenn Ihnen auch daf\u00fcr ein Widerrufsrecht zusteht.<\/p>\n\n\n\n<p>Bei einem finanzierten Erwerb eines Grundst\u00fccks oder eines grundst\u00fccksgleichen Rechts ist Satz 2 des vorstehenden Hinweises wie folgt zu \u00e4ndern:<\/p>\n\n\n\n<p>Dies ist nur anzunehmen, wenn die Vertragspartner in beiden Vertr\u00e4gen identisch sind oder wenn der Darlehensgeber \u00fcber die Zurverf\u00fcgungstellung von Darlehen hinaus Ihr Grundst\u00fccksgesch\u00e4ft durch Zusammenwirken mit dem Ver\u00e4u\u00dferer f\u00f6rdert, indem er sich dessen Ver\u00e4u\u00dferungsinteressen ganz oder teilweise zu eigen macht, bei der Planung, Werbung oder Durchf\u00fchrung des Projekts Funktionen des Ver\u00e4u\u00dferers \u00fcbernimmt oder den Ver\u00e4u\u00dferer einseitig beg\u00fcnstigt.<\/p>\n\n\n\n<p>Bei Widerruf dieses Vertrags sind Sie auch an einen mit diesem Vertrag zusammenh\u00e4ngenden Vertrag nicht mehr gebunden, wenn der zusammenh\u00e4ngende Vertrag eine Leistung betrifft, die von uns oder einem Dritten auf der Grundlage einer Vereinbarung zwischen uns und dem Dritten erbracht wird.<\/p>\n\n\n\n<p>Sie tragen die unmittelbaren Kosten der R\u00fccksendung der Waren.<\/p>\n\n\n\n<p>Sie m\u00fcssen f\u00fcr einen etwaigen Wertverlust der Waren nur aufkommen, wenn dieser Wertverlust auf einen zur Pr\u00fcfung der Beschaffenheit, Eigenschaften und Funktionsweise der Waren nicht notwendigen Umgang mit ihnen zur\u00fcckzuf\u00fchren ist.<\/p>\n\n\n\n<p>Ihre MS.PracSol GmbH<\/p>\n\n\n\n<p><\/p>\n<\/div><\/div>\n\n\n<p>[gzd_complaints]<\/p>\n\n\n<p><\/p>\n","protected":false},"excerpt":{"rendered":"<p>Allgemeine Gesch\u00e4ftsbedingungen (AGB) und Verbraucherinformationen Stand: 06\/2018 Allgemeine Gesch\u00e4ftsbedingungen und Verbraucherinformationen im Rahmen von Kaufvertr\u00e4gen, die \u00fcber den Onlineshop oder eine Verkaufsplattform (z.B. eGun) zwischen MS.PracSol GmbH &#8211; im Folgenden \u201eVerk\u00e4ufer\u201c &#8211; und dem Kunden &#8211; im Folgenden \u201eKunde\u201c &#8211; geschlossen werden. \u00a7 1 Geltungsbereich und allgemeine Hinweise (1) Vorbehaltlich individueller Absprachen und Vereinbarungen, die&#8230;<\/p>\n<p class=\"more-link\"><a href=\"https:\/\/www.ms-pracsol.de\/?page_id=164\" class=\"themebutton3\">Read More<\/a><\/p>\n","protected":false},"author":1,"featured_media":0,"parent":0,"menu_order":0,"comment_status":"closed","ping_status":"closed","template":"","meta":{"spay_email":""},"yoast_head":"<!-- This site is optimized with the Yoast SEO plugin v18.7 - https:\/\/yoast.com\/wordpress\/plugins\/seo\/ -->\n<title>AGB - MSPS - Schie\u00dfkurse und Waffenhandel<\/title>\n<meta name=\"robots\" content=\"index, follow, max-snippet:-1, max-image-preview:large, max-video-preview:-1\" \/>\n<link rel=\"canonical\" href=\"https:\/\/www.ms-pracsol.de\/?page_id=164\" \/>\n<meta property=\"og:locale\" content=\"de_DE\" \/>\n<meta property=\"og:type\" content=\"article\" \/>\n<meta property=\"og:title\" content=\"AGB - MSPS - Schie\u00dfkurse und Waffenhandel\" \/>\n<meta property=\"og:description\" content=\"Allgemeine Gesch\u00e4ftsbedingungen (AGB) und Verbraucherinformationen Stand: 06\/2018 Allgemeine Gesch\u00e4ftsbedingungen und Verbraucherinformationen im Rahmen von Kaufvertr\u00e4gen, die \u00fcber den Onlineshop oder eine Verkaufsplattform (z.B. eGun) zwischen MS.PracSol GmbH &#8211; im Folgenden \u201eVerk\u00e4ufer\u201c &#8211; und dem Kunden &#8211; im Folgenden \u201eKunde\u201c &#8211; geschlossen werden. \u00a7 1 Geltungsbereich und allgemeine Hinweise (1) Vorbehaltlich individueller Absprachen und Vereinbarungen, die...Read More\" \/>\n<meta property=\"og:url\" content=\"https:\/\/www.ms-pracsol.de\/?page_id=164\" \/>\n<meta property=\"og:site_name\" content=\"MSPS - Schie\u00dfkurse und Waffenhandel\" \/>\n<meta property=\"article:modified_time\" content=\"2021-02-26T09:10:07+00:00\" \/>\n<meta name=\"twitter:card\" content=\"summary_large_image\" \/>\n<meta name=\"twitter:label1\" content=\"Gesch\u00e4tzte Lesezeit\" \/>\n\t<meta name=\"twitter:data1\" content=\"9 Minuten\" \/>\n<script type=\"application\/ld+json\" class=\"yoast-schema-graph\">{\"@context\":\"https:\/\/schema.org\",\"@graph\":[{\"@type\":\"WebSite\",\"@id\":\"https:\/\/www.ms-pracsol.de\/#website\",\"url\":\"https:\/\/www.ms-pracsol.de\/\",\"name\":\"MSPS - Schie\u00dfkurse und Waffenhandel\",\"description\":\"Eure Kompetenz im Ruhrgebiet\",\"potentialAction\":[{\"@type\":\"SearchAction\",\"target\":{\"@type\":\"EntryPoint\",\"urlTemplate\":\"https:\/\/www.ms-pracsol.de\/?s={search_term_string}\"},\"query-input\":\"required name=search_term_string\"}],\"inLanguage\":\"de-DE\"},{\"@type\":\"WebPage\",\"@id\":\"https:\/\/www.ms-pracsol.de\/?page_id=164#webpage\",\"url\":\"https:\/\/www.ms-pracsol.de\/?page_id=164\",\"name\":\"AGB - MSPS - Schie\u00dfkurse und Waffenhandel\",\"isPartOf\":{\"@id\":\"https:\/\/www.ms-pracsol.de\/#website\"},\"datePublished\":\"2020-05-29T18:28:15+00:00\",\"dateModified\":\"2021-02-26T09:10:07+00:00\",\"breadcrumb\":{\"@id\":\"https:\/\/www.ms-pracsol.de\/?page_id=164#breadcrumb\"},\"inLanguage\":\"de-DE\",\"potentialAction\":[{\"@type\":\"ReadAction\",\"target\":[\"https:\/\/www.ms-pracsol.de\/?page_id=164\"]}]},{\"@type\":\"BreadcrumbList\",\"@id\":\"https:\/\/www.ms-pracsol.de\/?page_id=164#breadcrumb\",\"itemListElement\":[{\"@type\":\"ListItem\",\"position\":1,\"name\":\"Startseite\",\"item\":\"https:\/\/www.ms-pracsol.de\/\"},{\"@type\":\"ListItem\",\"position\":2,\"name\":\"AGB\"}]}]}<\/script>\n<!-- \/ Yoast SEO plugin. -->","yoast_head_json":{"title":"AGB - MSPS - Schie\u00dfkurse und Waffenhandel","robots":{"index":"index","follow":"follow","max-snippet":"max-snippet:-1","max-image-preview":"max-image-preview:large","max-video-preview":"max-video-preview:-1"},"canonical":"https:\/\/www.ms-pracsol.de\/?page_id=164","og_locale":"de_DE","og_type":"article","og_title":"AGB - MSPS - Schie\u00dfkurse und Waffenhandel","og_description":"Allgemeine Gesch\u00e4ftsbedingungen (AGB) und Verbraucherinformationen Stand: 06\/2018 Allgemeine Gesch\u00e4ftsbedingungen und Verbraucherinformationen im Rahmen von Kaufvertr\u00e4gen, die \u00fcber den Onlineshop oder eine Verkaufsplattform (z.B. eGun) zwischen MS.PracSol GmbH &#8211; im Folgenden \u201eVerk\u00e4ufer\u201c &#8211; und dem Kunden &#8211; im Folgenden \u201eKunde\u201c &#8211; geschlossen werden. \u00a7 1 Geltungsbereich und allgemeine Hinweise (1) Vorbehaltlich individueller Absprachen und Vereinbarungen, die...Read More","og_url":"https:\/\/www.ms-pracsol.de\/?page_id=164","og_site_name":"MSPS - Schie\u00dfkurse und Waffenhandel","article_modified_time":"2021-02-26T09:10:07+00:00","twitter_card":"summary_large_image","twitter_misc":{"Gesch\u00e4tzte Lesezeit":"9 Minuten"},"schema":{"@context":"https:\/\/schema.org","@graph":[{"@type":"WebSite","@id":"https:\/\/www.ms-pracsol.de\/#website","url":"https:\/\/www.ms-pracsol.de\/","name":"MSPS - Schie\u00dfkurse und Waffenhandel","description":"Eure Kompetenz im Ruhrgebiet","potentialAction":[{"@type":"SearchAction","target":{"@type":"EntryPoint","urlTemplate":"https:\/\/www.ms-pracsol.de\/?s={search_term_string}"},"query-input":"required name=search_term_string"}],"inLanguage":"de-DE"},{"@type":"WebPage","@id":"https:\/\/www.ms-pracsol.de\/?page_id=164#webpage","url":"https:\/\/www.ms-pracsol.de\/?page_id=164","name":"AGB - MSPS - Schie\u00dfkurse und Waffenhandel","isPartOf":{"@id":"https:\/\/www.ms-pracsol.de\/#website"},"datePublished":"2020-05-29T18:28:15+00:00","dateModified":"2021-02-26T09:10:07+00:00","breadcrumb":{"@id":"https:\/\/www.ms-pracsol.de\/?page_id=164#breadcrumb"},"inLanguage":"de-DE","potentialAction":[{"@type":"ReadAction","target":["https:\/\/www.ms-pracsol.de\/?page_id=164"]}]},{"@type":"BreadcrumbList","@id":"https:\/\/www.ms-pracsol.de\/?page_id=164#breadcrumb","itemListElement":[{"@type":"ListItem","position":1,"name":"Startseite","item":"https:\/\/www.ms-pracsol.de\/"},{"@type":"ListItem","position":2,"name":"AGB"}]}]}},"_links":{"self":[{"href":"https:\/\/www.ms-pracsol.de\/index.php?rest_route=\/wp\/v2\/pages\/164"}],"collection":[{"href":"https:\/\/www.ms-pracsol.de\/index.php?rest_route=\/wp\/v2\/pages"}],"about":[{"href":"https:\/\/www.ms-pracsol.de\/index.php?rest_route=\/wp\/v2\/types\/page"}],"author":[{"embeddable":true,"href":"https:\/\/www.ms-pracsol.de\/index.php?rest_route=\/wp\/v2\/users\/1"}],"replies":[{"embeddable":true,"href":"https:\/\/www.ms-pracsol.de\/index.php?rest_route=%2Fwp%2Fv2%2Fcomments&post=164"}],"version-history":[{"count":5,"href":"https:\/\/www.ms-pracsol.de\/index.php?rest_route=\/wp\/v2\/pages\/164\/revisions"}],"predecessor-version":[{"id":393,"href":"https:\/\/www.ms-pracsol.de\/index.php?rest_route=\/wp\/v2\/pages\/164\/revisions\/393"}],"wp:attachment":[{"href":"https:\/\/www.ms-pracsol.de\/index.php?rest_route=%2Fwp%2Fv2%2Fmedia&parent=164"}],"curies":[{"name":"wp","href":"https:\/\/api.w.org\/{rel}","templated":true}]}}